{"id":12091,"date":"2020-05-03T00:00:00","date_gmt":"2020-05-03T00:00:00","guid":{"rendered":"https:\/\/mwc-cmm.org\/mwc-responds-to-covid-19\/"},"modified":"2024-10-23T16:21:50","modified_gmt":"2024-10-23T16:21:50","slug":"mwc-responds-to-covid-19","status":"publish","type":"page","link":"https:\/\/mwc-cmm.org\/es\/mwc-responds-to-covid-19\/","title":{"rendered":"MWC responds to COVID-19"},"content":{"rendered":"\n<figure class=\"wp-block-image alignright size-medium\"><img decoding=\"async\" width=\"200\" height=\"300\" data-src=\"https:\/\/mwc-cmm.org\/wp-content\/uploads\/2024\/10\/20181214henk_stenversimg_4959-1-200x300.jpg\" alt=\"Women eating\" class=\"wp-image-12102 lazyload\" style=\"--smush-placeholder-width: 200px; --smush-placeholder-aspect-ratio: 200\/300;object-fit:cover\" data-srcset=\"https:\/\/mwc-cmm.org\/wp-content\/uploads\/2024\/10\/20181214henk_stenversimg_4959-1-200x300.jpg 200w, https:\/\/mwc-cmm.org\/wp-content\/uploads\/2024\/10\/20181214henk_stenversimg_4959-1-683x1024.jpg 683w, https:\/\/mwc-cmm.org\/wp-content\/uploads\/2024\/10\/20181214henk_stenversimg_4959-1-768x1152.jpg 768w, https:\/\/mwc-cmm.org\/wp-content\/uploads\/2024\/10\/20181214henk_stenversimg_4959-1-1024x1536.jpg 1024w, https:\/\/mwc-cmm.org\/wp-content\/uploads\/2024\/10\/20181214henk_stenversimg_4959-1-1365x2048.jpg 1365w, https:\/\/mwc-cmm.org\/wp-content\/uploads\/2024\/10\/20181214henk_stenversimg_4959-1-scaled.jpg 1706w\" data-sizes=\"(max-width: 200px) 100vw, 200px\" src=\"data:image\/svg+xml;base64,PHN2ZyB3aWR0aD0iMSIgaGVpZ2h0PSIxIiB4bWxucz0iaHR0cDovL3d3dy53My5vcmcvMjAwMC9zdmciPjwvc3ZnPg==\" \/><\/figure>\n\n\n\n<h2 class=\"wp-block-heading\"><a href=\"https:\/\/mwc-cmm.org\/es\/stories\/el-fondo-de-ayuda-de-la-iglesia-mundial-del-cmm-responde-las-necesidades-durante-la-pandemia\">El Fondo de Ayuda de la Iglesia Mundial del CMM responde a las necesidades durante la pandemia<\/a><\/h2>\n\n\n\n<p>En vez de ser un gran nivelador, la pandemia del COVID-19 est\u00e1 poniendo al descubierto las desigualdades sist\u00e9micas preexistentes que benefician a algunos y perjudican a otros. \u00bfC\u00f3mo puede responder la familia anabautista ante este hecho?<\/p>\n\n\n\n<p>El Congreso Mundial Menonita ha invitado a las agencias anabautistas de servicio y misiones a coordinar su respuesta financiera frente a las dificultades causadas por el&nbsp; COVID-19 las cuales son experimentadas especialmente por las iglesias miembro de escasos recursos alrededor del mundo.<\/p>\n\n\n\n<p><em>14 Mayo 202<\/em>0<\/p>\n\n\n\n<hr class=\"wp-block-separator has-alpha-channel-opacity\"\/>\n\n\n\n<h3 class=\"wp-block-heading\"><a href=\"\/node\/3921\">El CMM contin\u00faa su respuesta pastoral al COVID-19<\/a><\/h3>\n\n\n\n<figure class=\"wp-block-image\"><img decoding=\"async\" data-src=\"https:\/\/mwc-cmm.org\/wp-content\/uploads\/2024\/10\/untitled_story2.png\" alt=\"COVID-19 response fund locations\" width=\"1920\" class=\"smush-dimensions lazyload\" style=\"--smush-image-width: 1920px; --smush-image-aspect-ratio: 1920\/1080;\" src=\"data:image\/svg+xml;base64,PHN2ZyB3aWR0aD0iMSIgaGVpZ2h0PSIxIiB4bWxucz0iaHR0cDovL3d3dy53My5vcmcvMjAwMC9zdmciPjwvc3ZnPg==\" \/><\/figure>\n\n\n\n<p class=\"has-text-align-center\"><\/p>\n\n\n\n<p>En los comienzos de la pandemia del COVID-19, llegaron muchas historias de las iglesias miembro del CMM sobre la p\u00e9rdida de empleos y el hambre en sus congregaciones y comunidades debido a las medidas de confinamiento. El Congreso Mundial Menonita comenz\u00f3 a recolectar fondos para responder a las necesidades relacionadas con la pandemia dentro y a trav\u00e9s de la familia de fe.<\/p>\n\n\n\n<p>A un a\u00f1o del inicio de la pandemia, el CMM contin\u00faa bendiciendo y afirmando las organizaciones anabautista-menonitas de misi\u00f3n y servicio a la vez que ellas&nbsp; siguen llevando a cabo sus esfuerzos para responder a la pandemia en colaboraci\u00f3n con las iglesias anabautistas de alrededor del mundo.<\/p>\n\n\n\n<hr class=\"wp-block-separator has-alpha-channel-opacity\"\/>\n\n\n\n<h3 class=\"wp-block-heading\"><a href=\"https:\/\/mwc-cmm.org\/es\/node\/3849\">El fondo para la pandemia aborda las desigualdades en la iglesia mundial<\/a><\/h3>\n\n\n\n<p>En mayo del 2020, el CMM reuni\u00f3 un grupo de trabajo de organizaciones anabautistas de servicio y de misi\u00f3n para revisar las solicitudes de fondos de ayuda de las conferencias miembros del CMM en el Sur Global.<\/p>\n\n\n\n<p><em>24 Noviembre 2020<\/em><\/p>\n\n\n\n<hr class=\"wp-block-separator has-alpha-channel-opacity\"\/>\n\n\n\n<h3 class=\"wp-block-heading\"><a href=\"https:\/\/mwc-cmm.org\/es\/node\/3821\">Valientes y prudentes: Nuestra iglesias en esta epoca<\/a><\/h3>\n\n\n\n<p>\u201cLos 12 representantes regionales del CMM se re\u00fanen virtualmente cada trimestre para reflexionar sobre las dificultades y alegr\u00edas de las iglesias anabautistas en sus regiones. En nuestra \u00faltima reuni\u00f3n, compartieron las cargas y la resiliencia creativa que ven en las iglesias en respuesta al COVID-19\u201d.<\/p>\n\n\n\n<hr class=\"wp-block-separator has-alpha-channel-opacity\"\/>\n\n\n\n<h3 class=\"wp-block-heading\"><a href=\"https:\/\/mwc-cmm.org\/es\/node\/3770\">El fondo de respuesta mundial al COVID-19 ayuda a las iglesias &#8211; 3<\/a><\/h3>\n\n\n\n<p>El grupo de trabajo interinstitucional de respuesta al COVID-19 del Congreso Mundial Menonita ha aprobado 37 propuestas de ayuda con varias aprobaciones aun en proceso, incluida la ayuda para las personas menonitas en Venezuela.<\/p>\n\n\n\n<p><em>3 Septiembre 2020<\/em><\/p>\n\n\n\n<hr class=\"wp-block-separator has-alpha-channel-opacity\"\/>\n\n\n\n<h3 class=\"wp-block-heading\"><a href=\"\/node\/3713\">COVID-19 global response fund helps <\/a><a href=\"https:\/\/mwc-cmm.org\/es\/comisic3b3n-de-dic3a1conos\/stories\/el-fondo-de-respuesta-al-covid-19-del-cmm-llega-hasta-una-remota\">El Fondo de Respuesta al COVID-19 del CMM llega hasta una remota isla en Indonesia<\/a><\/h3>\n\n\n\n<p>Para las personas en la isla de Sumba, puede que la pandemia del COVID-19 no sea su principal preocupaci\u00f3n. Gracias a su ubicaci\u00f3n remota, se han confirmado menos de dos docenas de infectados en la isla hasta la fecha del 4 de agosto del 2020. Sin embargo, la comunidad ha sido devastada por el golpe econ\u00f3mico generado por los bloqueos a causa del Coronavirus.<\/p>\n\n\n\n<p><em>14 Agosto 2020<\/em><\/p>\n\n\n\n<hr class=\"wp-block-separator has-alpha-channel-opacity\"\/>\n\n\n\n<h3 class=\"wp-block-heading\"><\/h3>\n\n\n\n<hr class=\"wp-block-separator has-alpha-channel-opacity\"\/>\n\n\n\n<h3 class=\"wp-block-heading\"><a href=\"https:\/\/mwc-cmm.org\/es\/comisic3b3n-de-dic3a1conos\/stories\/el-fondo-de-respuesta-mundial-al-covid-19-ayuda-las-iglesias-0\">El fondo de respuesta mundial al COVID-19 ayuda a las iglesias &#8211; 2<\/a><\/h3>\n\n\n\n<p>\u201cLa intervenci\u00f3n de la iglesia es \u00fanica ya que no se hace solo una entrega, sino un acompa\u00f1amiento que permite caminar juntos y juntas como tambi\u00e9n alimentar el cuerpo y el alma en este tiempo en el que la desesperanza hace que muchos pierdan el sentido de vida\u201d, afirma Yanett Palacios, presidenta de la Iglesia Evang\u00e9lica Menonita de Guatemala.<\/p>\n\n\n\n<p>El&nbsp;grupo de trabajo interinstitucional&nbsp;de respuesta al COVID-19 del Congreso Mundial Menonita ha aprobado 21 propuestas de ayuda, incluyendo la de Yanett Palacios de la IEMG, una iglesia nacional en Guatemala que es miembro del CMM.<\/p>\n\n\n\n<p><em>31 Julio 2020<\/em><\/p>\n\n\n\n<hr class=\"wp-block-separator has-alpha-channel-opacity\"\/>\n\n\n\n<h3 class=\"wp-block-heading\"><a href=\"https:\/\/mwc-cmm.org\/es\/comisic3b3n-de-dic3a1conos\/stories\/el-fondo-de-respuesta-mundial-al-covid-19-ayuda-las-iglesias\">El fondo de respuesta mundial al COVID-19 ayuda a las iglesias &#8211; 1<\/a><\/h3>\n\n\n\n<p>\u201cPara las personas ser\u00e1 un reflejo de nuestro amor por Cristo; les mostrar\u00e1 que son importantes y que estamos preocupados por ellas y tambi\u00e9n pondr\u00e1 una sonrisa en sus rostros\u201d &nbsp;afirma el obispo Dr. Bijoy Kumar Roul, presidente de la Iglesia de los Hermanos en Cristo, Cuttack, Odisha, India.<\/p>\n\n\n\n<p>El grupo de&nbsp;trabajo interinstitucional de respuesta al COVID-19 del Congreso Mundial Menonita&nbsp;ha aprobado 21 propuestas de ayuda, incluyendo la del obispo Bijoy Roul de la iglesia de los Hermanos en Cristo de Odisha.<\/p>\n\n\n\n<p><em>16 Julio 2020<\/em><\/p>\n\n\n\n<hr class=\"wp-block-separator has-alpha-channel-opacity\"\/>\n\n\n\n<h3 class=\"wp-block-heading\"><a href=\"https:\/\/mwc-cmm.org\/stories\/12-considerations-you-reopen-your-church-doors\"><img decoding=\"async\" width=\"150\" height=\"200\" style=\"--smush-placeholder-width: 150px; --smush-placeholder-aspect-ratio: 150\/200;float: right;\" data-src=\"https:\/\/mwc-cmm.org\/wp-content\/uploads\/2024\/10\/50066968878_0e48bf00e4_w.jpg\" alt=\"12 considerations\" src=\"data:image\/svg+xml;base64,PHN2ZyB3aWR0aD0iMSIgaGVpZ2h0PSIxIiB4bWxucz0iaHR0cDovL3d3dy53My5vcmcvMjAwMC9zdmciPjwvc3ZnPg==\" class=\"lazyload\"><\/a><a href=\"https:\/\/mwc-cmm.org\/es\/node\/3615\">Comunidad menonita en el centro de la respuesta al COVID-19 en Kudus<\/a><\/h3>\n\n\n\n<p>Mientras el mundo se enfrenta a la pandemia del COVID-19, la comunidad menonita en Kudus, Java Central, Indonesia, se une y trabaja con el gobierno local para mitigar el riesgo y controlar la propagaci\u00f3n de los casos de COVID-19 en Kudus, una ciudad de m\u00e1s de 800.000 residentes.<\/p>\n\n\n\n<p>El hospital Mardi Rahayu fue construido en 1969 por miembros de la congregaci\u00f3n Gereja Kristen Muria Indonesia (GKMI) de Kudus despu\u00e9s de cinco a\u00f1os de dirigir una cl\u00ednica al lado del edificio de la iglesia. El hospital ha estado tratando casos de COVID-19 desde el 20 de marzo de 2020.<\/p>\n\n\n\n<p><em>19 Mayo 2020<\/em><\/p>\n\n\n\n<hr class=\"wp-block-separator has-alpha-channel-opacity\"\/>\n\n\n\n<h4 class=\"wp-block-heading\"><a href=\"https:\/\/mwc-cmm.org\/es\/stories\/12-consideraciones-antes-de-reabrir-las-puertas-del-templo\">12 consideraciones antes de reabrir las puertas del templo<\/a><\/h4>\n\n\n\n<figure class=\"wp-block-image alignright\"><a href=\"https:\/\/www.flickr.com\/photos\/mwcmm\/50067511791\"><img decoding=\"async\" data-src=\"https:\/\/live.staticflickr.com\/65535\/50067511791_e470c15188.jpg\" alt=\"12 Consideraciones Antes De Reabrir Las Puertas del Templo\" src=\"data:image\/svg+xml;base64,PHN2ZyB3aWR0aD0iMSIgaGVpZ2h0PSIxIiB4bWxucz0iaHR0cDovL3d3dy53My5vcmcvMjAwMC9zdmciPjwvc3ZnPg==\" class=\"lazyload\" \/><\/a><\/figure>\n\n\n\n<p>Cuando las pautas para quedarse en casa se flexibilicen, y las puertas de los templos y de los santuarios se vuelvan a abrir, los ministerios de la iglesia y de adoraci\u00f3n, sin duda, se ver\u00e1n diferentes a c\u00f3mo eran antes del brote del COVID-19 (coronavirus). Y as\u00ed debe ser, para que podamos mantenernos a nosotros mismos y a nuestras comunidades seguros y saludables.<\/p>\n\n\n\n<p>Pero esto significa que los pastores, pastoras y l\u00edderes de la iglesia deben prepararse para lo que ser\u00e1 la \u201cpr\u00f3xima normalidad\u201d para la congregaci\u00f3n y sus ministerios. Las siguientes son algunas cosas que deber\u00eda considerar antes de invitar a los miembros de su iglesia a retornar al templo.<\/p>\n\n\n\n<hr class=\"wp-block-separator has-alpha-channel-opacity\"\/>\n\n\n\n<h3 class=\"wp-block-heading\"><a href=\"https:\/\/mwc-cmm.org\/node\/3609\">Jesucristo: Nuestra \u00danica Esperanza<\/a><\/h3>\n\n\n\n<p>El mundo pareciera estar sin esperanza. Pero en las p\u00e1ginas de la Biblia hay una respuesta para la humanidad hoy.<\/p>\n\n\n\n<hr class=\"wp-block-separator has-alpha-channel-opacity\"\/>\n\n\n\n<h3 class=\"wp-block-heading\"><a href=\"https:\/\/mwc-cmm.org\/node\/3601\">La iglesia en tiempos del Coronavirus<\/a><\/h3>\n\n\n\n<p>Esta es una \u00e9poca profundamente desafiante para todos nosotros alrededor del mundo. El coronavirus nos ha afectado a muchos de nosotros y a nuestras comunidades, y continuar\u00e1 haci\u00e9ndolo. En tiempos de tanta adversidad, desear\u00edamos reunirnos, orar juntos, suplicar con una sola voz por sanidad y esperanza. Es m\u00e1s, queremos acercarnos en persona a los que sufren, acogi\u00e9ndolos con abrazos, comida y visitas personales. Es as\u00ed como estamos acostumbrados a mostrar el amor de Dios.<\/p>\n\n\n\n<hr class=\"wp-block-separator has-alpha-channel-opacity\"\/>\n\n\n\n<h3 class=\"wp-block-heading\"><a href=\"https:\/\/www.youtube.com\/playlist?list=PLrO98PUzjOB2OI2f16qF14iWZej1DCeBw\">Video updates from the global family<\/a><\/h3>\n\n\n\n<figure class=\"wp-block-image size-large\"><img decoding=\"async\" width=\"1024\" height=\"486\" data-src=\"https:\/\/mwc-cmm.org\/wp-content\/uploads\/2024\/10\/youtube-covi-updates-1-1024x486.png\" alt=\"A screenshot of a Youtube playlist\" class=\"wp-image-12074 lazyload\" data-srcset=\"https:\/\/mwc-cmm.org\/wp-content\/uploads\/2024\/10\/youtube-covi-updates-1-1024x486.png 1024w, https:\/\/mwc-cmm.org\/wp-content\/uploads\/2024\/10\/youtube-covi-updates-1-300x142.png 300w, https:\/\/mwc-cmm.org\/wp-content\/uploads\/2024\/10\/youtube-covi-updates-1-768x365.png 768w, https:\/\/mwc-cmm.org\/wp-content\/uploads\/2024\/10\/youtube-covi-updates-1-1536x729.png 1536w, https:\/\/mwc-cmm.org\/wp-content\/uploads\/2024\/10\/youtube-covi-updates-1-2048x972.png 2048w\" data-sizes=\"(max-width: 1024px) 100vw, 1024px\" src=\"data:image\/svg+xml;base64,PHN2ZyB3aWR0aD0iMSIgaGVpZ2h0PSIxIiB4bWxucz0iaHR0cDovL3d3dy53My5vcmcvMjAwMC9zdmciPjwvc3ZnPg==\" style=\"--smush-placeholder-width: 1024px; --smush-placeholder-aspect-ratio: 1024\/486;\" \/><\/figure>\n\n\n\n<hr class=\"wp-block-separator has-alpha-channel-opacity\"\/>\n\n\n\n<h4 class=\"wp-block-heading\"><a href=\"https:\/\/mwc-cmm.org\/node\/3539\">Llamado a orar por la familia humana<\/a><\/h4>\n\n\n\n<p>\u201cUn\u00e1monos a nuestros hermanos y hermanas en Cristo de todas las comuniones adhiriendo nuestras oraciones a las de ellos en solidaridad y fe en Jes\u00fas\u201d, invita el secretario general del Congreso Mundial Menonita C\u00e9sar Garc\u00eda.<\/p>\n\n\n\n<h4 class=\"wp-block-heading\"><a href=\"https:\/\/mwc-cmm.org\/node\/3591\">No temamos: Oraciones respecto del COVID-19<\/a><\/h4>\n\n\n\n<h4 class=\"wp-block-heading\"><a href=\"https:\/\/mwc-cmm.org\/node\/3585\">Se cancelan las reuniones de Renovaci\u00f3n 2027 y del Comit\u00e9 Ejecutivo en B.C.<\/a><\/h4>\n\n\n\n<hr class=\"wp-block-separator has-alpha-channel-opacity\"\/>\n\n\n\n<h3 class=\"wp-block-heading\"><strong>Abril 2020:<\/strong><\/h3>\n\n\n\n<p>Somos conscientes de que hay muchas personas \u2013 m\u00e9dicos, enfermeras, miembros de la familia, amigos \u2013 que est\u00e1n cuidando a quienes padecen esta enfermedad contagiosa. Damos gracias por su entrega y oramos por su seguridad y por energ\u00eda continua para ellos. Oramos que el Resucitado est\u00e9 ah\u00ed al lado de las camillas, en el hospital, junto con ellos.<\/p>\n\n\n\n<p>Tambi\u00e9n tenemos presentes a aquellos dentro de nuestra familia mundial para quienes el distanciamiento f\u00edsico es imposible. Oramos por la protecci\u00f3n compasiva de Dios para ellos.<\/p>\n\n\n\n<p>Que esta crisis global nos acerque m\u00e1s a Dios y que nos acerquemos m\u00e1s los unos a los otros. Que podamos encontrar maneras de mostrar y dar testimonio del amor de Dios en Jesucristo. Y que tengamos la valent\u00eda de ser el Cuerpo del Resucitado en esta hora de sufrimiento de nuestro mundo.<\/p>\n\n\n\n<h3 class=\"wp-block-heading\"><strong>Febrero 2020:<\/strong><\/h3>\n\n\n\n<p>El Congreso Mundial Menonita hace un llamado a las congregaciones anabautistas y menonitas de todo el mundo a unirse en oraci\u00f3n y a tomar medidas de precauci\u00f3n en la iglesia. Oremos por las personas que est\u00e1n aisladas, asustadas o enfermas, especialmente en Wuhan, la provincia de Hubei y en China continental. Oremos por sabidur\u00eda para el gobierno chino y para las autoridades de salud quienes trabajan para contener el brote, y por valent\u00eda, compasi\u00f3n y seguridad para los trabajadores de la salud quienes trabajan incansablemente para salvar vidas. El CMM tambi\u00e9n pide oraci\u00f3n por sabidur\u00eda para todos los gobiernos y autoridades de la salud que est\u00e1n trabajando para prevenir la propagaci\u00f3n del virus. Que puedan actuar con compasi\u00f3n y precauci\u00f3n.<\/p>\n","protected":false},"excerpt":{"rendered":"<p>El Fondo de Ayuda de la Iglesia Mundial del CMM responde a las necesidades durante la pandemia En vez de ser un gran nivelador, la pandemia del COVID-19 est\u00e1 poniendo al descubierto las desigualdades sist\u00e9micas preexistentes que benefician a algunos y perjudican a otros. \u00bfC\u00f3mo puede responder la familia anabautista ante este hecho? El Congreso [&hellip;]<\/p>\n","protected":false},"author":1,"featured_media":0,"parent":0,"menu_order":0,"comment_status":"closed","ping_status":"closed","template":"","meta":{"_acf_changed":false,"footnotes":""},"class_list":["post-12091","page","type-page","status-publish","hentry"],"acf":[],"yoast_head":"<!-- This site is optimized with the Yoast SEO plugin v27.5 - https:\/\/yoast.com\/product\/yoast-seo-wordpress\/ -->\n<title>MWC responds to COVID-19 - Mennonite World Conference<\/title>\n<meta name=\"robots\" content=\"index, follow, max-snippet:-1, max-image-preview:large, max-video-preview:-1\" \/>\n<link rel=\"canonical\" href=\"https:\/\/mwc-cmm.org\/en\/mwc-responds-to-covid-19\/\" \/>\n<meta property=\"og:locale\" content=\"es_ES\" \/>\n<meta property=\"og:type\" content=\"article\" \/>\n<meta property=\"og:title\" content=\"MWC responds to COVID-19 - Mennonite World Conference\" \/>\n<meta property=\"og:description\" content=\"El Fondo de Ayuda de la Iglesia Mundial del CMM responde a las necesidades durante la pandemia En vez de ser un gran nivelador, la pandemia del COVID-19 est\u00e1 poniendo al descubierto las desigualdades sist\u00e9micas preexistentes que benefician a algunos y perjudican a otros. \u00bfC\u00f3mo puede responder la familia anabautista ante este hecho? El Congreso [&hellip;]\" \/>\n<meta property=\"og:url\" content=\"https:\/\/mwc-cmm.org\/en\/mwc-responds-to-covid-19\/\" \/>\n<meta property=\"og:site_name\" content=\"Mennonite World Conference\" \/>\n<meta property=\"article:publisher\" content=\"https:\/\/www.facebook.com\/MennoniteWorldConference\" \/>\n<meta property=\"article:modified_time\" content=\"2024-10-23T16:21:50+00:00\" \/>\n<meta property=\"og:image\" content=\"https:\/\/mwc-cmm.org\/wp-content\/uploads\/2024\/10\/20181214henk_stenversimg_4959-1-scaled.jpg\" \/>\n\t<meta property=\"og:image:width\" content=\"1706\" \/>\n\t<meta property=\"og:image:height\" content=\"2560\" \/>\n\t<meta property=\"og:image:type\" content=\"image\/jpeg\" \/>\n<script type=\"application\/ld+json\" class=\"yoast-schema-graph\">{\"@context\":\"https:\\\/\\\/schema.org\",\"@graph\":[{\"@type\":\"WebPage\",\"@id\":\"https:\\\/\\\/mwc-cmm.org\\\/en\\\/mwc-responds-to-covid-19\\\/\",\"url\":\"https:\\\/\\\/mwc-cmm.org\\\/en\\\/mwc-responds-to-covid-19\\\/\",\"name\":\"MWC responds to COVID-19 - Mennonite World Conference\",\"isPartOf\":{\"@id\":\"https:\\\/\\\/mwc-cmm.org\\\/en\\\/#website\"},\"primaryImageOfPage\":{\"@id\":\"https:\\\/\\\/mwc-cmm.org\\\/en\\\/mwc-responds-to-covid-19\\\/#primaryimage\"},\"image\":{\"@id\":\"https:\\\/\\\/mwc-cmm.org\\\/en\\\/mwc-responds-to-covid-19\\\/#primaryimage\"},\"thumbnailUrl\":\"https:\\\/\\\/mwc-cmm.org\\\/wp-content\\\/uploads\\\/2024\\\/10\\\/20181214henk_stenversimg_4959-1-200x300.jpg\",\"datePublished\":\"2020-05-03T00:00:00+00:00\",\"dateModified\":\"2024-10-23T16:21:50+00:00\",\"breadcrumb\":{\"@id\":\"https:\\\/\\\/mwc-cmm.org\\\/en\\\/mwc-responds-to-covid-19\\\/#breadcrumb\"},\"inLanguage\":\"es\",\"potentialAction\":[{\"@type\":\"ReadAction\",\"target\":[\"https:\\\/\\\/mwc-cmm.org\\\/en\\\/mwc-responds-to-covid-19\\\/\"]}]},{\"@type\":\"ImageObject\",\"inLanguage\":\"es\",\"@id\":\"https:\\\/\\\/mwc-cmm.org\\\/en\\\/mwc-responds-to-covid-19\\\/#primaryimage\",\"url\":\"https:\\\/\\\/mwc-cmm.org\\\/wp-content\\\/uploads\\\/2024\\\/10\\\/20181214henk_stenversimg_4959-1-200x300.jpg\",\"contentUrl\":\"https:\\\/\\\/mwc-cmm.org\\\/wp-content\\\/uploads\\\/2024\\\/10\\\/20181214henk_stenversimg_4959-1-200x300.jpg\"},{\"@type\":\"BreadcrumbList\",\"@id\":\"https:\\\/\\\/mwc-cmm.org\\\/en\\\/mwc-responds-to-covid-19\\\/#breadcrumb\",\"itemListElement\":[{\"@type\":\"ListItem\",\"position\":1,\"name\":\"Home\",\"item\":\"https:\\\/\\\/mwc-cmm.org\\\/es\\\/\"},{\"@type\":\"ListItem\",\"position\":2,\"name\":\"MWC responds to COVID-19\"}]},{\"@type\":\"WebSite\",\"@id\":\"https:\\\/\\\/mwc-cmm.org\\\/en\\\/#website\",\"url\":\"https:\\\/\\\/mwc-cmm.org\\\/en\\\/\",\"name\":\"Mennonite World Conference\",\"description\":\"A communion of Anabaptist-related churches\",\"publisher\":{\"@id\":\"https:\\\/\\\/mwc-cmm.org\\\/en\\\/#organization\"},\"alternateName\":\"MWC\",\"potentialAction\":[{\"@type\":\"SearchAction\",\"target\":{\"@type\":\"EntryPoint\",\"urlTemplate\":\"https:\\\/\\\/mwc-cmm.org\\\/en\\\/?s={search_term_string}\"},\"query-input\":{\"@type\":\"PropertyValueSpecification\",\"valueRequired\":true,\"valueName\":\"search_term_string\"}}],\"inLanguage\":\"es\"},{\"@type\":\"Organization\",\"@id\":\"https:\\\/\\\/mwc-cmm.org\\\/en\\\/#organization\",\"name\":\"Mennonite World Conference\",\"alternateName\":\"MWC\",\"url\":\"https:\\\/\\\/mwc-cmm.org\\\/en\\\/\",\"logo\":{\"@type\":\"ImageObject\",\"inLanguage\":\"es\",\"@id\":\"https:\\\/\\\/mwc-cmm.org\\\/en\\\/#\\\/schema\\\/logo\\\/image\\\/\",\"url\":\"https:\\\/\\\/mwc-cmm.org\\\/wp-content\\\/uploads\\\/2026\\\/01\\\/MWC_Sig_Blue_Horiz_webheader1-logo.svg\",\"contentUrl\":\"https:\\\/\\\/mwc-cmm.org\\\/wp-content\\\/uploads\\\/2026\\\/01\\\/MWC_Sig_Blue_Horiz_webheader1-logo.svg\",\"width\":786,\"height\":82,\"caption\":\"Mennonite World Conference\"},\"image\":{\"@id\":\"https:\\\/\\\/mwc-cmm.org\\\/en\\\/#\\\/schema\\\/logo\\\/image\\\/\"},\"sameAs\":[\"https:\\\/\\\/www.facebook.com\\\/MennoniteWorldConference\",\"https:\\\/\\\/www.linkedin.com\\\/company\\\/mennonite-world-conference-mwc\\\/\",\"https:\\\/\\\/www.instagram.com\\\/mwcmm\\\/\",\"https:\\\/\\\/www.youtube.com\\\/user\\\/mwccmm\",\"https:\\\/\\\/bsky.app\\\/profile\\\/mwcmm.bsky.social\"]}]}<\/script>\n<!-- \/ Yoast SEO plugin. -->","yoast_head_json":{"title":"MWC responds to COVID-19 - Mennonite World Conference","robots":{"index":"index","follow":"follow","max-snippet":"max-snippet:-1","max-image-preview":"max-image-preview:large","max-video-preview":"max-video-preview:-1"},"canonical":"https:\/\/mwc-cmm.org\/en\/mwc-responds-to-covid-19\/","og_locale":"es_ES","og_type":"article","og_title":"MWC responds to COVID-19 - Mennonite World Conference","og_description":"El Fondo de Ayuda de la Iglesia Mundial del CMM responde a las necesidades durante la pandemia En vez de ser un gran nivelador, la pandemia del COVID-19 est\u00e1 poniendo al descubierto las desigualdades sist\u00e9micas preexistentes que benefician a algunos y perjudican a otros. \u00bfC\u00f3mo puede responder la familia anabautista ante este hecho? El Congreso [&hellip;]","og_url":"https:\/\/mwc-cmm.org\/en\/mwc-responds-to-covid-19\/","og_site_name":"Mennonite World Conference","article_publisher":"https:\/\/www.facebook.com\/MennoniteWorldConference","article_modified_time":"2024-10-23T16:21:50+00:00","og_image":[{"width":1706,"height":2560,"url":"https:\/\/mwc-cmm.org\/wp-content\/uploads\/2024\/10\/20181214henk_stenversimg_4959-1-scaled.jpg","type":"image\/jpeg"}],"schema":{"@context":"https:\/\/schema.org","@graph":[{"@type":"WebPage","@id":"https:\/\/mwc-cmm.org\/en\/mwc-responds-to-covid-19\/","url":"https:\/\/mwc-cmm.org\/en\/mwc-responds-to-covid-19\/","name":"MWC responds to COVID-19 - Mennonite World Conference","isPartOf":{"@id":"https:\/\/mwc-cmm.org\/en\/#website"},"primaryImageOfPage":{"@id":"https:\/\/mwc-cmm.org\/en\/mwc-responds-to-covid-19\/#primaryimage"},"image":{"@id":"https:\/\/mwc-cmm.org\/en\/mwc-responds-to-covid-19\/#primaryimage"},"thumbnailUrl":"https:\/\/mwc-cmm.org\/wp-content\/uploads\/2024\/10\/20181214henk_stenversimg_4959-1-200x300.jpg","datePublished":"2020-05-03T00:00:00+00:00","dateModified":"2024-10-23T16:21:50+00:00","breadcrumb":{"@id":"https:\/\/mwc-cmm.org\/en\/mwc-responds-to-covid-19\/#breadcrumb"},"inLanguage":"es","potentialAction":[{"@type":"ReadAction","target":["https:\/\/mwc-cmm.org\/en\/mwc-responds-to-covid-19\/"]}]},{"@type":"ImageObject","inLanguage":"es","@id":"https:\/\/mwc-cmm.org\/en\/mwc-responds-to-covid-19\/#primaryimage","url":"https:\/\/mwc-cmm.org\/wp-content\/uploads\/2024\/10\/20181214henk_stenversimg_4959-1-200x300.jpg","contentUrl":"https:\/\/mwc-cmm.org\/wp-content\/uploads\/2024\/10\/20181214henk_stenversimg_4959-1-200x300.jpg"},{"@type":"BreadcrumbList","@id":"https:\/\/mwc-cmm.org\/en\/mwc-responds-to-covid-19\/#breadcrumb","itemListElement":[{"@type":"ListItem","position":1,"name":"Home","item":"https:\/\/mwc-cmm.org\/es\/"},{"@type":"ListItem","position":2,"name":"MWC responds to COVID-19"}]},{"@type":"WebSite","@id":"https:\/\/mwc-cmm.org\/en\/#website","url":"https:\/\/mwc-cmm.org\/en\/","name":"Mennonite World Conference","description":"A communion of Anabaptist-related churches","publisher":{"@id":"https:\/\/mwc-cmm.org\/en\/#organization"},"alternateName":"MWC","potentialAction":[{"@type":"SearchAction","target":{"@type":"EntryPoint","urlTemplate":"https:\/\/mwc-cmm.org\/en\/?s={search_term_string}"},"query-input":{"@type":"PropertyValueSpecification","valueRequired":true,"valueName":"search_term_string"}}],"inLanguage":"es"},{"@type":"Organization","@id":"https:\/\/mwc-cmm.org\/en\/#organization","name":"Mennonite World Conference","alternateName":"MWC","url":"https:\/\/mwc-cmm.org\/en\/","logo":{"@type":"ImageObject","inLanguage":"es","@id":"https:\/\/mwc-cmm.org\/en\/#\/schema\/logo\/image\/","url":"https:\/\/mwc-cmm.org\/wp-content\/uploads\/2026\/01\/MWC_Sig_Blue_Horiz_webheader1-logo.svg","contentUrl":"https:\/\/mwc-cmm.org\/wp-content\/uploads\/2026\/01\/MWC_Sig_Blue_Horiz_webheader1-logo.svg","width":786,"height":82,"caption":"Mennonite World Conference"},"image":{"@id":"https:\/\/mwc-cmm.org\/en\/#\/schema\/logo\/image\/"},"sameAs":["https:\/\/www.facebook.com\/MennoniteWorldConference","https:\/\/www.linkedin.com\/company\/mennonite-world-conference-mwc\/","https:\/\/www.instagram.com\/mwcmm\/","https:\/\/www.youtube.com\/user\/mwccmm","https:\/\/bsky.app\/profile\/mwcmm.bsky.social"]}]}},"_links":{"self":[{"href":"https:\/\/mwc-cmm.org\/es\/wp-json\/wp\/v2\/pages\/12091","targetHints":{"allow":["GET"]}}],"collection":[{"href":"https:\/\/mwc-cmm.org\/es\/wp-json\/wp\/v2\/pages"}],"about":[{"href":"https:\/\/mwc-cmm.org\/es\/wp-json\/wp\/v2\/types\/page"}],"author":[{"embeddable":true,"href":"https:\/\/mwc-cmm.org\/es\/wp-json\/wp\/v2\/users\/1"}],"replies":[{"embeddable":true,"href":"https:\/\/mwc-cmm.org\/es\/wp-json\/wp\/v2\/comments?post=12091"}],"version-history":[{"count":0,"href":"https:\/\/mwc-cmm.org\/es\/wp-json\/wp\/v2\/pages\/12091\/revisions"}],"wp:attachment":[{"href":"https:\/\/mwc-cmm.org\/es\/wp-json\/wp\/v2\/media?parent=12091"}],"curies":[{"name":"wp","href":"https:\/\/api.w.org\/{rel}","templated":true}]}}