{"id":11466,"date":"2024-08-12T00:00:00","date_gmt":"2024-08-12T00:00:00","guid":{"rendered":"https:\/\/mwc-cmm.org\/global-anabaptist-service-network-gasn-2\/"},"modified":"2026-02-04T02:20:26","modified_gmt":"2026-02-04T02:20:26","slug":"conozca-la-red-de-servicio-anabautista-mundial","status":"publish","type":"page","link":"https:\/\/mwc-cmm.org\/es\/redes-del-cmm\/conozca-la-red-de-servicio-anabautista-mundial\/","title":{"rendered":"Conozca la Red de Servicio Anabautista Mundial (GASN)"},"content":{"rendered":"\n<div class=\"wp-block-columns alignwide is-layout-flex wp-container-core-columns-is-layout-7fc3d43a wp-block-columns-is-layout-flex\">\n<div class=\"wp-block-column is-layout-flow wp-block-column-is-layout-flow\">\n<h2 class=\"wp-block-heading is-style-green-eyebrow\" style=\"margin-top:0\">GASN Visi\u00f3n<\/h2>\n\n\n\n<p>Una red mundial de entidades y organizaciones afines a la iglesia anabautista comprometida con el evangelio integral de Jesucristo y la misi\u00f3n de la iglesia a trav\u00e9s de ministerios de servicio en nuestras comunidades, naciones y en el mundo, de acuerdo a lo expresado en las Convicciones Compartidas del Congreso Mundial Menonita.<\/p>\n<\/div>\n\n\n\n<div class=\"wp-block-column is-layout-flow wp-block-column-is-layout-flow\"><figure class=\"wp-block-post-featured-image\"><img decoding=\"async\" width=\"1000\" height=\"500\" data-src=\"https:\/\/mwc-cmm.org\/wp-content\/uploads\/2025\/08\/2025-GASN.jpg\" class=\"attachment-post-thumbnail size-post-thumbnail wp-post-image lazyload\" alt=\"GASN group photo\" style=\"--smush-placeholder-width: 1000px; --smush-placeholder-aspect-ratio: 1000\/500;object-fit:cover;\" data-srcset=\"https:\/\/mwc-cmm.org\/wp-content\/uploads\/2025\/08\/2025-GASN.jpg 1000w, https:\/\/mwc-cmm.org\/wp-content\/uploads\/2025\/08\/2025-GASN-300x150.jpg 300w, https:\/\/mwc-cmm.org\/wp-content\/uploads\/2025\/08\/2025-GASN-768x384.jpg 768w\" data-sizes=\"(max-width: 1000px) 100vw, 1000px\" src=\"data:image\/svg+xml;base64,PHN2ZyB3aWR0aD0iMSIgaGVpZ2h0PSIxIiB4bWxucz0iaHR0cDovL3d3dy53My5vcmcvMjAwMC9zdmciPjwvc3ZnPg==\" \/><\/figure>\n\n\n<div class=\"wp-block-buttons is-layout-flex wp-block-buttons-is-layout-flex\">\n<div class=\"wp-block-button\"><a class=\"wp-block-button__link wp-element-button\" href=\"https:\/\/mwc-cmm.org\/es\/resources\/todos-los-seminarios-web\/\">seminarios web de la red<\/a><\/div>\n<\/div>\n<\/div>\n<\/div>\n\n\n\n<h2 class=\"wp-block-heading alignwide is-style-yellow-eyebrow\" style=\"margin-top:var(--wp--preset--spacing--50)\">Misi\u00f3n<\/h2>\n\n\n\n<div class=\"wp-block-group alignwide has-global-padding is-content-justification-left is-layout-constrained wp-container-core-group-is-layout-e665fb53 wp-block-group-is-layout-constrained\">\n<p>La Red de Servicio Anabautista Mundial (GASN) procura fortalecer la capacidad de las iglesias anabautistas y de sus organizaciones para acercarse por medio del servicio a \u201cla viuda, al hu\u00e9rfano y al extranjero\u201d, como testimonio del amor y la compasi\u00f3n de Dios con todos, procurando la transformaci\u00f3n y promoviendo la justicia en nuestras comunidades.<\/p>\n\n\n\n<p>Objetivos de la Comisi\u00f3n de Misiones<\/p>\n<\/div>\n\n\n\n<div class=\"wp-block-columns alignwide is-layout-flex wp-container-core-columns-is-layout-7fc3d43a wp-block-columns-is-layout-flex\">\n<div class=\"wp-block-column is-layout-flow wp-block-column-is-layout-flow\">\n<h3 class=\"wp-block-heading is-style-no-line-eyebrow has-gray-color has-text-color has-link-color wp-elements-5d2db7edc40968ca26400a048cb715b6\">V\u00ednculos<\/h3>\n\n\n\n<ul class=\"wp-block-list\">\n<li>Brindar un espacio para que las entidades y organizaciones puedan vincularse unas con otras.<\/li>\n\n\n\n<li>Promover la conciencia y el entendimiento de la labor de las entidades y organizaciones de la Red de Servicio como ministerios de la iglesia.<\/li>\n\n\n\n<li>Brindar oportunidades para que la iglesia anabautista mundial pueda ofrecer asesoramiento a las entidades y organizaciones de la Red de Servicio.<\/li>\n<\/ul>\n<\/div>\n\n\n\n<div class=\"wp-block-column is-layout-flow wp-block-column-is-layout-flow\">\n<h3 class=\"wp-block-heading is-style-no-line-eyebrow has-gray-color has-text-color has-link-color wp-elements-df1ff53a78da0aa94614b77a5f662329\">Colaboraci\u00f3n<\/h3>\n\n\n\n<ul class=\"wp-block-list\">\n<li>Fomentar una mejor y mayor colaboraci\u00f3n entre las entidades y organizaciones.<\/li>\n\n\n\n<li>Mejorar los canales de comunicaci\u00f3n e interacci\u00f3n entre las entidades y organizaciones.<\/li>\n\n\n\n<li>Colaborar juntos para obtener mayores logros de los que las entidades miembros podr\u00edan lograr individualmente.<\/li>\n\n\n\n<li>Reconocer los dones de todas las entidades y organizaciones independientemente de su dimensi\u00f3n.<\/li>\n<\/ul>\n<\/div>\n\n\n\n<div class=\"wp-block-column is-layout-flow wp-block-column-is-layout-flow\">\n<h3 class=\"wp-block-heading is-style-no-line-eyebrow has-gray-color has-text-color has-link-color wp-elements-4d86a8eb5267dea90a41cbb9dbd1354d\">Desarrollo de capacidades<\/h3>\n\n\n\n<ul class=\"wp-block-list\">\n<li>Compartir las mejores pr\u00e1cticas y lecciones aprendidas entre los miembros.<\/li>\n\n\n\n<li>Brindar oportunidades de capacitaci\u00f3n, crecimiento y desarrollo.<\/li>\n\n\n\n<li>Reflexionar juntos sobre lo que significa ser una organizaci\u00f3n anabautista de servicio.<\/li>\n\n\n\n<li>Aprender acerca de las necesidades mundiales y c\u00f3mo responder eficazmente<\/li>\n<\/ul>\n<\/div>\n<\/div>\n\n\n\n<h2 class=\"wp-block-heading alignwide is-style-cyan-eyebrow\" style=\"margin-top:var(--wp--preset--spacing--50)\">Valores rectores<\/h2>\n\n\n\n<div class=\"wp-block-group alignwide has-global-padding is-content-justification-left is-layout-constrained wp-container-core-group-is-layout-e665fb53 wp-block-group-is-layout-constrained\">\n<p>La Red de Servicio Anabautista Mundial se gu\u00eda por los siguientes valores:<\/p>\n\n\n\n<ul class=\"wp-block-list\">\n<li><strong>Compromiso<\/strong>: Acompa\u00f1ar a los marginados es una parte esencial de los mandamientos de Dios (Deuteronomio 26,12, Mateo 25,31\u201346).<\/li>\n\n\n\n<li><strong>Dignidad<\/strong>: Todos los miembros tienen necesidades y todos los miembros tienen algo valioso para contribuir (2 Corintios 8).<\/li>\n\n\n\n<li><strong>Unidad<\/strong>: Todos los miembros pertenecen a un solo Cuerpo; si un miembro sufre, todos los dem\u00e1s comparten su sufrimiento (1 Corintios 12).<\/li>\n\n\n\n<li><strong>Vida y testimonio<\/strong>: Todos los miembros est\u00e1n llamados a ser sal y luz, anunciando y viviendo el Reino de Dios dondequiera que est\u00e9n.<\/li>\n<\/ul>\n<\/div>\n\n\n\n<h2 class=\"wp-block-heading alignwide is-style-pink-eyebrow\" style=\"margin-top:var(--wp--preset--spacing--50)\">Membres\u00eda<\/h2>\n\n\n\n<div class=\"wp-block-group alignwide has-global-padding is-content-justification-left is-layout-constrained wp-container-core-group-is-layout-e665fb53 wp-block-group-is-layout-constrained\">\n<p>La Red de Servicio Anabautista Mundial es una coalici\u00f3n mundial de entidades y organizaciones de servicio de las iglesias afines al anabautismo. Sus miembros participan en ministerios de servicio que se extienden m\u00e1s all\u00e1 de la congregaci\u00f3n, se identifican como anabautistas comprometi\u00e9ndose formalmente con las Convicciones Compartidas del CMM, y tienen un ministerio que prioriza el servicio en el sentido m\u00e1s amplio (por ejemplo, ayuda humanitaria, desarrollo, asistencia m\u00e9dica, promoci\u00f3n de paz y justicia).<\/p>\n\n\n\n<h3 class=\"wp-block-heading\">\u00bfQu\u00e9 organizaciones forman parte de la GASN?<\/h3>\n\n\n\n<div class=\"wp-block-buttons is-layout-flex wp-block-buttons-is-layout-flex\">\n<div class=\"wp-block-button\"><a class=\"wp-block-button__link wp-element-button\" href=\"https:\/\/mwc-cmm.org\/es\/comisiones\/comision-de-misiones\/organizaciones-miembros\/?_member_network=gasn\">Inf\u00f3rmese<\/a><\/div>\n<\/div>\n<\/div>\n\n\n\n<div class=\"wp-block-columns alignwide is-layout-flex wp-container-core-columns-is-layout-28f84493 wp-block-columns-is-layout-flex\">\n<div class=\"wp-block-column is-layout-flow wp-block-column-is-layout-flow\">\n<p>Miembros\u00a0del Comit\u00e9 de coordinacion de GASN<\/p>\n\n\n\n<ul class=\"wp-block-list\">\n<li>Fabio Carvalho (Brasil), presidente de la GASN<\/li>\n\n\n\n<li>Rukshan Fernando (EE. UU.)<\/li>\n\n\n\n<li>Shambu Hurissa (Etiop\u00eda)<\/li>\n\n\n\n<li>Sophie Hege (Francia)<\/li>\n\n\n\n<li>Sunju Moon (Corea del Sur)<\/li>\n\n\n\n<li>Barbara Hege-Galle (Alemania)<\/li>\n<\/ul>\n<\/div>\n<\/div>\n\n\n\n<p><\/p>\n","protected":false},"excerpt":{"rendered":"<p>GASN Visi\u00f3n Una red mundial de entidades y organizaciones afines a la iglesia anabautista comprometida con el evangelio integral de Jesucristo y la misi\u00f3n de la iglesia a trav\u00e9s de ministerios de servicio en nuestras comunidades, naciones y en el mundo, de acuerdo a lo expresado en las Convicciones Compartidas del Congreso Mundial Menonita. Misi\u00f3n [&hellip;]<\/p>\n","protected":false},"author":1,"featured_media":117945,"parent":5780,"menu_order":0,"comment_status":"closed","ping_status":"closed","template":"","meta":{"_acf_changed":false,"footnotes":""},"class_list":["post-11466","page","type-page","status-publish","has-post-thumbnail","hentry"],"acf":[],"yoast_head":"<!-- This site is optimized with the Yoast SEO plugin v27.2 - https:\/\/yoast.com\/product\/yoast-seo-wordpress\/ -->\n<title>Conozca la Red de Servicio Anabautista Mundial (GASN) - Mennonite World Conference<\/title>\n<meta name=\"robots\" content=\"index, follow, max-snippet:-1, max-image-preview:large, max-video-preview:-1\" \/>\n<link rel=\"canonical\" href=\"https:\/\/mwc-cmm.org\/es\/redes-del-cmm\/conozca-la-red-de-servicio-anabautista-mundial\/\" \/>\n<meta property=\"og:locale\" content=\"es_ES\" \/>\n<meta property=\"og:type\" content=\"article\" \/>\n<meta property=\"og:title\" content=\"Conozca la Red de Servicio Anabautista Mundial (GASN) - Mennonite World Conference\" \/>\n<meta property=\"og:description\" content=\"GASN Visi\u00f3n Una red mundial de entidades y organizaciones afines a la iglesia anabautista comprometida con el evangelio integral de Jesucristo y la misi\u00f3n de la iglesia a trav\u00e9s de ministerios de servicio en nuestras comunidades, naciones y en el mundo, de acuerdo a lo expresado en las Convicciones Compartidas del Congreso Mundial Menonita. Misi\u00f3n [&hellip;]\" \/>\n<meta property=\"og:url\" content=\"https:\/\/mwc-cmm.org\/es\/redes-del-cmm\/conozca-la-red-de-servicio-anabautista-mundial\/\" \/>\n<meta property=\"og:site_name\" content=\"Mennonite World Conference\" \/>\n<meta property=\"article:publisher\" content=\"https:\/\/www.facebook.com\/MennoniteWorldConference\" \/>\n<meta property=\"article:modified_time\" content=\"2026-02-04T02:20:26+00:00\" \/>\n<meta property=\"og:image\" content=\"https:\/\/mwc-cmm.org\/wp-content\/uploads\/2025\/08\/2025-GASN.jpg\" \/>\n\t<meta property=\"og:image:width\" content=\"1000\" \/>\n\t<meta property=\"og:image:height\" content=\"500\" \/>\n\t<meta property=\"og:image:type\" content=\"image\/jpeg\" \/>\n<script type=\"application\/ld+json\" class=\"yoast-schema-graph\">{\"@context\":\"https:\/\/schema.org\",\"@graph\":[{\"@type\":\"WebPage\",\"@id\":\"https:\/\/mwc-cmm.org\/es\/redes-del-cmm\/conozca-la-red-de-servicio-anabautista-mundial\/\",\"url\":\"https:\/\/mwc-cmm.org\/es\/redes-del-cmm\/conozca-la-red-de-servicio-anabautista-mundial\/\",\"name\":\"Conozca la Red de Servicio Anabautista Mundial (GASN) - Mennonite World Conference\",\"isPartOf\":{\"@id\":\"https:\/\/mwc-cmm.org\/en\/#website\"},\"primaryImageOfPage\":{\"@id\":\"https:\/\/mwc-cmm.org\/es\/redes-del-cmm\/conozca-la-red-de-servicio-anabautista-mundial\/#primaryimage\"},\"image\":{\"@id\":\"https:\/\/mwc-cmm.org\/es\/redes-del-cmm\/conozca-la-red-de-servicio-anabautista-mundial\/#primaryimage\"},\"thumbnailUrl\":\"https:\/\/mwc-cmm.org\/wp-content\/uploads\/2025\/08\/2025-GASN.jpg\",\"datePublished\":\"2024-08-12T00:00:00+00:00\",\"dateModified\":\"2026-02-04T02:20:26+00:00\",\"breadcrumb\":{\"@id\":\"https:\/\/mwc-cmm.org\/es\/redes-del-cmm\/conozca-la-red-de-servicio-anabautista-mundial\/#breadcrumb\"},\"inLanguage\":\"es\",\"potentialAction\":[{\"@type\":\"ReadAction\",\"target\":[\"https:\/\/mwc-cmm.org\/es\/redes-del-cmm\/conozca-la-red-de-servicio-anabautista-mundial\/\"]}]},{\"@type\":\"ImageObject\",\"inLanguage\":\"es\",\"@id\":\"https:\/\/mwc-cmm.org\/es\/redes-del-cmm\/conozca-la-red-de-servicio-anabautista-mundial\/#primaryimage\",\"url\":\"https:\/\/mwc-cmm.org\/wp-content\/uploads\/2025\/08\/2025-GASN.jpg\",\"contentUrl\":\"https:\/\/mwc-cmm.org\/wp-content\/uploads\/2025\/08\/2025-GASN.jpg\",\"width\":1000,\"height\":500,\"caption\":\"GASN group photo\"},{\"@type\":\"BreadcrumbList\",\"@id\":\"https:\/\/mwc-cmm.org\/es\/redes-del-cmm\/conozca-la-red-de-servicio-anabautista-mundial\/#breadcrumb\",\"itemListElement\":[{\"@type\":\"ListItem\",\"position\":1,\"name\":\"Home\",\"item\":\"https:\/\/mwc-cmm.org\/es\/\"},{\"@type\":\"ListItem\",\"position\":2,\"name\":\"Redes del CMM\",\"item\":\"https:\/\/mwc-cmm.org\/es\/redes-del-cmm\/\"},{\"@type\":\"ListItem\",\"position\":3,\"name\":\"Conozca la Red de Servicio Anabautista Mundial (GASN)\"}]},{\"@type\":\"WebSite\",\"@id\":\"https:\/\/mwc-cmm.org\/en\/#website\",\"url\":\"https:\/\/mwc-cmm.org\/en\/\",\"name\":\"Mennonite World Conference\",\"description\":\"A communion of Anabaptist-related churches\",\"publisher\":{\"@id\":\"https:\/\/mwc-cmm.org\/en\/#organization\"},\"alternateName\":\"MWC\",\"potentialAction\":[{\"@type\":\"SearchAction\",\"target\":{\"@type\":\"EntryPoint\",\"urlTemplate\":\"https:\/\/mwc-cmm.org\/en\/?s={search_term_string}\"},\"query-input\":{\"@type\":\"PropertyValueSpecification\",\"valueRequired\":true,\"valueName\":\"search_term_string\"}}],\"inLanguage\":\"es\"},{\"@type\":\"Organization\",\"@id\":\"https:\/\/mwc-cmm.org\/en\/#organization\",\"name\":\"Mennonite World Conference\",\"alternateName\":\"MWC\",\"url\":\"https:\/\/mwc-cmm.org\/en\/\",\"logo\":{\"@type\":\"ImageObject\",\"inLanguage\":\"es\",\"@id\":\"https:\/\/mwc-cmm.org\/en\/#\/schema\/logo\/image\/\",\"url\":\"https:\/\/mwc-cmm.org\/wp-content\/uploads\/2026\/01\/MWC_Sig_Blue_Horiz_webheader1-logo.svg\",\"contentUrl\":\"https:\/\/mwc-cmm.org\/wp-content\/uploads\/2026\/01\/MWC_Sig_Blue_Horiz_webheader1-logo.svg\",\"width\":786,\"height\":82,\"caption\":\"Mennonite World Conference\"},\"image\":{\"@id\":\"https:\/\/mwc-cmm.org\/en\/#\/schema\/logo\/image\/\"},\"sameAs\":[\"https:\/\/www.facebook.com\/MennoniteWorldConference\",\"https:\/\/www.linkedin.com\/company\/mennonite-world-conference-mwc\/\",\"https:\/\/www.instagram.com\/mwcmm\/\",\"https:\/\/www.youtube.com\/user\/mwccmm\",\"https:\/\/bsky.app\/profile\/mwcmm.bsky.social\"]}]}<\/script>\n<!-- \/ Yoast SEO plugin. -->","yoast_head_json":{"title":"Conozca la Red de Servicio Anabautista Mundial (GASN) - Mennonite World Conference","robots":{"index":"index","follow":"follow","max-snippet":"max-snippet:-1","max-image-preview":"max-image-preview:large","max-video-preview":"max-video-preview:-1"},"canonical":"https:\/\/mwc-cmm.org\/es\/redes-del-cmm\/conozca-la-red-de-servicio-anabautista-mundial\/","og_locale":"es_ES","og_type":"article","og_title":"Conozca la Red de Servicio Anabautista Mundial (GASN) - Mennonite World Conference","og_description":"GASN Visi\u00f3n Una red mundial de entidades y organizaciones afines a la iglesia anabautista comprometida con el evangelio integral de Jesucristo y la misi\u00f3n de la iglesia a trav\u00e9s de ministerios de servicio en nuestras comunidades, naciones y en el mundo, de acuerdo a lo expresado en las Convicciones Compartidas del Congreso Mundial Menonita. Misi\u00f3n [&hellip;]","og_url":"https:\/\/mwc-cmm.org\/es\/redes-del-cmm\/conozca-la-red-de-servicio-anabautista-mundial\/","og_site_name":"Mennonite World Conference","article_publisher":"https:\/\/www.facebook.com\/MennoniteWorldConference","article_modified_time":"2026-02-04T02:20:26+00:00","og_image":[{"width":1000,"height":500,"url":"https:\/\/mwc-cmm.org\/wp-content\/uploads\/2025\/08\/2025-GASN.jpg","type":"image\/jpeg"}],"schema":{"@context":"https:\/\/schema.org","@graph":[{"@type":"WebPage","@id":"https:\/\/mwc-cmm.org\/es\/redes-del-cmm\/conozca-la-red-de-servicio-anabautista-mundial\/","url":"https:\/\/mwc-cmm.org\/es\/redes-del-cmm\/conozca-la-red-de-servicio-anabautista-mundial\/","name":"Conozca la Red de Servicio Anabautista Mundial (GASN) - Mennonite World Conference","isPartOf":{"@id":"https:\/\/mwc-cmm.org\/en\/#website"},"primaryImageOfPage":{"@id":"https:\/\/mwc-cmm.org\/es\/redes-del-cmm\/conozca-la-red-de-servicio-anabautista-mundial\/#primaryimage"},"image":{"@id":"https:\/\/mwc-cmm.org\/es\/redes-del-cmm\/conozca-la-red-de-servicio-anabautista-mundial\/#primaryimage"},"thumbnailUrl":"https:\/\/mwc-cmm.org\/wp-content\/uploads\/2025\/08\/2025-GASN.jpg","datePublished":"2024-08-12T00:00:00+00:00","dateModified":"2026-02-04T02:20:26+00:00","breadcrumb":{"@id":"https:\/\/mwc-cmm.org\/es\/redes-del-cmm\/conozca-la-red-de-servicio-anabautista-mundial\/#breadcrumb"},"inLanguage":"es","potentialAction":[{"@type":"ReadAction","target":["https:\/\/mwc-cmm.org\/es\/redes-del-cmm\/conozca-la-red-de-servicio-anabautista-mundial\/"]}]},{"@type":"ImageObject","inLanguage":"es","@id":"https:\/\/mwc-cmm.org\/es\/redes-del-cmm\/conozca-la-red-de-servicio-anabautista-mundial\/#primaryimage","url":"https:\/\/mwc-cmm.org\/wp-content\/uploads\/2025\/08\/2025-GASN.jpg","contentUrl":"https:\/\/mwc-cmm.org\/wp-content\/uploads\/2025\/08\/2025-GASN.jpg","width":1000,"height":500,"caption":"GASN group photo"},{"@type":"BreadcrumbList","@id":"https:\/\/mwc-cmm.org\/es\/redes-del-cmm\/conozca-la-red-de-servicio-anabautista-mundial\/#breadcrumb","itemListElement":[{"@type":"ListItem","position":1,"name":"Home","item":"https:\/\/mwc-cmm.org\/es\/"},{"@type":"ListItem","position":2,"name":"Redes del CMM","item":"https:\/\/mwc-cmm.org\/es\/redes-del-cmm\/"},{"@type":"ListItem","position":3,"name":"Conozca la Red de Servicio Anabautista Mundial (GASN)"}]},{"@type":"WebSite","@id":"https:\/\/mwc-cmm.org\/en\/#website","url":"https:\/\/mwc-cmm.org\/en\/","name":"Mennonite World Conference","description":"A communion of Anabaptist-related churches","publisher":{"@id":"https:\/\/mwc-cmm.org\/en\/#organization"},"alternateName":"MWC","potentialAction":[{"@type":"SearchAction","target":{"@type":"EntryPoint","urlTemplate":"https:\/\/mwc-cmm.org\/en\/?s={search_term_string}"},"query-input":{"@type":"PropertyValueSpecification","valueRequired":true,"valueName":"search_term_string"}}],"inLanguage":"es"},{"@type":"Organization","@id":"https:\/\/mwc-cmm.org\/en\/#organization","name":"Mennonite World Conference","alternateName":"MWC","url":"https:\/\/mwc-cmm.org\/en\/","logo":{"@type":"ImageObject","inLanguage":"es","@id":"https:\/\/mwc-cmm.org\/en\/#\/schema\/logo\/image\/","url":"https:\/\/mwc-cmm.org\/wp-content\/uploads\/2026\/01\/MWC_Sig_Blue_Horiz_webheader1-logo.svg","contentUrl":"https:\/\/mwc-cmm.org\/wp-content\/uploads\/2026\/01\/MWC_Sig_Blue_Horiz_webheader1-logo.svg","width":786,"height":82,"caption":"Mennonite World Conference"},"image":{"@id":"https:\/\/mwc-cmm.org\/en\/#\/schema\/logo\/image\/"},"sameAs":["https:\/\/www.facebook.com\/MennoniteWorldConference","https:\/\/www.linkedin.com\/company\/mennonite-world-conference-mwc\/","https:\/\/www.instagram.com\/mwcmm\/","https:\/\/www.youtube.com\/user\/mwccmm","https:\/\/bsky.app\/profile\/mwcmm.bsky.social"]}]}},"_links":{"self":[{"href":"https:\/\/mwc-cmm.org\/es\/wp-json\/wp\/v2\/pages\/11466","targetHints":{"allow":["GET"]}}],"collection":[{"href":"https:\/\/mwc-cmm.org\/es\/wp-json\/wp\/v2\/pages"}],"about":[{"href":"https:\/\/mwc-cmm.org\/es\/wp-json\/wp\/v2\/types\/page"}],"author":[{"embeddable":true,"href":"https:\/\/mwc-cmm.org\/es\/wp-json\/wp\/v2\/users\/1"}],"replies":[{"embeddable":true,"href":"https:\/\/mwc-cmm.org\/es\/wp-json\/wp\/v2\/comments?post=11466"}],"version-history":[{"count":0,"href":"https:\/\/mwc-cmm.org\/es\/wp-json\/wp\/v2\/pages\/11466\/revisions"}],"up":[{"embeddable":true,"href":"https:\/\/mwc-cmm.org\/es\/wp-json\/wp\/v2\/pages\/5780"}],"wp:featuredmedia":[{"embeddable":true,"href":"https:\/\/mwc-cmm.org\/es\/wp-json\/wp\/v2\/media\/117945"}],"wp:attachment":[{"href":"https:\/\/mwc-cmm.org\/es\/wp-json\/wp\/v2\/media?parent=11466"}],"curies":[{"name":"wp","href":"https:\/\/api.w.org\/{rel}","templated":true}]}}