{"id":11463,"date":"2020-11-12T00:00:00","date_gmt":"2020-11-12T00:00:00","guid":{"rendered":"https:\/\/mwc-cmm.org\/global-anabaptist-education-networks-gaen-2\/"},"modified":"2025-11-14T18:43:32","modified_gmt":"2025-11-14T18:43:32","slug":"redes-mundiales-anabautistas-de-educacion-gaen","status":"publish","type":"page","link":"https:\/\/mwc-cmm.org\/es\/redes-del-cmm\/redes-mundiales-anabautistas-de-educacion-gaen\/","title":{"rendered":"Redes Mundiales Anabautistas de Educaci\u00f3n (GAEN)"},"content":{"rendered":"\n<div class=\"wp-block-columns alignwide is-layout-flex wp-container-core-columns-is-layout-7fc3d43a wp-block-columns-is-layout-flex\">\n<div class=\"wp-block-column is-layout-flow wp-block-column-is-layout-flow\">\n<p>La Comisi\u00f3n de Fe y Vida es la que facilita&nbsp;las Redes Mundiales Anabautistas de Educaci\u00f3n (GAEN, por sus siglas en ingl\u00e9s). GAEN conecta institutos educativos operados por integrantes del CMM que trabajan con estudiantes desde la primera infancia hasta la secundaria, y en educaci\u00f3n superior (colegios, universidades, seminarios e institutos de formaci\u00f3n informal).<\/p>\n\n\n\n<h2 class=\"wp-block-heading is-style-yellow-eyebrow\" style=\"text-transform:none\"><strong>Misi\u00f3n de GAEN<\/strong><\/h2>\n\n\n\n<p>Vemos nuestra misi\u00f3n de fortalecer la colaboraci\u00f3n en educaci\u00f3n (escuelas, administraci\u00f3n, personas en el magisterio y personas acad\u00e9micas) para vivir y ense\u00f1ar las convicciones y la espiritualidad anabautistas, de modo que nuestra comuni\u00f3n pueda encarnar m\u00e1s plenamente la forma de ser como Cristo en el mundo.<\/p>\n<\/div>\n\n\n\n<div class=\"wp-block-column is-layout-flow wp-block-column-is-layout-flow\"><figure class=\"wp-block-post-featured-image\"><img decoding=\"async\" width=\"1000\" height=\"500\" data-src=\"https:\/\/mwc-cmm.org\/wp-content\/uploads\/2025\/08\/2025-GAEN.jpg\" class=\"attachment-post-thumbnail size-post-thumbnail wp-post-image lazyload\" alt=\"2025 GAEN group photo\" style=\"--smush-placeholder-width: 1000px; --smush-placeholder-aspect-ratio: 1000\/500;object-fit:cover;\" data-srcset=\"https:\/\/mwc-cmm.org\/wp-content\/uploads\/2025\/08\/2025-GAEN.jpg 1000w, https:\/\/mwc-cmm.org\/wp-content\/uploads\/2025\/08\/2025-GAEN-300x150.jpg 300w, https:\/\/mwc-cmm.org\/wp-content\/uploads\/2025\/08\/2025-GAEN-768x384.jpg 768w\" data-sizes=\"(max-width: 1000px) 100vw, 1000px\" src=\"data:image\/svg+xml;base64,PHN2ZyB3aWR0aD0iMSIgaGVpZ2h0PSIxIiB4bWxucz0iaHR0cDovL3d3dy53My5vcmcvMjAwMC9zdmciPjwvc3ZnPg==\" \/><\/figure>\n\n\n<div class=\"wp-block-buttons is-layout-flex wp-block-buttons-is-layout-flex\">\n<div class=\"wp-block-button\"><a class=\"wp-block-button__link wp-element-button\" href=\"https:\/\/mwc-cmm.org\/es\/resources\/todos-los-seminarios-web\/\" target=\"_blank\" rel=\"noreferrer noopener\">Seminarios web de la red<\/a><\/div>\n<\/div>\n\n\n\n<h2 class=\"wp-block-heading is-style-green-eyebrow\">Key Documents<\/h2>\n\n\n\n<div class=\"wp-block-buttons is-layout-flex wp-block-buttons-is-layout-flex\">\n<div class=\"wp-block-button\"><a class=\"wp-block-button__link wp-element-button\" href=\"https:\/\/mwc-cmm.org\/wp-content\/uploads\/2024\/11\/education_networks_memorandum_of_clarity.pdf\">GAEN Memorandum of Clarity<\/a><\/div>\n<\/div>\n<\/div>\n<\/div>\n\n\n\n<h2 class=\"wp-block-heading alignwide is-style-cyan-eyebrow\" style=\"margin-top:var(--wp--preset--spacing--50)\"><strong>Visi\u00f3n GAEN<\/strong><\/h2>\n\n\n\n<div class=\"wp-block-group alignwide has-global-padding is-content-justification-left is-layout-constrained wp-container-core-group-is-layout-e665fb53 wp-block-group-is-layout-constrained\">\n<ul class=\"wp-block-list\">\n<li>Creemos que nuestras escuelas tienen el potencial de inculcar profundamente en nuestro movimiento mundial, nuestra Declaraci\u00f3n de Convicciones Compartidas, iniciando desde los ni\u00f1os y ni\u00f1as de temprana edad, hasta las personas que lideran en la iglesia.<\/li>\n\n\n\n<li>Vemos nuestras instituciones, que son centros de reflexi\u00f3n y ense\u00f1anza, como herramientas para ayudar a proporcionar identidad y cohesi\u00f3n a nuestras iglesias nacionales y regionales.<\/li>\n\n\n\n<li>Vemos al CMM como un gran espacio desde el cual se puede fortalecer nuestras escuelas y su compromiso con la formaci\u00f3n en la fe Cristo-c\u00e9ntrica, como tambi\u00e9n su rol en el fortalecimiento de la iglesia.<\/li>\n<\/ul>\n<\/div>\n\n\n\n<h2 class=\"wp-block-heading alignwide is-style-pink-eyebrow\" style=\"margin-top:var(--wp--preset--spacing--50)\"><strong>Organizaci\u00f3n<\/strong><\/h2>\n\n\n\n<div class=\"wp-block-group alignwide has-global-padding is-content-justification-left is-layout-constrained wp-container-core-group-is-layout-e665fb53 wp-block-group-is-layout-constrained\">\n<p>GAEN est\u00e1 organizado en dos grupos, cada uno con una Comisi\u00f3n de Coordinaci\u00f3n y Seguimiento para la atenci\u00f3n focalizada y para la planificaci\u00f3n de eventos.&nbsp;Un Comit\u00e9 Organizador se encarga de la direcci\u00f3n de ambos grupos. Los representantes son: Conrad Swartzentruber y Gloria Fumana (GAPSEN) y Henry Paetkau y Victor Wall (GAHEN).<\/p>\n<\/div>\n\n\n\n<div class=\"wp-block-columns alignwide is-layout-flex wp-container-core-columns-is-layout-7fc3d43a wp-block-columns-is-layout-flex\">\n<div class=\"wp-block-column is-layout-flow wp-block-column-is-layout-flow\">\n<h3 class=\"wp-block-heading is-style-no-line-eyebrow has-gray-color has-text-color has-link-color wp-elements-04b8576cb50b9c0d047d6ff6035c3451\">Global Anabaptist Primary\/Secondary Education Network (GAPSEN)<\/h3>\n\n\n\n<p>Red Mundial Anabautista de Educaci\u00f3n Primaria y Secundaria se enfoca en conectar los institutos desde la educaci\u00f3n preescolar hasta la secundaria.<\/p>\n\n\n\n<p>Integrantes de la Comisi\u00f3n de coordinaci\u00f3n de GAPSEN:\u00a0Conrad Swartzentruber, Theo &amp; Gloria Fumana, Delbert Unruh, Melody Raj y Arnold Driediger.<\/p>\n<\/div>\n\n\n\n<div class=\"wp-block-column is-layout-flow wp-block-column-is-layout-flow\">\n<h3 class=\"wp-block-heading is-style-no-line-eyebrow has-gray-color has-text-color has-link-color wp-elements-7a52fa7b800a49c64f2cba5654f72f43\">Global Anabaptist Higher Education Network (GAHEN)<\/h3>\n\n\n\n<p>Red&nbsp;Mundial Anabautista de Educaci\u00f3n Superior se enfoca en el nivel postsecundario, incluyendo facultades, universidades, seminarios o combinaciones de los mismos, adem\u00e1s de institutos\/programas de capacitaci\u00f3n informal no acreditados que t\u00edpicamente sirven a los pastores y pastoras a trav\u00e9s de enfoques de extensi\u00f3n o por correspondencia.<\/p>\n\n\n\n<p>Integrantes del&nbsp;Comit\u00e9&nbsp;de coordinaci\u00f3n&nbsp;de GAHEN: Henry Paetkau, Cheryl Pauls, Santiago Espitia, Victor Wall, Marlene Wall, Gishu Ebissa, Teguh Karyanto.<\/p>\n<\/div>\n<\/div>\n\n\n\n<p>GAEN cuenta con el apoyo de&nbsp;<a href=\"mailto:MagaliMoreno@mwc-cmm.org\">Magali Moreno<\/a>, integrante del personal del CMM\/Coordinadora de la Red<\/p>\n\n\n\n<h2 class=\"wp-block-heading alignwide is-style-purple-eyebrow\" style=\"margin-top:var(--wp--preset--spacing--50)\"><strong>Objetivos<\/strong><\/h2>\n\n\n\n<div class=\"wp-block-columns alignwide is-layout-flex wp-container-core-columns-is-layout-7fc3d43a wp-block-columns-is-layout-flex\">\n<div class=\"wp-block-column is-layout-flow wp-block-column-is-layout-flow\">\n<h3 class=\"wp-block-heading is-style-no-line-eyebrow has-gray-color has-text-color has-link-color wp-elements-da6a6c1e2d2acd53eae23f1883e7e330\"><strong>Objetivos de GAPSEN:<\/strong><\/h3>\n\n\n\n<ul class=\"wp-block-list\">\n<li>Promover las redes de apoyo mutuo<\/li>\n\n\n\n<li>Compartir las mejores pr\u00e1cticas<\/li>\n\n\n\n<li>Promover la colaboraci\u00f3n en planes de estudio u otros recursos<\/li>\n\n\n\n<li>Promover intercambios de profesores\/as, estudiantes y recursos<\/li>\n\n\n\n<li>Promover la educaci\u00f3n en-l\u00ednea, la acreditaci\u00f3n y el desarrollo de nuevas escuelas<\/li>\n\n\n\n<li>Crear eventos ocasionales para facilitar las relaciones y las redes, y mostrar modelos educativos<\/li>\n<\/ul>\n<\/div>\n\n\n\n<div class=\"wp-block-column is-layout-flow wp-block-column-is-layout-flow\">\n<h3 class=\"wp-block-heading is-style-no-line-eyebrow has-gray-color has-text-color has-link-color wp-elements-6968b675c3ff19d48e446f056d859ce6\"><strong>Objetivos de GAHEN:<\/strong><div><span style=\"font-weight: 700;\"><\/span><\/div><\/h3>\n\n\n\n<p>Adem\u00e1s de lo anterior, GAHEN trabaja para<\/p>\n\n\n\n<ul class=\"wp-block-list\">\n<li>Escribir, compartir y publicar art\u00edculos para abordar problemas en la educaci\u00f3n superior<\/li>\n\n\n\n<li>Explorar medios para extender la educaci\u00f3n teol\u00f3gica en regiones remotas<\/li>\n<\/ul>\n\n\n\n<h3 class=\"wp-block-heading is-style-no-line-eyebrow has-gray-color has-text-color has-link-color wp-elements-aef870b2855c1dd535ba9c8f3f9ffeb5\"><strong>Valores y Enfoque de GAEN<\/strong><\/h3>\n\n\n\n<ul class=\"wp-block-list\">\n<li>Iniciar con algo peque\u00f1o y crecer org\u00e1nicamente para seguir siendo sostenible<\/li>\n\n\n\n<li>Utilizar eventos presenciales con moderaci\u00f3n, enfoc\u00e1ndose en las herramientas de Internet para mantener y fortalecer las redes<\/li>\n\n\n\n<li>Descentralizar para permitir que las personas se encuentren y se apoyen unas a otras, seg\u00fan las l\u00edneas de mayor inter\u00e9s<\/li>\n\n\n\n<li>Prestar atenci\u00f3n a las escuelas m\u00e1s peque\u00f1as, las cuales a menudo necesitan la mayor cantidad de recursos y apoyo.<\/li>\n<\/ul>\n<\/div>\n<\/div>\n\n\n\n<h2 class=\"wp-block-heading alignwide is-style-blue-eyebrow\" style=\"margin-top:var(--wp--preset--spacing--50)\"><strong>Membres\u00eda<\/strong><\/h2>\n\n\n\n<div class=\"wp-block-group alignwide has-global-padding is-content-justification-left is-layout-constrained wp-container-core-group-is-layout-acbac23d wp-block-group-is-layout-constrained\">\n<p>Hay aproximadamente 400 escuelas de educaci\u00f3n preescolar a secundaria, operadas por integrantes del CMM. Hay otros 50-60 institutos y programas de educaci\u00f3n superior (post-secundaria).<\/p>\n\n\n\n<p>Adem\u00e1s de las identidades institucionales anteriores, estamos con entusiasmo de incluir centros de orientaci\u00f3n anabautista dentro de institutos m\u00e1s grandes, a personas acad\u00e9micas y a maestros\/as anabautistas que pueden estar trabajando fuera de un instituto integrante, incluyendo las redes de personas acad\u00e9micas anabautistas.<\/p>\n\n\n\n<p>Todas las personas est\u00e1n invitadas a ser integrantes de GAEN seg\u00fan los siguientes criterios:<\/p>\n\n\n\n<ul class=\"wp-block-list\">\n<li>Participa en el ministerio educativo<\/li>\n\n\n\n<li>Se auto-identifica como anabautista con compromiso con las Convicciones Compartidas del CMM<\/li>\n\n\n\n<li>Exhibe una organizaci\u00f3n formal (tiene estatutos, o es un departamento dentro de otra organizaci\u00f3n, lleva a cabo reuniones regulares de liderazgo\/junta, etc.)<\/li>\n\n\n\n<li>Participa en el aporte proporcional justo por participaci\u00f3n (\u00abcuota de membres\u00eda\u00bb)<\/li>\n<\/ul>\n\n\n\n<p><em><strong>\u00a1\u00danase a nuestra Red!\u200b<\/strong><\/em>&nbsp;Para m\u00e1s informaci\u00f3n, p\u00f3ngase en contacto con&nbsp;<a href=\"mailto:magalimoreno@mwc-cmm.org?subject=contact%20from%20website\">Magali Moreno<\/a><\/p>\n\n\n\n<p><strong>Pr\u00f3ximos eventos<\/strong><\/p>\n\n\n\n<figure class=\"wp-block-image size-medium\"><img decoding=\"async\" width=\"300\" height=\"300\" data-src=\"https:\/\/mwc-cmm.org\/wp-content\/uploads\/2024\/11\/gahen_mar_11_es-1-300x300.png\" alt=\"\" class=\"wp-image-64432 lazyload\" data-srcset=\"https:\/\/mwc-cmm.org\/wp-content\/uploads\/2024\/11\/gahen_mar_11_es-1-300x300.png 300w, https:\/\/mwc-cmm.org\/wp-content\/uploads\/2024\/11\/gahen_mar_11_es-1-1024x1024.png 1024w, https:\/\/mwc-cmm.org\/wp-content\/uploads\/2024\/11\/gahen_mar_11_es-1-150x150.png 150w, https:\/\/mwc-cmm.org\/wp-content\/uploads\/2024\/11\/gahen_mar_11_es-1-768x768.png 768w, https:\/\/mwc-cmm.org\/wp-content\/uploads\/2024\/11\/gahen_mar_11_es-1-400x400.png 400w, https:\/\/mwc-cmm.org\/wp-content\/uploads\/2024\/11\/gahen_mar_11_es-1-600x600.png 600w, https:\/\/mwc-cmm.org\/wp-content\/uploads\/2024\/11\/gahen_mar_11_es-1.png 1080w\" data-sizes=\"(max-width: 300px) 100vw, 300px\" src=\"data:image\/svg+xml;base64,PHN2ZyB3aWR0aD0iMSIgaGVpZ2h0PSIxIiB4bWxucz0iaHR0cDovL3d3dy53My5vcmcvMjAwMC9zdmciPjwvc3ZnPg==\" style=\"--smush-placeholder-width: 300px; --smush-placeholder-aspect-ratio: 300\/300;\" \/><\/figure>\n\n\n\n<p><strong>11 de marzo&nbsp;a las 13:00 (UTC)<\/strong><br>Orador invitado: Rev. Dr. Jack Sara, Presidente del Bethlehem Bible College. \u00abLos valores del Reino de Dios se comunican y aplican a las realidades sociopol\u00edticas y culturales del pueblo palestino\u00bb. Adem\u00e1s ofreceremos informaci\u00f3n actualizada&nbsp;de la Red Mundial Anabautista de Educadores,&nbsp;Europa&nbsp;2025 y el comit\u00e9 de coordinaci\u00f3n de GAHEN&nbsp;presentar\u00e1&nbsp;m\u00e1s informaci\u00f3n sobre el 500 aniversario del movimiento anabautista. \u00a1Nos vemos pronto!<\/p>\n\n\n\n<p>Enlace Zoom:&nbsp;<a href=\"https:\/\/us06web.zoom.us\/j\/88997895679?pwd=dJLDcZIF1zApJama4s42JsN9eF6BHv.1%C2%A0\">https:\/\/us06web.zoom.us\/j\/88997895679?pwd=dJLDcZIF1zApJama4s42JsN9eF6BHv.1&nbsp;<\/a><\/p>\n\n\n\n<h3 class=\"wp-block-heading\"><strong>Documentos Clave\u200b<\/strong><\/h3>\n\n\n\n<p><a href=\"https:\/\/mwc-cmm.org\/wp-content\/uploads\/2024\/11\/education_networks_memorandum_of_clarity.pdf\" target=\"_blank\" rel=\"noreferrer noopener\">GAEN Memorandum of Clarity<\/a><\/p>\n\n\n\n<p><a href=\"https:\/\/mwc-cmm.org\/wp-content\/uploads\/2024\/11\/structure_of_gaen_education_networks.pdf\" target=\"_blank\" rel=\"noreferrer noopener\">Proposed structure of the Faith and Life Commission\/GAEN and its potential participant groups<\/a><\/p>\n<\/div>\n\n\n\n<p><\/p>\n\n\n\n<p><\/p>\n","protected":false},"excerpt":{"rendered":"<p>La Comisi\u00f3n de Fe y Vida es la que facilita&nbsp;las Redes Mundiales Anabautistas de Educaci\u00f3n (GAEN, por sus siglas en ingl\u00e9s). GAEN conecta institutos educativos operados por integrantes del CMM que trabajan con estudiantes desde la primera infancia hasta la secundaria, y en educaci\u00f3n superior (colegios, universidades, seminarios e institutos de formaci\u00f3n informal). Misi\u00f3n de [&hellip;]<\/p>\n","protected":false},"author":1,"featured_media":117974,"parent":5780,"menu_order":0,"comment_status":"closed","ping_status":"closed","template":"","meta":{"_acf_changed":false,"footnotes":""},"class_list":["post-11463","page","type-page","status-publish","has-post-thumbnail","hentry"],"acf":[],"yoast_head":"<!-- This site is optimized with the Yoast SEO plugin v27.2 - https:\/\/yoast.com\/product\/yoast-seo-wordpress\/ -->\n<title>Redes Mundiales Anabautistas de Educaci\u00f3n (GAEN) - Mennonite World Conference<\/title>\n<meta name=\"robots\" content=\"index, follow, max-snippet:-1, max-image-preview:large, max-video-preview:-1\" \/>\n<link rel=\"canonical\" href=\"https:\/\/mwc-cmm.org\/es\/redes-del-cmm\/redes-mundiales-anabautistas-de-educacion-gaen\/\" \/>\n<meta property=\"og:locale\" content=\"es_ES\" \/>\n<meta property=\"og:type\" content=\"article\" \/>\n<meta property=\"og:title\" content=\"Redes Mundiales Anabautistas de Educaci\u00f3n (GAEN) - Mennonite World Conference\" \/>\n<meta property=\"og:description\" content=\"La Comisi\u00f3n de Fe y Vida es la que facilita&nbsp;las Redes Mundiales Anabautistas de Educaci\u00f3n (GAEN, por sus siglas en ingl\u00e9s). GAEN conecta institutos educativos operados por integrantes del CMM que trabajan con estudiantes desde la primera infancia hasta la secundaria, y en educaci\u00f3n superior (colegios, universidades, seminarios e institutos de formaci\u00f3n informal). Misi\u00f3n de [&hellip;]\" \/>\n<meta property=\"og:url\" content=\"https:\/\/mwc-cmm.org\/es\/redes-del-cmm\/redes-mundiales-anabautistas-de-educacion-gaen\/\" \/>\n<meta property=\"og:site_name\" content=\"Mennonite World Conference\" \/>\n<meta property=\"article:publisher\" content=\"https:\/\/www.facebook.com\/MennoniteWorldConference\" \/>\n<meta property=\"article:modified_time\" content=\"2025-11-14T18:43:32+00:00\" \/>\n<meta property=\"og:image\" content=\"https:\/\/mwc-cmm.org\/wp-content\/uploads\/2025\/08\/2025-GAEN.jpg\" \/>\n\t<meta property=\"og:image:width\" content=\"1000\" \/>\n\t<meta property=\"og:image:height\" content=\"500\" \/>\n\t<meta property=\"og:image:type\" content=\"image\/jpeg\" \/>\n<script type=\"application\/ld+json\" class=\"yoast-schema-graph\">{\"@context\":\"https:\/\/schema.org\",\"@graph\":[{\"@type\":\"WebPage\",\"@id\":\"https:\/\/mwc-cmm.org\/es\/redes-del-cmm\/redes-mundiales-anabautistas-de-educacion-gaen\/\",\"url\":\"https:\/\/mwc-cmm.org\/es\/redes-del-cmm\/redes-mundiales-anabautistas-de-educacion-gaen\/\",\"name\":\"Redes Mundiales Anabautistas de Educaci\u00f3n (GAEN) - Mennonite World Conference\",\"isPartOf\":{\"@id\":\"https:\/\/mwc-cmm.org\/en\/#website\"},\"primaryImageOfPage\":{\"@id\":\"https:\/\/mwc-cmm.org\/es\/redes-del-cmm\/redes-mundiales-anabautistas-de-educacion-gaen\/#primaryimage\"},\"image\":{\"@id\":\"https:\/\/mwc-cmm.org\/es\/redes-del-cmm\/redes-mundiales-anabautistas-de-educacion-gaen\/#primaryimage\"},\"thumbnailUrl\":\"https:\/\/mwc-cmm.org\/wp-content\/uploads\/2025\/08\/2025-GAEN.jpg\",\"datePublished\":\"2020-11-12T00:00:00+00:00\",\"dateModified\":\"2025-11-14T18:43:32+00:00\",\"breadcrumb\":{\"@id\":\"https:\/\/mwc-cmm.org\/es\/redes-del-cmm\/redes-mundiales-anabautistas-de-educacion-gaen\/#breadcrumb\"},\"inLanguage\":\"es\",\"potentialAction\":[{\"@type\":\"ReadAction\",\"target\":[\"https:\/\/mwc-cmm.org\/es\/redes-del-cmm\/redes-mundiales-anabautistas-de-educacion-gaen\/\"]}]},{\"@type\":\"ImageObject\",\"inLanguage\":\"es\",\"@id\":\"https:\/\/mwc-cmm.org\/es\/redes-del-cmm\/redes-mundiales-anabautistas-de-educacion-gaen\/#primaryimage\",\"url\":\"https:\/\/mwc-cmm.org\/wp-content\/uploads\/2025\/08\/2025-GAEN.jpg\",\"contentUrl\":\"https:\/\/mwc-cmm.org\/wp-content\/uploads\/2025\/08\/2025-GAEN.jpg\",\"width\":1000,\"height\":500,\"caption\":\"2025 GAEN group photo\"},{\"@type\":\"BreadcrumbList\",\"@id\":\"https:\/\/mwc-cmm.org\/es\/redes-del-cmm\/redes-mundiales-anabautistas-de-educacion-gaen\/#breadcrumb\",\"itemListElement\":[{\"@type\":\"ListItem\",\"position\":1,\"name\":\"Home\",\"item\":\"https:\/\/mwc-cmm.org\/es\/\"},{\"@type\":\"ListItem\",\"position\":2,\"name\":\"Redes del CMM\",\"item\":\"https:\/\/mwc-cmm.org\/es\/redes-del-cmm\/\"},{\"@type\":\"ListItem\",\"position\":3,\"name\":\"Redes Mundiales Anabautistas de Educaci\u00f3n (GAEN)\"}]},{\"@type\":\"WebSite\",\"@id\":\"https:\/\/mwc-cmm.org\/en\/#website\",\"url\":\"https:\/\/mwc-cmm.org\/en\/\",\"name\":\"Mennonite World Conference\",\"description\":\"A communion of Anabaptist-related churches\",\"publisher\":{\"@id\":\"https:\/\/mwc-cmm.org\/en\/#organization\"},\"alternateName\":\"MWC\",\"potentialAction\":[{\"@type\":\"SearchAction\",\"target\":{\"@type\":\"EntryPoint\",\"urlTemplate\":\"https:\/\/mwc-cmm.org\/en\/?s={search_term_string}\"},\"query-input\":{\"@type\":\"PropertyValueSpecification\",\"valueRequired\":true,\"valueName\":\"search_term_string\"}}],\"inLanguage\":\"es\"},{\"@type\":\"Organization\",\"@id\":\"https:\/\/mwc-cmm.org\/en\/#organization\",\"name\":\"Mennonite World Conference\",\"alternateName\":\"MWC\",\"url\":\"https:\/\/mwc-cmm.org\/en\/\",\"logo\":{\"@type\":\"ImageObject\",\"inLanguage\":\"es\",\"@id\":\"https:\/\/mwc-cmm.org\/en\/#\/schema\/logo\/image\/\",\"url\":\"https:\/\/mwc-cmm.org\/wp-content\/uploads\/2026\/01\/MWC_Sig_Blue_Horiz_webheader1-logo.svg\",\"contentUrl\":\"https:\/\/mwc-cmm.org\/wp-content\/uploads\/2026\/01\/MWC_Sig_Blue_Horiz_webheader1-logo.svg\",\"width\":786,\"height\":82,\"caption\":\"Mennonite World Conference\"},\"image\":{\"@id\":\"https:\/\/mwc-cmm.org\/en\/#\/schema\/logo\/image\/\"},\"sameAs\":[\"https:\/\/www.facebook.com\/MennoniteWorldConference\",\"https:\/\/www.linkedin.com\/company\/mennonite-world-conference-mwc\/\",\"https:\/\/www.instagram.com\/mwcmm\/\",\"https:\/\/www.youtube.com\/user\/mwccmm\",\"https:\/\/bsky.app\/profile\/mwcmm.bsky.social\"]}]}<\/script>\n<!-- \/ Yoast SEO plugin. -->","yoast_head_json":{"title":"Redes Mundiales Anabautistas de Educaci\u00f3n (GAEN) - Mennonite World Conference","robots":{"index":"index","follow":"follow","max-snippet":"max-snippet:-1","max-image-preview":"max-image-preview:large","max-video-preview":"max-video-preview:-1"},"canonical":"https:\/\/mwc-cmm.org\/es\/redes-del-cmm\/redes-mundiales-anabautistas-de-educacion-gaen\/","og_locale":"es_ES","og_type":"article","og_title":"Redes Mundiales Anabautistas de Educaci\u00f3n (GAEN) - Mennonite World Conference","og_description":"La Comisi\u00f3n de Fe y Vida es la que facilita&nbsp;las Redes Mundiales Anabautistas de Educaci\u00f3n (GAEN, por sus siglas en ingl\u00e9s). GAEN conecta institutos educativos operados por integrantes del CMM que trabajan con estudiantes desde la primera infancia hasta la secundaria, y en educaci\u00f3n superior (colegios, universidades, seminarios e institutos de formaci\u00f3n informal). Misi\u00f3n de [&hellip;]","og_url":"https:\/\/mwc-cmm.org\/es\/redes-del-cmm\/redes-mundiales-anabautistas-de-educacion-gaen\/","og_site_name":"Mennonite World Conference","article_publisher":"https:\/\/www.facebook.com\/MennoniteWorldConference","article_modified_time":"2025-11-14T18:43:32+00:00","og_image":[{"width":1000,"height":500,"url":"https:\/\/mwc-cmm.org\/wp-content\/uploads\/2025\/08\/2025-GAEN.jpg","type":"image\/jpeg"}],"schema":{"@context":"https:\/\/schema.org","@graph":[{"@type":"WebPage","@id":"https:\/\/mwc-cmm.org\/es\/redes-del-cmm\/redes-mundiales-anabautistas-de-educacion-gaen\/","url":"https:\/\/mwc-cmm.org\/es\/redes-del-cmm\/redes-mundiales-anabautistas-de-educacion-gaen\/","name":"Redes Mundiales Anabautistas de Educaci\u00f3n (GAEN) - Mennonite World Conference","isPartOf":{"@id":"https:\/\/mwc-cmm.org\/en\/#website"},"primaryImageOfPage":{"@id":"https:\/\/mwc-cmm.org\/es\/redes-del-cmm\/redes-mundiales-anabautistas-de-educacion-gaen\/#primaryimage"},"image":{"@id":"https:\/\/mwc-cmm.org\/es\/redes-del-cmm\/redes-mundiales-anabautistas-de-educacion-gaen\/#primaryimage"},"thumbnailUrl":"https:\/\/mwc-cmm.org\/wp-content\/uploads\/2025\/08\/2025-GAEN.jpg","datePublished":"2020-11-12T00:00:00+00:00","dateModified":"2025-11-14T18:43:32+00:00","breadcrumb":{"@id":"https:\/\/mwc-cmm.org\/es\/redes-del-cmm\/redes-mundiales-anabautistas-de-educacion-gaen\/#breadcrumb"},"inLanguage":"es","potentialAction":[{"@type":"ReadAction","target":["https:\/\/mwc-cmm.org\/es\/redes-del-cmm\/redes-mundiales-anabautistas-de-educacion-gaen\/"]}]},{"@type":"ImageObject","inLanguage":"es","@id":"https:\/\/mwc-cmm.org\/es\/redes-del-cmm\/redes-mundiales-anabautistas-de-educacion-gaen\/#primaryimage","url":"https:\/\/mwc-cmm.org\/wp-content\/uploads\/2025\/08\/2025-GAEN.jpg","contentUrl":"https:\/\/mwc-cmm.org\/wp-content\/uploads\/2025\/08\/2025-GAEN.jpg","width":1000,"height":500,"caption":"2025 GAEN group photo"},{"@type":"BreadcrumbList","@id":"https:\/\/mwc-cmm.org\/es\/redes-del-cmm\/redes-mundiales-anabautistas-de-educacion-gaen\/#breadcrumb","itemListElement":[{"@type":"ListItem","position":1,"name":"Home","item":"https:\/\/mwc-cmm.org\/es\/"},{"@type":"ListItem","position":2,"name":"Redes del CMM","item":"https:\/\/mwc-cmm.org\/es\/redes-del-cmm\/"},{"@type":"ListItem","position":3,"name":"Redes Mundiales Anabautistas de Educaci\u00f3n (GAEN)"}]},{"@type":"WebSite","@id":"https:\/\/mwc-cmm.org\/en\/#website","url":"https:\/\/mwc-cmm.org\/en\/","name":"Mennonite World Conference","description":"A communion of Anabaptist-related churches","publisher":{"@id":"https:\/\/mwc-cmm.org\/en\/#organization"},"alternateName":"MWC","potentialAction":[{"@type":"SearchAction","target":{"@type":"EntryPoint","urlTemplate":"https:\/\/mwc-cmm.org\/en\/?s={search_term_string}"},"query-input":{"@type":"PropertyValueSpecification","valueRequired":true,"valueName":"search_term_string"}}],"inLanguage":"es"},{"@type":"Organization","@id":"https:\/\/mwc-cmm.org\/en\/#organization","name":"Mennonite World Conference","alternateName":"MWC","url":"https:\/\/mwc-cmm.org\/en\/","logo":{"@type":"ImageObject","inLanguage":"es","@id":"https:\/\/mwc-cmm.org\/en\/#\/schema\/logo\/image\/","url":"https:\/\/mwc-cmm.org\/wp-content\/uploads\/2026\/01\/MWC_Sig_Blue_Horiz_webheader1-logo.svg","contentUrl":"https:\/\/mwc-cmm.org\/wp-content\/uploads\/2026\/01\/MWC_Sig_Blue_Horiz_webheader1-logo.svg","width":786,"height":82,"caption":"Mennonite World Conference"},"image":{"@id":"https:\/\/mwc-cmm.org\/en\/#\/schema\/logo\/image\/"},"sameAs":["https:\/\/www.facebook.com\/MennoniteWorldConference","https:\/\/www.linkedin.com\/company\/mennonite-world-conference-mwc\/","https:\/\/www.instagram.com\/mwcmm\/","https:\/\/www.youtube.com\/user\/mwccmm","https:\/\/bsky.app\/profile\/mwcmm.bsky.social"]}]}},"_links":{"self":[{"href":"https:\/\/mwc-cmm.org\/es\/wp-json\/wp\/v2\/pages\/11463","targetHints":{"allow":["GET"]}}],"collection":[{"href":"https:\/\/mwc-cmm.org\/es\/wp-json\/wp\/v2\/pages"}],"about":[{"href":"https:\/\/mwc-cmm.org\/es\/wp-json\/wp\/v2\/types\/page"}],"author":[{"embeddable":true,"href":"https:\/\/mwc-cmm.org\/es\/wp-json\/wp\/v2\/users\/1"}],"replies":[{"embeddable":true,"href":"https:\/\/mwc-cmm.org\/es\/wp-json\/wp\/v2\/comments?post=11463"}],"version-history":[{"count":0,"href":"https:\/\/mwc-cmm.org\/es\/wp-json\/wp\/v2\/pages\/11463\/revisions"}],"up":[{"embeddable":true,"href":"https:\/\/mwc-cmm.org\/es\/wp-json\/wp\/v2\/pages\/5780"}],"wp:featuredmedia":[{"embeddable":true,"href":"https:\/\/mwc-cmm.org\/es\/wp-json\/wp\/v2\/media\/117974"}],"wp:attachment":[{"href":"https:\/\/mwc-cmm.org\/es\/wp-json\/wp\/v2\/media?parent=11463"}],"curies":[{"name":"wp","href":"https:\/\/api.w.org\/{rel}","templated":true}]}}