{"id":11461,"date":"2020-06-16T00:00:00","date_gmt":"2020-06-16T00:00:00","guid":{"rendered":"https:\/\/mwc-cmm.org\/creation-care-task-force-2\/"},"modified":"2026-03-18T10:05:10","modified_gmt":"2026-03-18T10:05:10","slug":"grupo-de-trabajo-de-cuidado-de-la-creacion","status":"publish","type":"page","link":"https:\/\/mwc-cmm.org\/es\/grupo-de-trabajo-de-cuidado-de-la-creacion\/","title":{"rendered":"Grupo de Trabajo de Cuidado de la Creaci\u00f3n"},"content":{"rendered":"\n<div class=\"wp-block-columns is-layout-flex wp-container-core-columns-is-layout-28f84493 wp-block-columns-is-layout-flex\">\n<div class=\"wp-block-column is-layout-flow wp-block-column-is-layout-flow\" style=\"flex-basis:66.66%\">\n<p>El CMM es una comuni\u00f3n mundial de iglesias anabautistas que juntas enfrentan la crisis clim\u00e1tica.<\/p>\n\n\n\n<p>Lo fundamental de nuestro esp\u00edritu es responder fielmente a los desaf\u00edos de nuestro mundo. \u00bfQu\u00e9 significa seguir a Jes\u00fas en esta crisis?<\/p>\n\n\n\n<p>Este grupo de trabajo formular\u00e1 un plan de respuesta del CMM e iniciar\u00e1 actividades destinadas a aumentar la conciencia y la acci\u00f3n.<\/p>\n<\/div>\n\n\n\n<div class=\"wp-block-column is-layout-flow wp-block-column-is-layout-flow\" style=\"flex-basis:33.33%\">\n<h2 class=\"wp-block-heading is-style-green-eyebrow\">Aprende m\u00e1s<\/h2>\n\n\n\n<div class=\"wp-block-buttons is-layout-flex wp-block-buttons-is-layout-flex\">\n<div class=\"wp-block-button\"><a class=\"wp-block-button__link wp-element-button\" href=\"https:\/\/mwc-cmm.org\/es\/grupo-de-trabajo-de-cuidado-de-la-creacion\/tiempo-de-la-creacion-oraciones\/\">Tiempo de la Creaci\u00f3n<\/a><\/div>\n<\/div>\n\n\n\n<div class=\"wp-block-buttons is-layout-flex wp-block-buttons-is-layout-flex\">\n<div class=\"wp-block-button\"><a class=\"wp-block-button__link wp-element-button\" href=\"https:\/\/mwc-cmm.org\/en\/creation-care-task-force\/creation-care-grant\/\">Creation Care Grant<\/a><\/div>\n\n\n\n<div class=\"wp-block-button\"><a class=\"wp-block-button__link wp-element-button\" href=\"https:\/\/mwc-cmm.org\/en\/creation-care-task-force\/creation-care-task-force-stories\/\">Noticias<\/a><\/div>\n\n\n\n<div class=\"wp-block-button\"><a class=\"wp-block-button__link wp-element-button\" href=\"https:\/\/mwc-cmm.org\/es\/recursos\/?_resource_network=creation-care-task-force\">Recursos<\/a><\/div>\n<\/div>\n<\/div>\n<\/div>\n\n\n\n<h2 class=\"wp-block-heading\">El Grupo de Trabajo de Cuidado de la Creaci\u00f3n trabajar\u00e1 con las iglesias miembro del CMM para:<\/h2>\n\n\n\n<ul class=\"wp-block-list\">\n<li>Incrementar la conciencia sobre la crisis clim\u00e1tica.<\/li>\n\n\n\n<li>Presentar maneras pr\u00e1cticas de alentar un estilo de vida fiel desde un punto de vista ecol\u00f3gico.<\/li>\n\n\n\n<li>Explorar las formas en la que los pa\u00edses representados est\u00e1n siendo afectados por la crisis clim\u00e1tica.<\/li>\n\n\n\n<li>Alentar el desarrollo de capacidades b\u00edblicas y teol\u00f3gicas relevantes para la crisis clim\u00e1tica.<\/li>\n\n\n\n<li>Desarrollar un plan estrat\u00e9gico para el CMM que incluya proyectos pr\u00e1cticos a corto plazo y compromisos a mediano y largo plazo.<\/li>\n<\/ul>\n\n\n\n<div class=\"wp-block-buttons is-layout-flex wp-block-buttons-is-layout-flex\">\n<div class=\"wp-block-button\"><a class=\"wp-block-button__link wp-element-button\" href=\"https:\/\/mwc-cmm.org\/es\/resources\/propuesta-grupo-de-trabajo-de-cuidado-de-la-creaci%c2%97n\/\">Propuesta: Grupo de Trabajo de Cuidado de la Creaci\u00f3n<\/a><\/div>\n<\/div>\n\n\n\n<h2 class=\"wp-block-heading is-style-green-eyebrow\">Conozca a su Grupo de Trabajo de Cuidado de la Creaci\u00f3n<\/h2>\n\n\n\n<div class=\"wp-block-columns is-layout-flex wp-container-core-columns-is-layout-28f84493 wp-block-columns-is-layout-flex\">\n<div class=\"wp-block-column is-layout-flow wp-block-column-is-layout-flow\">\n<figure class=\"wp-block-image size-full\"><img decoding=\"async\" width=\"600\" height=\"600\" data-src=\"https:\/\/mwc-cmm.org\/wp-content\/uploads\/2026\/03\/DouglasGraberNeufeld20250523IrmaSulistyorini_DSC04852-1.png\" alt=\"\" class=\"wp-image-125191 lazyload\" data-srcset=\"https:\/\/mwc-cmm.org\/wp-content\/uploads\/2026\/03\/DouglasGraberNeufeld20250523IrmaSulistyorini_DSC04852-1.png 600w, https:\/\/mwc-cmm.org\/wp-content\/uploads\/2026\/03\/DouglasGraberNeufeld20250523IrmaSulistyorini_DSC04852-1-300x300.png 300w, https:\/\/mwc-cmm.org\/wp-content\/uploads\/2026\/03\/DouglasGraberNeufeld20250523IrmaSulistyorini_DSC04852-1-150x150.png 150w\" data-sizes=\"(max-width: 600px) 100vw, 600px\" src=\"data:image\/svg+xml;base64,PHN2ZyB3aWR0aD0iMSIgaGVpZ2h0PSIxIiB4bWxucz0iaHR0cDovL3d3dy53My5vcmcvMjAwMC9zdmciPjwvc3ZnPg==\" style=\"--smush-placeholder-width: 600px; --smush-placeholder-aspect-ratio: 600\/600;\" \/><\/figure>\n\n\n\n<h3 class=\"wp-block-heading\">Presidente<\/h3>\n\n\n\n<p><strong>Doug Graber Neufeld<\/strong><\/p>\n\n\n\n<ul class=\"wp-block-list\">\n<li>profesor de biolog\u00eda en la\u00a0Eastern Mennonite University, Harrisonburg, Virginia, Estados Unidos<\/li>\n\n\n\n<li>director del\u00a0Center for Sustainable Climate Solutions.<\/li>\n\n\n\n<li>Iglesia:\u00a0Community Mennonite Church (MCUSA), Harrisonburg, Virginia, EE.UU.<\/li>\n<\/ul>\n<\/div>\n\n\n\n<div class=\"wp-block-column is-layout-flow wp-block-column-is-layout-flow\">\n<figure class=\"wp-block-image size-full\"><img decoding=\"async\" width=\"600\" height=\"600\" data-src=\"https:\/\/mwc-cmm.org\/wp-content\/uploads\/2026\/03\/DavidNussbaumer20250524IrmaSulistyorini_DSC05108-1.png\" alt=\"\" class=\"wp-image-125177 lazyload\" data-srcset=\"https:\/\/mwc-cmm.org\/wp-content\/uploads\/2026\/03\/DavidNussbaumer20250524IrmaSulistyorini_DSC05108-1.png 600w, https:\/\/mwc-cmm.org\/wp-content\/uploads\/2026\/03\/DavidNussbaumer20250524IrmaSulistyorini_DSC05108-1-300x300.png 300w, https:\/\/mwc-cmm.org\/wp-content\/uploads\/2026\/03\/DavidNussbaumer20250524IrmaSulistyorini_DSC05108-1-150x150.png 150w\" data-sizes=\"(max-width: 600px) 100vw, 600px\" src=\"data:image\/svg+xml;base64,PHN2ZyB3aWR0aD0iMSIgaGVpZ2h0PSIxIiB4bWxucz0iaHR0cDovL3d3dy53My5vcmcvMjAwMC9zdmciPjwvc3ZnPg==\" style=\"--smush-placeholder-width: 600px; --smush-placeholder-aspect-ratio: 600\/600;\" \/><\/figure>\n\n\n\n<h3 class=\"wp-block-heading\">Europa<\/h3>\n\n\n\n<p><strong>David Nussbaumer<\/strong><\/p>\n\n\n\n<ul class=\"wp-block-list\">\n<li>Biodiversity Offset Coordinator, CEN Alsace, France<\/li>\n\n\n\n<li>Graduate Diploma in Christian Studies, Regent College, Vancouver, Canad\u00e1<\/li>\n\n\n\n<li>Iglesia: \u00c9glise mennonite d&#8217;Altkirch, France<\/li>\n<\/ul>\n<\/div>\n\n\n\n<div class=\"wp-block-column is-layout-flow wp-block-column-is-layout-flow\">\n<figure class=\"wp-block-image size-full\"><img decoding=\"async\" width=\"600\" height=\"600\" data-src=\"https:\/\/mwc-cmm.org\/wp-content\/uploads\/2026\/03\/Sibonokuhle-Ncube-1.png\" alt=\"\" class=\"wp-image-125233 lazyload\" data-srcset=\"https:\/\/mwc-cmm.org\/wp-content\/uploads\/2026\/03\/Sibonokuhle-Ncube-1.png 600w, https:\/\/mwc-cmm.org\/wp-content\/uploads\/2026\/03\/Sibonokuhle-Ncube-1-300x300.png 300w, https:\/\/mwc-cmm.org\/wp-content\/uploads\/2026\/03\/Sibonokuhle-Ncube-1-150x150.png 150w\" data-sizes=\"(max-width: 600px) 100vw, 600px\" src=\"data:image\/svg+xml;base64,PHN2ZyB3aWR0aD0iMSIgaGVpZ2h0PSIxIiB4bWxucz0iaHR0cDovL3d3dy53My5vcmcvMjAwMC9zdmciPjwvc3ZnPg==\" style=\"--smush-placeholder-width: 600px; --smush-placeholder-aspect-ratio: 600\/600;\" \/><\/figure>\n\n\n\n<h3 class=\"wp-block-heading\">\u00c1frica<\/h3>\n\n\n\n<p><strong>Sibonokuhle Ncube<\/strong><\/p>\n\n\n\n<ul class=\"wp-block-list\">\n<li>coordinadora nacional del servicio de desarrollo compasivo, Iglesia Hermanos en Cristo, Zimbabue;<br>MDiv (candidata),\u00a0Anabaptist Mennonite Biblical Seminary, Elkhart, Indiana<\/li>\n<\/ul>\n<\/div>\n<\/div>\n\n\n\n<div class=\"wp-block-columns is-layout-flex wp-container-core-columns-is-layout-28f84493 wp-block-columns-is-layout-flex\">\n<div class=\"wp-block-column is-layout-flow wp-block-column-is-layout-flow\">\n<figure class=\"wp-block-image size-full\"><img decoding=\"async\" width=\"600\" height=\"600\" data-src=\"https:\/\/mwc-cmm.org\/wp-content\/uploads\/2026\/03\/JulianaMorillo20250524IrmaSulistyorini_DSC05122-1.png\" alt=\"\" class=\"wp-image-125248 lazyload\" data-srcset=\"https:\/\/mwc-cmm.org\/wp-content\/uploads\/2026\/03\/JulianaMorillo20250524IrmaSulistyorini_DSC05122-1.png 600w, https:\/\/mwc-cmm.org\/wp-content\/uploads\/2026\/03\/JulianaMorillo20250524IrmaSulistyorini_DSC05122-1-300x300.png 300w, https:\/\/mwc-cmm.org\/wp-content\/uploads\/2026\/03\/JulianaMorillo20250524IrmaSulistyorini_DSC05122-1-150x150.png 150w\" data-sizes=\"(max-width: 600px) 100vw, 600px\" src=\"data:image\/svg+xml;base64,PHN2ZyB3aWR0aD0iMSIgaGVpZ2h0PSIxIiB4bWxucz0iaHR0cDovL3d3dy53My5vcmcvMjAwMC9zdmciPjwvc3ZnPg==\" style=\"--smush-placeholder-width: 600px; --smush-placeholder-aspect-ratio: 600\/600;\" \/><\/figure>\n\n\n\n<h3 class=\"wp-block-heading\">Am\u00e9rica Latina<\/h3>\n\n\n\n<p><strong>Juliana Morillo<\/strong><\/p>\n\n\n\n<ul class=\"wp-block-list\">\n<li>misionera en Per\u00fa y actualmente en Colombia.<\/li>\n\n\n\n<li>Es parte de la iglesia Menonita de Teusaquillo en Bogot\u00e1.<\/li>\n\n\n\n<li>Magister\u00a0en Desarrollo y Saneamiento Ambiental, y\u00a0<\/li>\n\n\n\n<li>facilitadora para Am\u00e9rica Latina,\u00a0de la Red para el Cuidado de la Creaci\u00f3n, del Movimiento Lausana y la Alianza Evang\u00e9lica Mundial.<\/li>\n<\/ul>\n<\/div>\n\n\n\n<div class=\"wp-block-column is-layout-flow wp-block-column-is-layout-flow\">\n<figure class=\"wp-block-image size-full\"><img decoding=\"async\" width=\"600\" height=\"600\" data-src=\"https:\/\/mwc-cmm.org\/wp-content\/uploads\/2026\/03\/NindyoSasongko20250523IrmaSulistyorini_DSC04882-1.png\" alt=\"\" class=\"wp-image-125219 lazyload\" data-srcset=\"https:\/\/mwc-cmm.org\/wp-content\/uploads\/2026\/03\/NindyoSasongko20250523IrmaSulistyorini_DSC04882-1.png 600w, https:\/\/mwc-cmm.org\/wp-content\/uploads\/2026\/03\/NindyoSasongko20250523IrmaSulistyorini_DSC04882-1-300x300.png 300w, https:\/\/mwc-cmm.org\/wp-content\/uploads\/2026\/03\/NindyoSasongko20250523IrmaSulistyorini_DSC04882-1-150x150.png 150w\" data-sizes=\"(max-width: 600px) 100vw, 600px\" src=\"data:image\/svg+xml;base64,PHN2ZyB3aWR0aD0iMSIgaGVpZ2h0PSIxIiB4bWxucz0iaHR0cDovL3d3dy53My5vcmcvMjAwMC9zdmciPjwvc3ZnPg==\" style=\"--smush-placeholder-width: 600px; --smush-placeholder-aspect-ratio: 600\/600;\" \/><\/figure>\n\n\n\n<h3 class=\"wp-block-heading\">Asia<\/h3>\n\n\n\n<p><strong>Nindyo Sasongko<\/strong><\/p>\n\n\n\n<ul class=\"wp-block-list\">\n<li>PhD (candidato), teolog\u00eda sistem\u00e1tica,\u00a0Fordham University;<\/li>\n\n\n\n<li>ministro,\u00a0Persatuan Gereja-Gereja Kristen Muria Indonesia, Indonesia<\/li>\n<\/ul>\n<\/div>\n\n\n\n<div class=\"wp-block-column is-layout-flow wp-block-column-is-layout-flow\">\n<figure class=\"wp-block-image size-full\"><img decoding=\"async\" width=\"600\" height=\"600\" data-src=\"https:\/\/mwc-cmm.org\/wp-content\/uploads\/2026\/03\/JenniferSchrock20250524IrmaSulistyorini_DSC05089-1.png\" alt=\"\" class=\"wp-image-125205 lazyload\" data-srcset=\"https:\/\/mwc-cmm.org\/wp-content\/uploads\/2026\/03\/JenniferSchrock20250524IrmaSulistyorini_DSC05089-1.png 600w, https:\/\/mwc-cmm.org\/wp-content\/uploads\/2026\/03\/JenniferSchrock20250524IrmaSulistyorini_DSC05089-1-300x300.png 300w, https:\/\/mwc-cmm.org\/wp-content\/uploads\/2026\/03\/JenniferSchrock20250524IrmaSulistyorini_DSC05089-1-150x150.png 150w\" data-sizes=\"(max-width: 600px) 100vw, 600px\" src=\"data:image\/svg+xml;base64,PHN2ZyB3aWR0aD0iMSIgaGVpZ2h0PSIxIiB4bWxucz0iaHR0cDovL3d3dy53My5vcmcvMjAwMC9zdmciPjwvc3ZnPg==\" style=\"--smush-placeholder-width: 600px; --smush-placeholder-aspect-ratio: 600\/600;\" \/><\/figure>\n\n\n\n<h3 class=\"wp-block-heading\">Am\u00e9rica del Norte<\/h3>\n\n\n\n<p><strong>Jennifer Schrock<\/strong><\/p>\n\n\n\n<ul class=\"wp-block-list\">\n<li>MDiv,\u00a0Chicago Theological Seminary;<\/li>\n\n\n\n<li>Directora, Red Menonita para el Cuidado de la Creaci\u00f3n, Goshen, Indiana, EE.UU.<\/li>\n\n\n\n<li>Iglesia:\u00a0Berkey Avenue Mennonite Fellowship, Goshen, Indiana, EE.UU.<\/li>\n<\/ul>\n<\/div>\n<\/div>\n\n\n\n<div class=\"wp-block-columns is-layout-flex wp-container-core-columns-is-layout-28f84493 wp-block-columns-is-layout-flex\">\n<div class=\"wp-block-column is-layout-flow wp-block-column-is-layout-flow\">\n<figure class=\"wp-block-image size-full\"><img decoding=\"async\" width=\"600\" height=\"600\" data-src=\"https:\/\/mwc-cmm.org\/wp-content\/uploads\/2026\/03\/AnnaVogt20250524IrmaSulistyorini_DSC05087-1.png\" alt=\"\" class=\"wp-image-125163 lazyload\" data-srcset=\"https:\/\/mwc-cmm.org\/wp-content\/uploads\/2026\/03\/AnnaVogt20250524IrmaSulistyorini_DSC05087-1.png 600w, https:\/\/mwc-cmm.org\/wp-content\/uploads\/2026\/03\/AnnaVogt20250524IrmaSulistyorini_DSC05087-1-300x300.png 300w, https:\/\/mwc-cmm.org\/wp-content\/uploads\/2026\/03\/AnnaVogt20250524IrmaSulistyorini_DSC05087-1-150x150.png 150w\" data-sizes=\"(max-width: 600px) 100vw, 600px\" src=\"data:image\/svg+xml;base64,PHN2ZyB3aWR0aD0iMSIgaGVpZ2h0PSIxIiB4bWxucz0iaHR0cDovL3d3dy53My5vcmcvMjAwMC9zdmciPjwvc3ZnPg==\" style=\"--smush-placeholder-width: 600px; --smush-placeholder-aspect-ratio: 600\/600;\" \/><\/figure>\n\n\n\n<h3 class=\"wp-block-heading\">MCC<\/h3>\n\n\n\n<p><strong>Anna Vogt<\/strong><\/p>\n\n\n\n<ul class=\"wp-block-list\">\n<li>Directora de MCC Ottawa,<\/li>\n\n\n\n<li>anteriormente de CCM SEMILLA y Justapaz en Colombia.<\/li>\n<\/ul>\n<\/div>\n\n\n\n<div class=\"wp-block-column is-layout-flow wp-block-column-is-layout-flow\"><\/div>\n\n\n\n<div class=\"wp-block-column is-layout-flow wp-block-column-is-layout-flow\"><\/div>\n<\/div>\n","protected":false},"excerpt":{"rendered":"<p>El CMM es una comuni\u00f3n mundial de iglesias anabautistas que juntas enfrentan la crisis clim\u00e1tica. Lo fundamental de nuestro esp\u00edritu es responder fielmente a los desaf\u00edos de nuestro mundo. \u00bfQu\u00e9 significa seguir a Jes\u00fas en esta crisis? Este grupo de trabajo formular\u00e1 un plan de respuesta del CMM e iniciar\u00e1 actividades destinadas a aumentar la [&hellip;]<\/p>\n","protected":false},"author":1,"featured_media":0,"parent":0,"menu_order":0,"comment_status":"closed","ping_status":"closed","template":"","meta":{"_acf_changed":false,"footnotes":""},"class_list":["post-11461","page","type-page","status-publish","hentry"],"acf":[],"yoast_head":"<!-- This site is optimized with the Yoast SEO plugin v27.2 - https:\/\/yoast.com\/product\/yoast-seo-wordpress\/ -->\n<title>Grupo de Trabajo de Cuidado de la Creaci\u00f3n - Mennonite World Conference<\/title>\n<meta name=\"robots\" content=\"index, follow, max-snippet:-1, max-image-preview:large, max-video-preview:-1\" \/>\n<link rel=\"canonical\" href=\"https:\/\/mwc-cmm.org\/es\/grupo-de-trabajo-de-cuidado-de-la-creacion\/\" \/>\n<meta property=\"og:locale\" content=\"es_ES\" \/>\n<meta property=\"og:type\" content=\"article\" \/>\n<meta property=\"og:title\" content=\"Grupo de Trabajo de Cuidado de la Creaci\u00f3n - Mennonite World Conference\" \/>\n<meta property=\"og:description\" content=\"El CMM es una comuni\u00f3n mundial de iglesias anabautistas que juntas enfrentan la crisis clim\u00e1tica. Lo fundamental de nuestro esp\u00edritu es responder fielmente a los desaf\u00edos de nuestro mundo. \u00bfQu\u00e9 significa seguir a Jes\u00fas en esta crisis? Este grupo de trabajo formular\u00e1 un plan de respuesta del CMM e iniciar\u00e1 actividades destinadas a aumentar la [&hellip;]\" \/>\n<meta property=\"og:url\" content=\"https:\/\/mwc-cmm.org\/es\/grupo-de-trabajo-de-cuidado-de-la-creacion\/\" \/>\n<meta property=\"og:site_name\" content=\"Mennonite World Conference\" \/>\n<meta property=\"article:publisher\" content=\"https:\/\/www.facebook.com\/MennoniteWorldConference\" \/>\n<meta property=\"article:modified_time\" content=\"2026-03-18T10:05:10+00:00\" \/>\n<meta property=\"og:image\" content=\"https:\/\/mwc-cmm.org\/wp-content\/uploads\/2026\/03\/DouglasGraberNeufeld20250523IrmaSulistyorini_DSC04852-1.png\" \/>\n\t<meta property=\"og:image:width\" content=\"600\" \/>\n\t<meta property=\"og:image:height\" content=\"600\" \/>\n\t<meta property=\"og:image:type\" content=\"image\/png\" \/>\n<script type=\"application\/ld+json\" class=\"yoast-schema-graph\">{\"@context\":\"https:\/\/schema.org\",\"@graph\":[{\"@type\":\"WebPage\",\"@id\":\"https:\/\/mwc-cmm.org\/es\/grupo-de-trabajo-de-cuidado-de-la-creacion\/\",\"url\":\"https:\/\/mwc-cmm.org\/es\/grupo-de-trabajo-de-cuidado-de-la-creacion\/\",\"name\":\"Grupo de Trabajo de Cuidado de la Creaci\u00f3n - Mennonite World Conference\",\"isPartOf\":{\"@id\":\"https:\/\/mwc-cmm.org\/en\/#website\"},\"primaryImageOfPage\":{\"@id\":\"https:\/\/mwc-cmm.org\/es\/grupo-de-trabajo-de-cuidado-de-la-creacion\/#primaryimage\"},\"image\":{\"@id\":\"https:\/\/mwc-cmm.org\/es\/grupo-de-trabajo-de-cuidado-de-la-creacion\/#primaryimage\"},\"thumbnailUrl\":\"https:\/\/mwc-cmm.org\/wp-content\/uploads\/2026\/03\/DouglasGraberNeufeld20250523IrmaSulistyorini_DSC04852-1.png\",\"datePublished\":\"2020-06-16T00:00:00+00:00\",\"dateModified\":\"2026-03-18T10:05:10+00:00\",\"breadcrumb\":{\"@id\":\"https:\/\/mwc-cmm.org\/es\/grupo-de-trabajo-de-cuidado-de-la-creacion\/#breadcrumb\"},\"inLanguage\":\"es\",\"potentialAction\":[{\"@type\":\"ReadAction\",\"target\":[\"https:\/\/mwc-cmm.org\/es\/grupo-de-trabajo-de-cuidado-de-la-creacion\/\"]}]},{\"@type\":\"ImageObject\",\"inLanguage\":\"es\",\"@id\":\"https:\/\/mwc-cmm.org\/es\/grupo-de-trabajo-de-cuidado-de-la-creacion\/#primaryimage\",\"url\":\"https:\/\/mwc-cmm.org\/wp-content\/uploads\/2026\/03\/DouglasGraberNeufeld20250523IrmaSulistyorini_DSC04852-1.png\",\"contentUrl\":\"https:\/\/mwc-cmm.org\/wp-content\/uploads\/2026\/03\/DouglasGraberNeufeld20250523IrmaSulistyorini_DSC04852-1.png\"},{\"@type\":\"BreadcrumbList\",\"@id\":\"https:\/\/mwc-cmm.org\/es\/grupo-de-trabajo-de-cuidado-de-la-creacion\/#breadcrumb\",\"itemListElement\":[{\"@type\":\"ListItem\",\"position\":1,\"name\":\"Home\",\"item\":\"https:\/\/mwc-cmm.org\/es\/\"},{\"@type\":\"ListItem\",\"position\":2,\"name\":\"Grupo de Trabajo de Cuidado de la Creaci\u00f3n\"}]},{\"@type\":\"WebSite\",\"@id\":\"https:\/\/mwc-cmm.org\/en\/#website\",\"url\":\"https:\/\/mwc-cmm.org\/en\/\",\"name\":\"Mennonite World Conference\",\"description\":\"A communion of Anabaptist-related churches\",\"publisher\":{\"@id\":\"https:\/\/mwc-cmm.org\/en\/#organization\"},\"alternateName\":\"MWC\",\"potentialAction\":[{\"@type\":\"SearchAction\",\"target\":{\"@type\":\"EntryPoint\",\"urlTemplate\":\"https:\/\/mwc-cmm.org\/en\/?s={search_term_string}\"},\"query-input\":{\"@type\":\"PropertyValueSpecification\",\"valueRequired\":true,\"valueName\":\"search_term_string\"}}],\"inLanguage\":\"es\"},{\"@type\":\"Organization\",\"@id\":\"https:\/\/mwc-cmm.org\/en\/#organization\",\"name\":\"Mennonite World Conference\",\"alternateName\":\"MWC\",\"url\":\"https:\/\/mwc-cmm.org\/en\/\",\"logo\":{\"@type\":\"ImageObject\",\"inLanguage\":\"es\",\"@id\":\"https:\/\/mwc-cmm.org\/en\/#\/schema\/logo\/image\/\",\"url\":\"https:\/\/mwc-cmm.org\/wp-content\/uploads\/2026\/01\/MWC_Sig_Blue_Horiz_webheader1-logo.svg\",\"contentUrl\":\"https:\/\/mwc-cmm.org\/wp-content\/uploads\/2026\/01\/MWC_Sig_Blue_Horiz_webheader1-logo.svg\",\"width\":786,\"height\":82,\"caption\":\"Mennonite World Conference\"},\"image\":{\"@id\":\"https:\/\/mwc-cmm.org\/en\/#\/schema\/logo\/image\/\"},\"sameAs\":[\"https:\/\/www.facebook.com\/MennoniteWorldConference\",\"https:\/\/www.linkedin.com\/company\/mennonite-world-conference-mwc\/\",\"https:\/\/www.instagram.com\/mwcmm\/\",\"https:\/\/www.youtube.com\/user\/mwccmm\",\"https:\/\/bsky.app\/profile\/mwcmm.bsky.social\"]}]}<\/script>\n<!-- \/ Yoast SEO plugin. -->","yoast_head_json":{"title":"Grupo de Trabajo de Cuidado de la Creaci\u00f3n - Mennonite World Conference","robots":{"index":"index","follow":"follow","max-snippet":"max-snippet:-1","max-image-preview":"max-image-preview:large","max-video-preview":"max-video-preview:-1"},"canonical":"https:\/\/mwc-cmm.org\/es\/grupo-de-trabajo-de-cuidado-de-la-creacion\/","og_locale":"es_ES","og_type":"article","og_title":"Grupo de Trabajo de Cuidado de la Creaci\u00f3n - Mennonite World Conference","og_description":"El CMM es una comuni\u00f3n mundial de iglesias anabautistas que juntas enfrentan la crisis clim\u00e1tica. Lo fundamental de nuestro esp\u00edritu es responder fielmente a los desaf\u00edos de nuestro mundo. \u00bfQu\u00e9 significa seguir a Jes\u00fas en esta crisis? Este grupo de trabajo formular\u00e1 un plan de respuesta del CMM e iniciar\u00e1 actividades destinadas a aumentar la [&hellip;]","og_url":"https:\/\/mwc-cmm.org\/es\/grupo-de-trabajo-de-cuidado-de-la-creacion\/","og_site_name":"Mennonite World Conference","article_publisher":"https:\/\/www.facebook.com\/MennoniteWorldConference","article_modified_time":"2026-03-18T10:05:10+00:00","og_image":[{"width":600,"height":600,"url":"https:\/\/mwc-cmm.org\/wp-content\/uploads\/2026\/03\/DouglasGraberNeufeld20250523IrmaSulistyorini_DSC04852-1.png","type":"image\/png"}],"schema":{"@context":"https:\/\/schema.org","@graph":[{"@type":"WebPage","@id":"https:\/\/mwc-cmm.org\/es\/grupo-de-trabajo-de-cuidado-de-la-creacion\/","url":"https:\/\/mwc-cmm.org\/es\/grupo-de-trabajo-de-cuidado-de-la-creacion\/","name":"Grupo de Trabajo de Cuidado de la Creaci\u00f3n - Mennonite World Conference","isPartOf":{"@id":"https:\/\/mwc-cmm.org\/en\/#website"},"primaryImageOfPage":{"@id":"https:\/\/mwc-cmm.org\/es\/grupo-de-trabajo-de-cuidado-de-la-creacion\/#primaryimage"},"image":{"@id":"https:\/\/mwc-cmm.org\/es\/grupo-de-trabajo-de-cuidado-de-la-creacion\/#primaryimage"},"thumbnailUrl":"https:\/\/mwc-cmm.org\/wp-content\/uploads\/2026\/03\/DouglasGraberNeufeld20250523IrmaSulistyorini_DSC04852-1.png","datePublished":"2020-06-16T00:00:00+00:00","dateModified":"2026-03-18T10:05:10+00:00","breadcrumb":{"@id":"https:\/\/mwc-cmm.org\/es\/grupo-de-trabajo-de-cuidado-de-la-creacion\/#breadcrumb"},"inLanguage":"es","potentialAction":[{"@type":"ReadAction","target":["https:\/\/mwc-cmm.org\/es\/grupo-de-trabajo-de-cuidado-de-la-creacion\/"]}]},{"@type":"ImageObject","inLanguage":"es","@id":"https:\/\/mwc-cmm.org\/es\/grupo-de-trabajo-de-cuidado-de-la-creacion\/#primaryimage","url":"https:\/\/mwc-cmm.org\/wp-content\/uploads\/2026\/03\/DouglasGraberNeufeld20250523IrmaSulistyorini_DSC04852-1.png","contentUrl":"https:\/\/mwc-cmm.org\/wp-content\/uploads\/2026\/03\/DouglasGraberNeufeld20250523IrmaSulistyorini_DSC04852-1.png"},{"@type":"BreadcrumbList","@id":"https:\/\/mwc-cmm.org\/es\/grupo-de-trabajo-de-cuidado-de-la-creacion\/#breadcrumb","itemListElement":[{"@type":"ListItem","position":1,"name":"Home","item":"https:\/\/mwc-cmm.org\/es\/"},{"@type":"ListItem","position":2,"name":"Grupo de Trabajo de Cuidado de la Creaci\u00f3n"}]},{"@type":"WebSite","@id":"https:\/\/mwc-cmm.org\/en\/#website","url":"https:\/\/mwc-cmm.org\/en\/","name":"Mennonite World Conference","description":"A communion of Anabaptist-related churches","publisher":{"@id":"https:\/\/mwc-cmm.org\/en\/#organization"},"alternateName":"MWC","potentialAction":[{"@type":"SearchAction","target":{"@type":"EntryPoint","urlTemplate":"https:\/\/mwc-cmm.org\/en\/?s={search_term_string}"},"query-input":{"@type":"PropertyValueSpecification","valueRequired":true,"valueName":"search_term_string"}}],"inLanguage":"es"},{"@type":"Organization","@id":"https:\/\/mwc-cmm.org\/en\/#organization","name":"Mennonite World Conference","alternateName":"MWC","url":"https:\/\/mwc-cmm.org\/en\/","logo":{"@type":"ImageObject","inLanguage":"es","@id":"https:\/\/mwc-cmm.org\/en\/#\/schema\/logo\/image\/","url":"https:\/\/mwc-cmm.org\/wp-content\/uploads\/2026\/01\/MWC_Sig_Blue_Horiz_webheader1-logo.svg","contentUrl":"https:\/\/mwc-cmm.org\/wp-content\/uploads\/2026\/01\/MWC_Sig_Blue_Horiz_webheader1-logo.svg","width":786,"height":82,"caption":"Mennonite World Conference"},"image":{"@id":"https:\/\/mwc-cmm.org\/en\/#\/schema\/logo\/image\/"},"sameAs":["https:\/\/www.facebook.com\/MennoniteWorldConference","https:\/\/www.linkedin.com\/company\/mennonite-world-conference-mwc\/","https:\/\/www.instagram.com\/mwcmm\/","https:\/\/www.youtube.com\/user\/mwccmm","https:\/\/bsky.app\/profile\/mwcmm.bsky.social"]}]}},"_links":{"self":[{"href":"https:\/\/mwc-cmm.org\/es\/wp-json\/wp\/v2\/pages\/11461","targetHints":{"allow":["GET"]}}],"collection":[{"href":"https:\/\/mwc-cmm.org\/es\/wp-json\/wp\/v2\/pages"}],"about":[{"href":"https:\/\/mwc-cmm.org\/es\/wp-json\/wp\/v2\/types\/page"}],"author":[{"embeddable":true,"href":"https:\/\/mwc-cmm.org\/es\/wp-json\/wp\/v2\/users\/1"}],"replies":[{"embeddable":true,"href":"https:\/\/mwc-cmm.org\/es\/wp-json\/wp\/v2\/comments?post=11461"}],"version-history":[{"count":0,"href":"https:\/\/mwc-cmm.org\/es\/wp-json\/wp\/v2\/pages\/11461\/revisions"}],"wp:attachment":[{"href":"https:\/\/mwc-cmm.org\/es\/wp-json\/wp\/v2\/media?parent=11461"}],"curies":[{"name":"wp","href":"https:\/\/api.w.org\/{rel}","templated":true}]}}