{"id":11459,"date":"2019-11-08T00:00:00","date_gmt":"2019-11-08T00:00:00","guid":{"rendered":"https:\/\/mwc-cmm.org\/yamen-3\/"},"modified":"2025-03-11T18:58:10","modified_gmt":"2025-03-11T18:58:10","slug":"yamen-es","status":"publish","type":"page","link":"https:\/\/mwc-cmm.org\/es\/jovenes-anabautistas-yabs\/yamen-es\/","title":{"rendered":"YAMEN"},"content":{"rendered":"\n<div class=\"wp-block-columns alignwide is-layout-flex wp-container-core-columns-is-layout-7fc3d43a wp-block-columns-is-layout-flex\">\n<div class=\"wp-block-column is-layout-flow wp-block-column-is-layout-flow\" style=\"flex-basis:66.66%\">\n<p>\u200bLa Red de Intercambio&nbsp;anabautista\u2013 menonita para J\u00f3venes (YAMEN) es un programa conjunto entre el Congreso Mundial Menonita y el Comit\u00e9 Central Menonita. Enfatiza la expansi\u00f3n del compa\u00f1erismo entre las iglesias de la tradici\u00f3n&nbsp;anabautistay el desarrollo de los j\u00f3venes l\u00edderes alrededor del mundo. Los participantes pasan un a\u00f1o en una asignaci\u00f3n intercultural que empieza en agosto y termina el siguiente julio.&nbsp;<\/p>\n<\/div>\n\n\n\n<div class=\"wp-block-column is-layout-flow wp-block-column-is-layout-flow\" style=\"flex-basis:33.33%\">\n<div class=\"wp-block-buttons is-layout-flex wp-block-buttons-is-layout-flex\">\n<div class=\"wp-block-button\"><a class=\"wp-block-button__link wp-element-button\" href=\"https:\/\/mcc.org\/get-involved\/volunteer\/yamen\">YAMEN P\u00e1gina del sitio web del Comit\u00e9 Central Menonita<\/a><\/div>\n<\/div>\n<\/div>\n<\/div>\n\n\n\n<p>\u200b<\/p>\n\n\n\n<div class=\"wp-block-query alignwide is-layout-flow wp-block-query-is-layout-flow\"><ul class=\"wp-block-post-template is-layout-flow wp-block-post-template-is-layout-flow\"><li class=\"wp-block-post post-119909 post type-post status-publish format-standard has-post-thumbnail hentry category-sin-categorizar tag-jovenes-es tag-yamen-es network-yamen network-young-anabaptists\">\n\n<div class=\"wp-block-columns alignwide is-layout-flex wp-container-core-columns-is-layout-28f84493 wp-block-columns-is-layout-flex\">\n<div class=\"wp-block-column is-layout-flow wp-block-column-is-layout-flow\" style=\"flex-basis:33.33%\"><figure class=\"wp-block-post-featured-image\"><a href=\"https:\/\/mwc-cmm.org\/es\/stories\/transformacion-espiritual-profunda-ano-yamen\/\" target=\"_self\"  ><img decoding=\"async\" width=\"1000\" height=\"450\" data-src=\"https:\/\/mwc-cmm.org\/wp-content\/uploads\/2025\/10\/20240827-MosesJumbo-YAMEN-WA0062.jpg\" class=\"attachment-post-thumbnail size-post-thumbnail wp-post-image lazyload\" alt=\"Transformaci\u00f3n espiritual profunda en el a\u00f1o YAMEN\" style=\"--smush-placeholder-width: 1000px; --smush-placeholder-aspect-ratio: 1000\/450;object-fit:cover;\" data-srcset=\"https:\/\/mwc-cmm.org\/wp-content\/uploads\/2025\/10\/20240827-MosesJumbo-YAMEN-WA0062.jpg 1000w, https:\/\/mwc-cmm.org\/wp-content\/uploads\/2025\/10\/20240827-MosesJumbo-YAMEN-WA0062-300x135.jpg 300w, https:\/\/mwc-cmm.org\/wp-content\/uploads\/2025\/10\/20240827-MosesJumbo-YAMEN-WA0062-768x346.jpg 768w\" data-sizes=\"(max-width: 1000px) 100vw, 1000px\" src=\"data:image\/svg+xml;base64,PHN2ZyB3aWR0aD0iMSIgaGVpZ2h0PSIxIiB4bWxucz0iaHR0cDovL3d3dy53My5vcmcvMjAwMC9zdmciPjwvc3ZnPg==\" \/><\/a><\/figure><\/div>\n\n\n\n<div class=\"wp-block-column is-layout-flow wp-block-column-is-layout-flow\" style=\"flex-basis:66.66%\"><h2 class=\"wp-block-post-title\"><a href=\"https:\/\/mwc-cmm.org\/es\/stories\/transformacion-espiritual-profunda-ano-yamen\/\" target=\"_self\" >Transformaci\u00f3n espiritual profunda en el a\u00f1o YAMEN<\/a><\/h2>\n\n<div class=\"wp-block-post-excerpt\"><p class=\"wp-block-post-excerpt__excerpt\">\u201cSiempre he deseado ver y comprender el mundo m\u00e1s all\u00e1 de mi entorno inmediato, aprender de diversas comunidades. Cuando conoc\u00ed la visi\u00f3n de YAMEN para los j\u00f3venes de aprendizaje y servicio a nivel global, lo entend\u00ed como una plataforma que me expondr\u00e1, formar\u00e1 y capacitar\u00e1 para el mejoramiento de m\u00ed mismo, de la iglesia y<\/p><p class=\"wp-block-post-excerpt__more-text\"><a class=\"wp-block-post-excerpt__more-link\" href=\"https:\/\/mwc-cmm.org\/es\/stories\/transformacion-espiritual-profunda-ano-yamen\/\">Leer m\u00e1s<\/a><\/p><\/div><\/div>\n<\/div>\n\n<\/li><\/ul>\n\n<\/div>\n\n\n\n<p><\/p>\n","protected":false},"excerpt":{"rendered":"<p>\u200bLa Red de Intercambio&nbsp;anabautista\u2013 menonita para J\u00f3venes (YAMEN) es un programa conjunto entre el Congreso Mundial Menonita y el Comit\u00e9 Central Menonita. Enfatiza la expansi\u00f3n del compa\u00f1erismo entre las iglesias de la tradici\u00f3n&nbsp;anabautistay el desarrollo de los j\u00f3venes l\u00edderes alrededor del mundo. Los participantes pasan un a\u00f1o en una asignaci\u00f3n intercultural que empieza en agosto [&hellip;]<\/p>\n","protected":false},"author":1,"featured_media":0,"parent":11448,"menu_order":0,"comment_status":"closed","ping_status":"closed","template":"","meta":{"_acf_changed":false,"footnotes":""},"class_list":["post-11459","page","type-page","status-publish","hentry"],"acf":[],"yoast_head":"<!-- This site is optimized with the Yoast SEO plugin v27.2 - https:\/\/yoast.com\/product\/yoast-seo-wordpress\/ -->\n<title>YAMEN - Mennonite World Conference<\/title>\n<meta name=\"description\" content=\"\u200bLa Red de Intercambio\u00a0anabautista\u2013 menonita para J\u00f3venes (YAMEN) es un programa conjunto entre el Congreso Mundial Menonita y el Comit\u00e9 Central Menonita.\" \/>\n<meta name=\"robots\" content=\"index, follow, max-snippet:-1, max-image-preview:large, max-video-preview:-1\" \/>\n<link rel=\"canonical\" href=\"https:\/\/mwc-cmm.org\/es\/jovenes-anabautistas-yabs\/yamen-es\/\" \/>\n<meta property=\"og:locale\" content=\"es_ES\" \/>\n<meta property=\"og:type\" content=\"article\" \/>\n<meta property=\"og:title\" content=\"YAMEN - Mennonite World Conference\" \/>\n<meta property=\"og:description\" content=\"\u200bLa Red de Intercambio\u00a0anabautista\u2013 menonita para J\u00f3venes (YAMEN) es un programa conjunto entre el Congreso Mundial Menonita y el Comit\u00e9 Central Menonita.\" \/>\n<meta property=\"og:url\" content=\"https:\/\/mwc-cmm.org\/es\/jovenes-anabautistas-yabs\/yamen-es\/\" \/>\n<meta property=\"og:site_name\" content=\"Mennonite World Conference\" \/>\n<meta property=\"article:publisher\" content=\"https:\/\/www.facebook.com\/MennoniteWorldConference\" \/>\n<meta property=\"article:modified_time\" content=\"2025-03-11T18:58:10+00:00\" \/>\n<script type=\"application\/ld+json\" class=\"yoast-schema-graph\">{\"@context\":\"https:\/\/schema.org\",\"@graph\":[{\"@type\":\"WebPage\",\"@id\":\"https:\/\/mwc-cmm.org\/es\/jovenes-anabautistas-yabs\/yamen-es\/\",\"url\":\"https:\/\/mwc-cmm.org\/es\/jovenes-anabautistas-yabs\/yamen-es\/\",\"name\":\"YAMEN - Mennonite World Conference\",\"isPartOf\":{\"@id\":\"https:\/\/mwc-cmm.org\/en\/#website\"},\"datePublished\":\"2019-11-08T00:00:00+00:00\",\"dateModified\":\"2025-03-11T18:58:10+00:00\",\"description\":\"\u200bLa Red de Intercambio\u00a0anabautista\u2013 menonita para J\u00f3venes (YAMEN) es un programa conjunto entre el Congreso Mundial Menonita y el Comit\u00e9 Central Menonita.\",\"breadcrumb\":{\"@id\":\"https:\/\/mwc-cmm.org\/es\/jovenes-anabautistas-yabs\/yamen-es\/#breadcrumb\"},\"inLanguage\":\"es\",\"potentialAction\":[{\"@type\":\"ReadAction\",\"target\":[\"https:\/\/mwc-cmm.org\/es\/jovenes-anabautistas-yabs\/yamen-es\/\"]}]},{\"@type\":\"BreadcrumbList\",\"@id\":\"https:\/\/mwc-cmm.org\/es\/jovenes-anabautistas-yabs\/yamen-es\/#breadcrumb\",\"itemListElement\":[{\"@type\":\"ListItem\",\"position\":1,\"name\":\"Home\",\"item\":\"https:\/\/mwc-cmm.org\/es\/\"},{\"@type\":\"ListItem\",\"position\":2,\"name\":\"J\u00f3venes Anabautistas (YABs)\",\"item\":\"https:\/\/mwc-cmm.org\/es\/jovenes-anabautistas-yabs\/\"},{\"@type\":\"ListItem\",\"position\":3,\"name\":\"YAMEN\"}]},{\"@type\":\"WebSite\",\"@id\":\"https:\/\/mwc-cmm.org\/en\/#website\",\"url\":\"https:\/\/mwc-cmm.org\/en\/\",\"name\":\"Mennonite World Conference\",\"description\":\"A communion of Anabaptist-related churches\",\"publisher\":{\"@id\":\"https:\/\/mwc-cmm.org\/en\/#organization\"},\"alternateName\":\"MWC\",\"potentialAction\":[{\"@type\":\"SearchAction\",\"target\":{\"@type\":\"EntryPoint\",\"urlTemplate\":\"https:\/\/mwc-cmm.org\/en\/?s={search_term_string}\"},\"query-input\":{\"@type\":\"PropertyValueSpecification\",\"valueRequired\":true,\"valueName\":\"search_term_string\"}}],\"inLanguage\":\"es\"},{\"@type\":\"Organization\",\"@id\":\"https:\/\/mwc-cmm.org\/en\/#organization\",\"name\":\"Mennonite World Conference\",\"alternateName\":\"MWC\",\"url\":\"https:\/\/mwc-cmm.org\/en\/\",\"logo\":{\"@type\":\"ImageObject\",\"inLanguage\":\"es\",\"@id\":\"https:\/\/mwc-cmm.org\/en\/#\/schema\/logo\/image\/\",\"url\":\"https:\/\/mwc-cmm.org\/wp-content\/uploads\/2026\/01\/MWC_Sig_Blue_Horiz_webheader1-logo.svg\",\"contentUrl\":\"https:\/\/mwc-cmm.org\/wp-content\/uploads\/2026\/01\/MWC_Sig_Blue_Horiz_webheader1-logo.svg\",\"width\":786,\"height\":82,\"caption\":\"Mennonite World Conference\"},\"image\":{\"@id\":\"https:\/\/mwc-cmm.org\/en\/#\/schema\/logo\/image\/\"},\"sameAs\":[\"https:\/\/www.facebook.com\/MennoniteWorldConference\",\"https:\/\/www.linkedin.com\/company\/mennonite-world-conference-mwc\/\",\"https:\/\/www.instagram.com\/mwcmm\/\",\"https:\/\/www.youtube.com\/user\/mwccmm\",\"https:\/\/bsky.app\/profile\/mwcmm.bsky.social\"]}]}<\/script>\n<!-- \/ Yoast SEO plugin. -->","yoast_head_json":{"title":"YAMEN - Mennonite World Conference","description":"\u200bLa Red de Intercambio\u00a0anabautista\u2013 menonita para J\u00f3venes (YAMEN) es un programa conjunto entre el Congreso Mundial Menonita y el Comit\u00e9 Central Menonita.","robots":{"index":"index","follow":"follow","max-snippet":"max-snippet:-1","max-image-preview":"max-image-preview:large","max-video-preview":"max-video-preview:-1"},"canonical":"https:\/\/mwc-cmm.org\/es\/jovenes-anabautistas-yabs\/yamen-es\/","og_locale":"es_ES","og_type":"article","og_title":"YAMEN - Mennonite World Conference","og_description":"\u200bLa Red de Intercambio\u00a0anabautista\u2013 menonita para J\u00f3venes (YAMEN) es un programa conjunto entre el Congreso Mundial Menonita y el Comit\u00e9 Central Menonita.","og_url":"https:\/\/mwc-cmm.org\/es\/jovenes-anabautistas-yabs\/yamen-es\/","og_site_name":"Mennonite World Conference","article_publisher":"https:\/\/www.facebook.com\/MennoniteWorldConference","article_modified_time":"2025-03-11T18:58:10+00:00","schema":{"@context":"https:\/\/schema.org","@graph":[{"@type":"WebPage","@id":"https:\/\/mwc-cmm.org\/es\/jovenes-anabautistas-yabs\/yamen-es\/","url":"https:\/\/mwc-cmm.org\/es\/jovenes-anabautistas-yabs\/yamen-es\/","name":"YAMEN - Mennonite World Conference","isPartOf":{"@id":"https:\/\/mwc-cmm.org\/en\/#website"},"datePublished":"2019-11-08T00:00:00+00:00","dateModified":"2025-03-11T18:58:10+00:00","description":"\u200bLa Red de Intercambio\u00a0anabautista\u2013 menonita para J\u00f3venes (YAMEN) es un programa conjunto entre el Congreso Mundial Menonita y el Comit\u00e9 Central Menonita.","breadcrumb":{"@id":"https:\/\/mwc-cmm.org\/es\/jovenes-anabautistas-yabs\/yamen-es\/#breadcrumb"},"inLanguage":"es","potentialAction":[{"@type":"ReadAction","target":["https:\/\/mwc-cmm.org\/es\/jovenes-anabautistas-yabs\/yamen-es\/"]}]},{"@type":"BreadcrumbList","@id":"https:\/\/mwc-cmm.org\/es\/jovenes-anabautistas-yabs\/yamen-es\/#breadcrumb","itemListElement":[{"@type":"ListItem","position":1,"name":"Home","item":"https:\/\/mwc-cmm.org\/es\/"},{"@type":"ListItem","position":2,"name":"J\u00f3venes Anabautistas (YABs)","item":"https:\/\/mwc-cmm.org\/es\/jovenes-anabautistas-yabs\/"},{"@type":"ListItem","position":3,"name":"YAMEN"}]},{"@type":"WebSite","@id":"https:\/\/mwc-cmm.org\/en\/#website","url":"https:\/\/mwc-cmm.org\/en\/","name":"Mennonite World Conference","description":"A communion of Anabaptist-related churches","publisher":{"@id":"https:\/\/mwc-cmm.org\/en\/#organization"},"alternateName":"MWC","potentialAction":[{"@type":"SearchAction","target":{"@type":"EntryPoint","urlTemplate":"https:\/\/mwc-cmm.org\/en\/?s={search_term_string}"},"query-input":{"@type":"PropertyValueSpecification","valueRequired":true,"valueName":"search_term_string"}}],"inLanguage":"es"},{"@type":"Organization","@id":"https:\/\/mwc-cmm.org\/en\/#organization","name":"Mennonite World Conference","alternateName":"MWC","url":"https:\/\/mwc-cmm.org\/en\/","logo":{"@type":"ImageObject","inLanguage":"es","@id":"https:\/\/mwc-cmm.org\/en\/#\/schema\/logo\/image\/","url":"https:\/\/mwc-cmm.org\/wp-content\/uploads\/2026\/01\/MWC_Sig_Blue_Horiz_webheader1-logo.svg","contentUrl":"https:\/\/mwc-cmm.org\/wp-content\/uploads\/2026\/01\/MWC_Sig_Blue_Horiz_webheader1-logo.svg","width":786,"height":82,"caption":"Mennonite World Conference"},"image":{"@id":"https:\/\/mwc-cmm.org\/en\/#\/schema\/logo\/image\/"},"sameAs":["https:\/\/www.facebook.com\/MennoniteWorldConference","https:\/\/www.linkedin.com\/company\/mennonite-world-conference-mwc\/","https:\/\/www.instagram.com\/mwcmm\/","https:\/\/www.youtube.com\/user\/mwccmm","https:\/\/bsky.app\/profile\/mwcmm.bsky.social"]}]}},"_links":{"self":[{"href":"https:\/\/mwc-cmm.org\/es\/wp-json\/wp\/v2\/pages\/11459","targetHints":{"allow":["GET"]}}],"collection":[{"href":"https:\/\/mwc-cmm.org\/es\/wp-json\/wp\/v2\/pages"}],"about":[{"href":"https:\/\/mwc-cmm.org\/es\/wp-json\/wp\/v2\/types\/page"}],"author":[{"embeddable":true,"href":"https:\/\/mwc-cmm.org\/es\/wp-json\/wp\/v2\/users\/1"}],"replies":[{"embeddable":true,"href":"https:\/\/mwc-cmm.org\/es\/wp-json\/wp\/v2\/comments?post=11459"}],"version-history":[{"count":0,"href":"https:\/\/mwc-cmm.org\/es\/wp-json\/wp\/v2\/pages\/11459\/revisions"}],"up":[{"embeddable":true,"href":"https:\/\/mwc-cmm.org\/es\/wp-json\/wp\/v2\/pages\/11448"}],"wp:attachment":[{"href":"https:\/\/mwc-cmm.org\/es\/wp-json\/wp\/v2\/media?parent=11459"}],"curies":[{"name":"wp","href":"https:\/\/api.w.org\/{rel}","templated":true}]}}