{"id":11458,"date":"2019-10-08T00:00:00","date_gmt":"2019-10-08T00:00:00","guid":{"rendered":"https:\/\/mwc-cmm.org\/anabaptist-world-fellowship-sunday-2\/"},"modified":"2026-01-03T16:40:48","modified_gmt":"2026-01-03T16:40:48","slug":"domingo-de-la-fraternidad-anabautista-mundial","status":"publish","type":"page","link":"https:\/\/mwc-cmm.org\/es\/domingo-de-la-fraternidad-anabautista-mundial\/","title":{"rendered":"Domingo de la Fraternidad Anabautista Mundial"},"content":{"rendered":"\n<h2 class=\"wp-block-heading\">El domingo el 23&nbsp;de enero 2026<\/h2>\n\n\n\n<figure class=\"wp-block-image size-full\"><img decoding=\"async\" width=\"800\" height=\"450\" data-src=\"https:\/\/mwc-cmm.org\/wp-content\/uploads\/2024\/10\/AnabaptistWorldFellowshipSunday.jpg\" alt=\"A crowd of people \" class=\"wp-image-13166 lazyload\" data-srcset=\"https:\/\/mwc-cmm.org\/wp-content\/uploads\/2024\/10\/AnabaptistWorldFellowshipSunday.jpg 800w, https:\/\/mwc-cmm.org\/wp-content\/uploads\/2024\/10\/AnabaptistWorldFellowshipSunday-300x169.jpg 300w, https:\/\/mwc-cmm.org\/wp-content\/uploads\/2024\/10\/AnabaptistWorldFellowshipSunday-768x432.jpg 768w\" data-sizes=\"(max-width: 800px) 100vw, 800px\" src=\"data:image\/svg+xml;base64,PHN2ZyB3aWR0aD0iMSIgaGVpZ2h0PSIxIiB4bWxucz0iaHR0cDovL3d3dy53My5vcmcvMjAwMC9zdmciPjwvc3ZnPg==\" style=\"--smush-placeholder-width: 800px; --smush-placeholder-aspect-ratio: 800\/450;\" \/><\/figure>\n\n\n\n<p>Cada a\u00f1o se alienta a las iglesias afines al anabautismo de todo el mundo a adorar en torno a un tema en com\u00fan el domingo cercano al 21 de enero, que por lo general suele ser el cuarto domingo de enero. En esa fecha en 1525, tuvo lugar el primer bautismo anabautista en Zurich, Suiza. El Domingo de la Fraternidad Anabautista Mundial proporciona una oportunidad de recordar nuestras ra\u00edces comunes y celebrar nuestra koinonia a nivel mundial.&nbsp;<\/p>\n\n\n\n<p>Los miembros del Comit\u00e9 Ejecutivo del CMM de diferentes regiones continentales designan redactores y dirigen la preparaci\u00f3n de los materiales para la adoraci\u00f3n reflejando la vida y la de la iglesia en su parte del mundo para esta celebraci\u00f3n. La planificaci\u00f3n para este d\u00eda especial va rotando entre las cinco regiones continentales. &nbsp;<\/p>\n\n\n\n<p>Los materiales generalmente incluyen sugerencias para la adoraci\u00f3n, motivos de oraci\u00f3n de todo el mundo, una presentaci\u00f3n de la iglesia de la regi\u00f3n en la cual se produjeron los materiales, historias y apuntes para el serm\u00f3n. Se invita a las conferencias de todo el mundo a traducir si es necesario, adaptar, copiar y distribuir el material a sus iglesias locales. Se solicita a las iglesias planificar un culto de adoraci\u00f3n del Domingo de la Fraternidad Anabautista Mundial que los ayude a ingresar de forma m\u00e1s plena en la comuni\u00f3n, intercesi\u00f3n y acci\u00f3n de gracias con y para la familia mundial de fe.<\/p>\n\n\n\n<div class=\"wp-block-buttons is-layout-flex wp-block-buttons-is-layout-flex\">\n<div class=\"wp-block-button\"><a class=\"wp-block-button__link wp-element-button\" href=\"https:\/\/mwc-cmm.org\/es\/resources\/domingo-de-la-fraternidad-anabautista-mundial-2026\/\">Domingo de la Fraternidad Anabautista Mundial 2026<\/a><\/div>\n<\/div>\n\n\n\n<h2 class=\"wp-block-heading\">Ofrenda de \u201cUn Almuerzo\u201d<\/h2>\n\n\n\n<p>El CMM invita a las iglesias a levantar una ofrenda especial el Domingo de la Fraternidad Anabautista Mundial destinada al movimiento de la iglesia anabautista mundial. Una manera de encarar esta ofrenda es invitar a cada miembro a contribuir con el costo de por lo menos un almuerzo en su propia comunidad con el fin de apoyar a las redes y recursos de nuestra familia de la iglesia anabautista mundial.&nbsp;<\/p>\n\n\n\n<div class=\"wp-block-buttons is-layout-flex wp-block-buttons-is-layout-flex\">\n<div class=\"wp-block-button\"><a class=\"wp-block-button__link wp-element-button\" href=\"https:\/\/mwc-cmm.org\/es\/ofrenda-de-un-almuerzo\/\">Ofrenda de \u201cUn Almuerzo\u201d<\/a><\/div>\n<\/div>\n\n\n\n<hr class=\"wp-block-separator has-alpha-channel-opacity\"\/>\n\n\n\n<p>\u200b\u00danete al CMM en Facebook para ver lo mas destacado de los materiales de adoraci\u00f3n, peticiones de oraci\u00f3n, y para participar con tus propias ideas para celebrar nuestra familia global en tu propia congregaci\u00f3n.<\/p>\n\n\n\n<div class=\"wp-block-buttons is-layout-flex wp-block-buttons-is-layout-flex\">\n<div class=\"wp-block-button\"><a class=\"wp-block-button__link wp-element-button\" href=\"https:\/\/www.facebook.com\/MennoniteWorldConference\/\">CMM P\u00e1gina de Facebook<\/a><\/div>\n<\/div>\n\n\n\n<p class=\"has-text-align-left\"><\/p>\n","protected":false},"excerpt":{"rendered":"<p>El domingo el 23&nbsp;de enero 2026 Cada a\u00f1o se alienta a las iglesias afines al anabautismo de todo el mundo a adorar en torno a un tema en com\u00fan el domingo cercano al 21 de enero, que por lo general suele ser el cuarto domingo de enero. En esa fecha en 1525, tuvo lugar el [&hellip;]<\/p>\n","protected":false},"author":1,"featured_media":0,"parent":0,"menu_order":0,"comment_status":"closed","ping_status":"closed","template":"","meta":{"_acf_changed":false,"footnotes":""},"class_list":["post-11458","page","type-page","status-publish","hentry"],"acf":[],"yoast_head":"<!-- This site is optimized with the Yoast SEO plugin v27.2 - https:\/\/yoast.com\/product\/yoast-seo-wordpress\/ -->\n<title>Domingo de la Fraternidad Anabautista Mundial - Mennonite World Conference<\/title>\n<meta name=\"robots\" content=\"index, follow, max-snippet:-1, max-image-preview:large, max-video-preview:-1\" \/>\n<link rel=\"canonical\" href=\"https:\/\/mwc-cmm.org\/es\/domingo-de-la-fraternidad-anabautista-mundial\/\" \/>\n<meta property=\"og:locale\" content=\"es_ES\" \/>\n<meta property=\"og:type\" content=\"article\" \/>\n<meta property=\"og:title\" content=\"Domingo de la Fraternidad Anabautista Mundial - Mennonite World Conference\" \/>\n<meta property=\"og:description\" content=\"El domingo el 23&nbsp;de enero 2026 Cada a\u00f1o se alienta a las iglesias afines al anabautismo de todo el mundo a adorar en torno a un tema en com\u00fan el domingo cercano al 21 de enero, que por lo general suele ser el cuarto domingo de enero. En esa fecha en 1525, tuvo lugar el [&hellip;]\" \/>\n<meta property=\"og:url\" content=\"https:\/\/mwc-cmm.org\/es\/domingo-de-la-fraternidad-anabautista-mundial\/\" \/>\n<meta property=\"og:site_name\" content=\"Mennonite World Conference\" \/>\n<meta property=\"article:publisher\" content=\"https:\/\/www.facebook.com\/MennoniteWorldConference\" \/>\n<meta property=\"article:modified_time\" content=\"2026-01-03T16:40:48+00:00\" \/>\n<meta property=\"og:image\" content=\"https:\/\/mwc-cmm.org\/wp-content\/uploads\/2024\/10\/AnabaptistWorldFellowshipSunday.jpg\" \/>\n\t<meta property=\"og:image:width\" content=\"800\" \/>\n\t<meta property=\"og:image:height\" content=\"450\" \/>\n\t<meta property=\"og:image:type\" content=\"image\/jpeg\" \/>\n<script type=\"application\/ld+json\" class=\"yoast-schema-graph\">{\"@context\":\"https:\/\/schema.org\",\"@graph\":[{\"@type\":\"WebPage\",\"@id\":\"https:\/\/mwc-cmm.org\/es\/domingo-de-la-fraternidad-anabautista-mundial\/\",\"url\":\"https:\/\/mwc-cmm.org\/es\/domingo-de-la-fraternidad-anabautista-mundial\/\",\"name\":\"Domingo de la Fraternidad Anabautista Mundial - Mennonite World Conference\",\"isPartOf\":{\"@id\":\"https:\/\/mwc-cmm.org\/en\/#website\"},\"primaryImageOfPage\":{\"@id\":\"https:\/\/mwc-cmm.org\/es\/domingo-de-la-fraternidad-anabautista-mundial\/#primaryimage\"},\"image\":{\"@id\":\"https:\/\/mwc-cmm.org\/es\/domingo-de-la-fraternidad-anabautista-mundial\/#primaryimage\"},\"thumbnailUrl\":\"https:\/\/mwc-cmm.org\/wp-content\/uploads\/2024\/10\/AnabaptistWorldFellowshipSunday.jpg\",\"datePublished\":\"2019-10-08T00:00:00+00:00\",\"dateModified\":\"2026-01-03T16:40:48+00:00\",\"breadcrumb\":{\"@id\":\"https:\/\/mwc-cmm.org\/es\/domingo-de-la-fraternidad-anabautista-mundial\/#breadcrumb\"},\"inLanguage\":\"es\",\"potentialAction\":[{\"@type\":\"ReadAction\",\"target\":[\"https:\/\/mwc-cmm.org\/es\/domingo-de-la-fraternidad-anabautista-mundial\/\"]}]},{\"@type\":\"ImageObject\",\"inLanguage\":\"es\",\"@id\":\"https:\/\/mwc-cmm.org\/es\/domingo-de-la-fraternidad-anabautista-mundial\/#primaryimage\",\"url\":\"https:\/\/mwc-cmm.org\/wp-content\/uploads\/2024\/10\/AnabaptistWorldFellowshipSunday.jpg\",\"contentUrl\":\"https:\/\/mwc-cmm.org\/wp-content\/uploads\/2024\/10\/AnabaptistWorldFellowshipSunday.jpg\"},{\"@type\":\"BreadcrumbList\",\"@id\":\"https:\/\/mwc-cmm.org\/es\/domingo-de-la-fraternidad-anabautista-mundial\/#breadcrumb\",\"itemListElement\":[{\"@type\":\"ListItem\",\"position\":1,\"name\":\"Home\",\"item\":\"https:\/\/mwc-cmm.org\/es\/\"},{\"@type\":\"ListItem\",\"position\":2,\"name\":\"Domingo de la Fraternidad Anabautista Mundial\"}]},{\"@type\":\"WebSite\",\"@id\":\"https:\/\/mwc-cmm.org\/en\/#website\",\"url\":\"https:\/\/mwc-cmm.org\/en\/\",\"name\":\"Mennonite World Conference\",\"description\":\"A communion of Anabaptist-related churches\",\"publisher\":{\"@id\":\"https:\/\/mwc-cmm.org\/en\/#organization\"},\"alternateName\":\"MWC\",\"potentialAction\":[{\"@type\":\"SearchAction\",\"target\":{\"@type\":\"EntryPoint\",\"urlTemplate\":\"https:\/\/mwc-cmm.org\/en\/?s={search_term_string}\"},\"query-input\":{\"@type\":\"PropertyValueSpecification\",\"valueRequired\":true,\"valueName\":\"search_term_string\"}}],\"inLanguage\":\"es\"},{\"@type\":\"Organization\",\"@id\":\"https:\/\/mwc-cmm.org\/en\/#organization\",\"name\":\"Mennonite World Conference\",\"alternateName\":\"MWC\",\"url\":\"https:\/\/mwc-cmm.org\/en\/\",\"logo\":{\"@type\":\"ImageObject\",\"inLanguage\":\"es\",\"@id\":\"https:\/\/mwc-cmm.org\/en\/#\/schema\/logo\/image\/\",\"url\":\"https:\/\/mwc-cmm.org\/wp-content\/uploads\/2026\/01\/MWC_Sig_Blue_Horiz_webheader1-logo.svg\",\"contentUrl\":\"https:\/\/mwc-cmm.org\/wp-content\/uploads\/2026\/01\/MWC_Sig_Blue_Horiz_webheader1-logo.svg\",\"width\":786,\"height\":82,\"caption\":\"Mennonite World Conference\"},\"image\":{\"@id\":\"https:\/\/mwc-cmm.org\/en\/#\/schema\/logo\/image\/\"},\"sameAs\":[\"https:\/\/www.facebook.com\/MennoniteWorldConference\",\"https:\/\/www.linkedin.com\/company\/mennonite-world-conference-mwc\/\",\"https:\/\/www.instagram.com\/mwcmm\/\",\"https:\/\/www.youtube.com\/user\/mwccmm\",\"https:\/\/bsky.app\/profile\/mwcmm.bsky.social\"]}]}<\/script>\n<!-- \/ Yoast SEO plugin. -->","yoast_head_json":{"title":"Domingo de la Fraternidad Anabautista Mundial - Mennonite World Conference","robots":{"index":"index","follow":"follow","max-snippet":"max-snippet:-1","max-image-preview":"max-image-preview:large","max-video-preview":"max-video-preview:-1"},"canonical":"https:\/\/mwc-cmm.org\/es\/domingo-de-la-fraternidad-anabautista-mundial\/","og_locale":"es_ES","og_type":"article","og_title":"Domingo de la Fraternidad Anabautista Mundial - Mennonite World Conference","og_description":"El domingo el 23&nbsp;de enero 2026 Cada a\u00f1o se alienta a las iglesias afines al anabautismo de todo el mundo a adorar en torno a un tema en com\u00fan el domingo cercano al 21 de enero, que por lo general suele ser el cuarto domingo de enero. En esa fecha en 1525, tuvo lugar el [&hellip;]","og_url":"https:\/\/mwc-cmm.org\/es\/domingo-de-la-fraternidad-anabautista-mundial\/","og_site_name":"Mennonite World Conference","article_publisher":"https:\/\/www.facebook.com\/MennoniteWorldConference","article_modified_time":"2026-01-03T16:40:48+00:00","og_image":[{"width":800,"height":450,"url":"https:\/\/mwc-cmm.org\/wp-content\/uploads\/2024\/10\/AnabaptistWorldFellowshipSunday.jpg","type":"image\/jpeg"}],"schema":{"@context":"https:\/\/schema.org","@graph":[{"@type":"WebPage","@id":"https:\/\/mwc-cmm.org\/es\/domingo-de-la-fraternidad-anabautista-mundial\/","url":"https:\/\/mwc-cmm.org\/es\/domingo-de-la-fraternidad-anabautista-mundial\/","name":"Domingo de la Fraternidad Anabautista Mundial - Mennonite World Conference","isPartOf":{"@id":"https:\/\/mwc-cmm.org\/en\/#website"},"primaryImageOfPage":{"@id":"https:\/\/mwc-cmm.org\/es\/domingo-de-la-fraternidad-anabautista-mundial\/#primaryimage"},"image":{"@id":"https:\/\/mwc-cmm.org\/es\/domingo-de-la-fraternidad-anabautista-mundial\/#primaryimage"},"thumbnailUrl":"https:\/\/mwc-cmm.org\/wp-content\/uploads\/2024\/10\/AnabaptistWorldFellowshipSunday.jpg","datePublished":"2019-10-08T00:00:00+00:00","dateModified":"2026-01-03T16:40:48+00:00","breadcrumb":{"@id":"https:\/\/mwc-cmm.org\/es\/domingo-de-la-fraternidad-anabautista-mundial\/#breadcrumb"},"inLanguage":"es","potentialAction":[{"@type":"ReadAction","target":["https:\/\/mwc-cmm.org\/es\/domingo-de-la-fraternidad-anabautista-mundial\/"]}]},{"@type":"ImageObject","inLanguage":"es","@id":"https:\/\/mwc-cmm.org\/es\/domingo-de-la-fraternidad-anabautista-mundial\/#primaryimage","url":"https:\/\/mwc-cmm.org\/wp-content\/uploads\/2024\/10\/AnabaptistWorldFellowshipSunday.jpg","contentUrl":"https:\/\/mwc-cmm.org\/wp-content\/uploads\/2024\/10\/AnabaptistWorldFellowshipSunday.jpg"},{"@type":"BreadcrumbList","@id":"https:\/\/mwc-cmm.org\/es\/domingo-de-la-fraternidad-anabautista-mundial\/#breadcrumb","itemListElement":[{"@type":"ListItem","position":1,"name":"Home","item":"https:\/\/mwc-cmm.org\/es\/"},{"@type":"ListItem","position":2,"name":"Domingo de la Fraternidad Anabautista Mundial"}]},{"@type":"WebSite","@id":"https:\/\/mwc-cmm.org\/en\/#website","url":"https:\/\/mwc-cmm.org\/en\/","name":"Mennonite World Conference","description":"A communion of Anabaptist-related churches","publisher":{"@id":"https:\/\/mwc-cmm.org\/en\/#organization"},"alternateName":"MWC","potentialAction":[{"@type":"SearchAction","target":{"@type":"EntryPoint","urlTemplate":"https:\/\/mwc-cmm.org\/en\/?s={search_term_string}"},"query-input":{"@type":"PropertyValueSpecification","valueRequired":true,"valueName":"search_term_string"}}],"inLanguage":"es"},{"@type":"Organization","@id":"https:\/\/mwc-cmm.org\/en\/#organization","name":"Mennonite World Conference","alternateName":"MWC","url":"https:\/\/mwc-cmm.org\/en\/","logo":{"@type":"ImageObject","inLanguage":"es","@id":"https:\/\/mwc-cmm.org\/en\/#\/schema\/logo\/image\/","url":"https:\/\/mwc-cmm.org\/wp-content\/uploads\/2026\/01\/MWC_Sig_Blue_Horiz_webheader1-logo.svg","contentUrl":"https:\/\/mwc-cmm.org\/wp-content\/uploads\/2026\/01\/MWC_Sig_Blue_Horiz_webheader1-logo.svg","width":786,"height":82,"caption":"Mennonite World Conference"},"image":{"@id":"https:\/\/mwc-cmm.org\/en\/#\/schema\/logo\/image\/"},"sameAs":["https:\/\/www.facebook.com\/MennoniteWorldConference","https:\/\/www.linkedin.com\/company\/mennonite-world-conference-mwc\/","https:\/\/www.instagram.com\/mwcmm\/","https:\/\/www.youtube.com\/user\/mwccmm","https:\/\/bsky.app\/profile\/mwcmm.bsky.social"]}]}},"_links":{"self":[{"href":"https:\/\/mwc-cmm.org\/es\/wp-json\/wp\/v2\/pages\/11458","targetHints":{"allow":["GET"]}}],"collection":[{"href":"https:\/\/mwc-cmm.org\/es\/wp-json\/wp\/v2\/pages"}],"about":[{"href":"https:\/\/mwc-cmm.org\/es\/wp-json\/wp\/v2\/types\/page"}],"author":[{"embeddable":true,"href":"https:\/\/mwc-cmm.org\/es\/wp-json\/wp\/v2\/users\/1"}],"replies":[{"embeddable":true,"href":"https:\/\/mwc-cmm.org\/es\/wp-json\/wp\/v2\/comments?post=11458"}],"version-history":[{"count":0,"href":"https:\/\/mwc-cmm.org\/es\/wp-json\/wp\/v2\/pages\/11458\/revisions"}],"wp:attachment":[{"href":"https:\/\/mwc-cmm.org\/es\/wp-json\/wp\/v2\/media?parent=11458"}],"curies":[{"name":"wp","href":"https:\/\/api.w.org\/{rel}","templated":true}]}}