{"id":11453,"date":"2019-10-08T00:00:00","date_gmt":"2019-10-08T00:00:00","guid":{"rendered":"https:\/\/mwc-cmm.org\/courier-2\/"},"modified":"2025-03-24T16:35:13","modified_gmt":"2025-03-24T16:35:13","slug":"correo","status":"publish","type":"page","link":"https:\/\/mwc-cmm.org\/es\/correo\/","title":{"rendered":"Correo"},"content":{"rendered":"\n<p>Correo es una revista semestral publicada por el Congreso Mundial Menonita en&nbsp;ingl\u00e9s, espa\u00f1ol y franc\u00e9s.<\/p>\n\n\n\n<p>La revista est\u00e1 disponible gratuitamente en&nbsp;forma impresa&nbsp;o en&nbsp;formato electr\u00f3nico.<\/p>\n\n\n\n<p>A partir de 2013, Courier\/Correo\/Courrier publicar\u00e1 &nbsp;un&nbsp;bolet\u00edn&nbsp;de cuatro p\u00e1ginas&nbsp;seis veces por a\u00f1o, bajo el subt\u00edtulo de Newsletter\/Noticias\/Nouvelles.<\/p>\n\n\n\n<p>Dos veces por a\u00f1o (en abril y octubre) el bolet\u00edn ser\u00e1 una secci\u00f3n de una revista m\u00e1s extensa llamada Courier\/Correo\/Courrier.<\/p>\n\n\n\n<div class=\"wp-block-buttons is-layout-flex wp-block-buttons-is-layout-flex\">\n<div class=\"wp-block-button\"><a class=\"wp-block-button__link has-text-align-left wp-element-button\" href=\"https:\/\/mwc-cmm.org\/es\/suscripcion-a-publicaciones-impresas\/\">Suscr\u00edbase para recibir la revista Correo en versi\u00f3n impresa o digital<\/a><\/div>\n<\/div>\n\n\n\n<h2 class=\"wp-block-heading\"><strong>N\u00fameros recientes<\/strong><\/h2>\n\n\n\n<p>(click en la portada para descargar pdf)<\/p>\n\n\n\n<div class=\"wp-block-query is-layout-flow wp-block-query-is-layout-flow\"><ul class=\"columns-4 wp-block-post-template has-small-font-size is-layout-grid wp-container-core-post-template-is-layout-cd96cc54 wp-block-post-template-is-layout-grid\"><li class=\"wp-block-post post-122452 mwcresource type-mwcresource status-publish has-post-thumbnail hentry network-courier network-courier-de network-courier-id network-courier-nl network-courier-hi network-courier-ja network-courier-fr network-courier-es network-courier-zh-hant resourcetype-pdf-pt-pt resourcetype-pdf resourcetype-pdf-es resourcetype-pdf-fr resourcetype-pdf-id resourcetype-pdf-de language-en-es language-en-fr language-en-pt-pt language-en-de language-en resourcecategory-courier-zh-hant resourcecategory-courier-ko resourcecategory-courier-ja resourcecategory-courier-hi resourcecategory-courier-fr resourcecategory-courier-es resourcetheme-ecumenism-es resourcetheme-ecumenism-de resourcetheme-ecumenism-fr resourcetheme-ecumenism resourcetheme-history-es resourcetheme-history-fr resourcetheme-history-nl resourcetheme-history resourcetheme-history-de resourcetheme-identity-de resourcetheme-identity-es resourcetheme-identity-fr resourcetheme-identity-nl resourcetheme-identity-pt-pt resourcetheme-leadership-es resourcetheme-leadership resourcetheme-leadership-fr resourcetheme-mission-es resourcetheme-mission-de resourcetheme-mission-fr resourcetheme-mission resourcetheme-unity-es resourcetheme-unity-fr resourcetheme-unity-pt-pt resourcetheme-unity-de resourcetheme-unity\">\n\n<div class=\"wp-block-group is-layout-flow wp-block-group-is-layout-flow\" style=\"padding-top:30px;padding-right:30px;padding-bottom:30px;padding-left:30px\"><figure style=\"aspect-ratio:3\/4;\" class=\"wp-block-post-featured-image\"><img decoding=\"async\" width=\"950\" height=\"1233\" data-src=\"https:\/\/mwc-cmm.org\/wp-content\/uploads\/2025\/12\/CCC-40.4-EN.png\" class=\"attachment-post-thumbnail size-post-thumbnail wp-post-image lazyload\" alt=\"\" style=\"--smush-placeholder-width: 950px; --smush-placeholder-aspect-ratio: 950\/1233;width:100%;height:100%;object-fit:fill;\" data-srcset=\"https:\/\/mwc-cmm.org\/wp-content\/uploads\/2025\/12\/CCC-40.4-EN.png 950w, https:\/\/mwc-cmm.org\/wp-content\/uploads\/2025\/12\/CCC-40.4-EN-231x300.png 231w, https:\/\/mwc-cmm.org\/wp-content\/uploads\/2025\/12\/CCC-40.4-EN-789x1024.png 789w, https:\/\/mwc-cmm.org\/wp-content\/uploads\/2025\/12\/CCC-40.4-EN-768x997.png 768w\" data-sizes=\"(max-width: 950px) 100vw, 950px\" src=\"data:image\/svg+xml;base64,PHN2ZyB3aWR0aD0iMSIgaGVpZ2h0PSIxIiB4bWxucz0iaHR0cDovL3d3dy53My5vcmcvMjAwMC9zdmciPjwvc3ZnPg==\" \/><\/figure>\n\n<h2 style=\"font-style:normal;font-weight:600;\" class=\"is-style-h3-style wp-block-post-title has-small-font-size\"><a href=\"https:\/\/mwc-cmm.org\/es\/resources\/correo-2025-40-4\/\" target=\"_self\" >Correo 2025 \/ 40.4<\/a><\/h2>\n\n<div class=\"wp-block-post-date\"><time datetime=\"2025-12-22T22:27:53+00:00\">22 de diciembre de 2025<\/time><\/div>\n\n<a style=\"font-style:normal;font-weight:600;text-transform:uppercase; padding-right:var(--wp--preset--spacing--30);padding-left:var(--wp--preset--spacing--30);\" class=\"wp-elements-de300d4dbecf690f72b1623d9de92223 wp-block-read-more has-text-color has-base-color has-background has-dark-blue-background-color has-small-font-size\" href=\"https:\/\/mwc-cmm.org\/es\/resources\/correo-2025-40-4\/\" target=\"_self\">Ver la edici\u00f3n<span class=\"screen-reader-text\">: Correo 2025 \/ 40.4<\/span><\/a><\/div>\n\n<\/li><\/ul><\/div>\n\n\n\n<div class=\"wp-block-buttons is-layout-flex wp-block-buttons-is-layout-flex\">\n<div class=\"wp-block-button\"><a class=\"wp-block-button__link wp-element-button\" href=\"https:\/\/mwc-cmm.org\/es\/recursos\/?_resource_category=courier\">Los n\u00fameros anteriores<\/a><\/div>\n<\/div>\n\n\n\n<div class=\"wp-block-group has-soft-blue-background-color has-background is-nowrap is-layout-flex wp-container-core-group-is-layout-6c531013 wp-block-group-is-layout-flex\">\n<div class=\"wp-block-group is-vertical is-layout-flex wp-container-core-group-is-layout-fe9cc265 wp-block-group-is-layout-flex\">\n<p>Courrier est\u00e1 interesado en sus contribuciones.<\/p>\n\n\n\n<ul class=\"wp-block-list\">\n<li>\u00bfTiene dibujos, pinturas, esculturas o fotograf\u00edas?<\/li>\n\n\n\n<li>Env\u00edelas a <a href=\"mailto:photos@mwc-cmm.org\">photos@mwc-cmm.org<\/a> para su posible uso en Courrier.<\/li>\n\n\n\n<li>Aseg\u00farese de que las im\u00e1genes est\u00e9n a m\u00e1xima resoluci\u00f3n. Indique el nombre del artista y de la asamblea local. Incluya una breve descripci\u00f3n de la obra.<\/li>\n<\/ul>\n\n\n\n<div class=\"wp-block-buttons is-layout-flex wp-block-buttons-is-layout-flex\">\n<div class=\"wp-block-button\"><a class=\"wp-block-button__link wp-element-button\" href=\"mailto:photos@mwc-cmm.org\">Enviar<\/a><\/div>\n<\/div>\n<\/div>\n<\/div>\n\n\n\n<p><\/p>\n","protected":false},"excerpt":{"rendered":"<p>Correo es una revista semestral publicada por el Congreso Mundial Menonita en&nbsp;ingl\u00e9s, espa\u00f1ol y franc\u00e9s. La revista est\u00e1 disponible gratuitamente en&nbsp;forma impresa&nbsp;o en&nbsp;formato electr\u00f3nico. A partir de 2013, Courier\/Correo\/Courrier publicar\u00e1 &nbsp;un&nbsp;bolet\u00edn&nbsp;de cuatro p\u00e1ginas&nbsp;seis veces por a\u00f1o, bajo el subt\u00edtulo de Newsletter\/Noticias\/Nouvelles. Dos veces por a\u00f1o (en abril y octubre) el bolet\u00edn ser\u00e1 una secci\u00f3n de [&hellip;]<\/p>\n","protected":false},"author":1,"featured_media":111506,"parent":0,"menu_order":0,"comment_status":"closed","ping_status":"closed","template":"","meta":{"_acf_changed":false,"footnotes":""},"class_list":["post-11453","page","type-page","status-publish","has-post-thumbnail","hentry"],"acf":[],"yoast_head":"<!-- This site is optimized with the Yoast SEO plugin v27.2 - https:\/\/yoast.com\/product\/yoast-seo-wordpress\/ -->\n<title>Correo - Mennonite World Conference<\/title>\n<meta name=\"robots\" content=\"index, follow, max-snippet:-1, max-image-preview:large, max-video-preview:-1\" \/>\n<link rel=\"canonical\" href=\"https:\/\/mwc-cmm.org\/es\/correo\/\" \/>\n<meta property=\"og:locale\" content=\"es_ES\" \/>\n<meta property=\"og:type\" content=\"article\" \/>\n<meta property=\"og:title\" content=\"Correo - Mennonite World Conference\" \/>\n<meta property=\"og:description\" content=\"Correo es una revista semestral publicada por el Congreso Mundial Menonita en&nbsp;ingl\u00e9s, espa\u00f1ol y franc\u00e9s. La revista est\u00e1 disponible gratuitamente en&nbsp;forma impresa&nbsp;o en&nbsp;formato electr\u00f3nico. A partir de 2013, Courier\/Correo\/Courrier publicar\u00e1 &nbsp;un&nbsp;bolet\u00edn&nbsp;de cuatro p\u00e1ginas&nbsp;seis veces por a\u00f1o, bajo el subt\u00edtulo de Newsletter\/Noticias\/Nouvelles. Dos veces por a\u00f1o (en abril y octubre) el bolet\u00edn ser\u00e1 una secci\u00f3n de [&hellip;]\" \/>\n<meta property=\"og:url\" content=\"https:\/\/mwc-cmm.org\/es\/correo\/\" \/>\n<meta property=\"og:site_name\" content=\"Mennonite World Conference\" \/>\n<meta property=\"article:publisher\" content=\"https:\/\/www.facebook.com\/MennoniteWorldConference\" \/>\n<meta property=\"article:modified_time\" content=\"2025-03-24T16:35:13+00:00\" \/>\n<script type=\"application\/ld+json\" class=\"yoast-schema-graph\">{\"@context\":\"https:\/\/schema.org\",\"@graph\":[{\"@type\":\"WebPage\",\"@id\":\"https:\/\/mwc-cmm.org\/es\/correo\/\",\"url\":\"https:\/\/mwc-cmm.org\/es\/correo\/\",\"name\":\"Correo - Mennonite World Conference\",\"isPartOf\":{\"@id\":\"https:\/\/mwc-cmm.org\/en\/#website\"},\"primaryImageOfPage\":{\"@id\":\"https:\/\/mwc-cmm.org\/es\/correo\/#primaryimage\"},\"image\":{\"@id\":\"https:\/\/mwc-cmm.org\/es\/correo\/#primaryimage\"},\"thumbnailUrl\":\"https:\/\/mwc-cmm.org\/wp-content\/uploads\/2025\/03\/CCC-English-header.png\",\"datePublished\":\"2019-10-08T00:00:00+00:00\",\"dateModified\":\"2025-03-24T16:35:13+00:00\",\"breadcrumb\":{\"@id\":\"https:\/\/mwc-cmm.org\/es\/correo\/#breadcrumb\"},\"inLanguage\":\"es\",\"potentialAction\":[{\"@type\":\"ReadAction\",\"target\":[\"https:\/\/mwc-cmm.org\/es\/correo\/\"]}]},{\"@type\":\"ImageObject\",\"inLanguage\":\"es\",\"@id\":\"https:\/\/mwc-cmm.org\/es\/correo\/#primaryimage\",\"url\":\"https:\/\/mwc-cmm.org\/wp-content\/uploads\/2025\/03\/CCC-English-header.png\",\"contentUrl\":\"https:\/\/mwc-cmm.org\/wp-content\/uploads\/2025\/03\/CCC-English-header.png\",\"width\":2545,\"height\":728,\"caption\":\"Courier - Correo- Courrier masthead with colourbar\"},{\"@type\":\"BreadcrumbList\",\"@id\":\"https:\/\/mwc-cmm.org\/es\/correo\/#breadcrumb\",\"itemListElement\":[{\"@type\":\"ListItem\",\"position\":1,\"name\":\"Home\",\"item\":\"https:\/\/mwc-cmm.org\/es\/\"},{\"@type\":\"ListItem\",\"position\":2,\"name\":\"Correo\"}]},{\"@type\":\"WebSite\",\"@id\":\"https:\/\/mwc-cmm.org\/en\/#website\",\"url\":\"https:\/\/mwc-cmm.org\/en\/\",\"name\":\"Mennonite World Conference\",\"description\":\"A communion of Anabaptist-related churches\",\"publisher\":{\"@id\":\"https:\/\/mwc-cmm.org\/en\/#organization\"},\"alternateName\":\"MWC\",\"potentialAction\":[{\"@type\":\"SearchAction\",\"target\":{\"@type\":\"EntryPoint\",\"urlTemplate\":\"https:\/\/mwc-cmm.org\/en\/?s={search_term_string}\"},\"query-input\":{\"@type\":\"PropertyValueSpecification\",\"valueRequired\":true,\"valueName\":\"search_term_string\"}}],\"inLanguage\":\"es\"},{\"@type\":\"Organization\",\"@id\":\"https:\/\/mwc-cmm.org\/en\/#organization\",\"name\":\"Mennonite World Conference\",\"alternateName\":\"MWC\",\"url\":\"https:\/\/mwc-cmm.org\/en\/\",\"logo\":{\"@type\":\"ImageObject\",\"inLanguage\":\"es\",\"@id\":\"https:\/\/mwc-cmm.org\/en\/#\/schema\/logo\/image\/\",\"url\":\"https:\/\/mwc-cmm.org\/wp-content\/uploads\/2026\/01\/MWC_Sig_Blue_Horiz_webheader1-logo.svg\",\"contentUrl\":\"https:\/\/mwc-cmm.org\/wp-content\/uploads\/2026\/01\/MWC_Sig_Blue_Horiz_webheader1-logo.svg\",\"width\":786,\"height\":82,\"caption\":\"Mennonite World Conference\"},\"image\":{\"@id\":\"https:\/\/mwc-cmm.org\/en\/#\/schema\/logo\/image\/\"},\"sameAs\":[\"https:\/\/www.facebook.com\/MennoniteWorldConference\",\"https:\/\/www.linkedin.com\/company\/mennonite-world-conference-mwc\/\",\"https:\/\/www.instagram.com\/mwcmm\/\",\"https:\/\/www.youtube.com\/user\/mwccmm\",\"https:\/\/bsky.app\/profile\/mwcmm.bsky.social\"]}]}<\/script>\n<!-- \/ Yoast SEO plugin. -->","yoast_head_json":{"title":"Correo - Mennonite World Conference","robots":{"index":"index","follow":"follow","max-snippet":"max-snippet:-1","max-image-preview":"max-image-preview:large","max-video-preview":"max-video-preview:-1"},"canonical":"https:\/\/mwc-cmm.org\/es\/correo\/","og_locale":"es_ES","og_type":"article","og_title":"Correo - Mennonite World Conference","og_description":"Correo es una revista semestral publicada por el Congreso Mundial Menonita en&nbsp;ingl\u00e9s, espa\u00f1ol y franc\u00e9s. La revista est\u00e1 disponible gratuitamente en&nbsp;forma impresa&nbsp;o en&nbsp;formato electr\u00f3nico. A partir de 2013, Courier\/Correo\/Courrier publicar\u00e1 &nbsp;un&nbsp;bolet\u00edn&nbsp;de cuatro p\u00e1ginas&nbsp;seis veces por a\u00f1o, bajo el subt\u00edtulo de Newsletter\/Noticias\/Nouvelles. Dos veces por a\u00f1o (en abril y octubre) el bolet\u00edn ser\u00e1 una secci\u00f3n de [&hellip;]","og_url":"https:\/\/mwc-cmm.org\/es\/correo\/","og_site_name":"Mennonite World Conference","article_publisher":"https:\/\/www.facebook.com\/MennoniteWorldConference","article_modified_time":"2025-03-24T16:35:13+00:00","schema":{"@context":"https:\/\/schema.org","@graph":[{"@type":"WebPage","@id":"https:\/\/mwc-cmm.org\/es\/correo\/","url":"https:\/\/mwc-cmm.org\/es\/correo\/","name":"Correo - Mennonite World Conference","isPartOf":{"@id":"https:\/\/mwc-cmm.org\/en\/#website"},"primaryImageOfPage":{"@id":"https:\/\/mwc-cmm.org\/es\/correo\/#primaryimage"},"image":{"@id":"https:\/\/mwc-cmm.org\/es\/correo\/#primaryimage"},"thumbnailUrl":"https:\/\/mwc-cmm.org\/wp-content\/uploads\/2025\/03\/CCC-English-header.png","datePublished":"2019-10-08T00:00:00+00:00","dateModified":"2025-03-24T16:35:13+00:00","breadcrumb":{"@id":"https:\/\/mwc-cmm.org\/es\/correo\/#breadcrumb"},"inLanguage":"es","potentialAction":[{"@type":"ReadAction","target":["https:\/\/mwc-cmm.org\/es\/correo\/"]}]},{"@type":"ImageObject","inLanguage":"es","@id":"https:\/\/mwc-cmm.org\/es\/correo\/#primaryimage","url":"https:\/\/mwc-cmm.org\/wp-content\/uploads\/2025\/03\/CCC-English-header.png","contentUrl":"https:\/\/mwc-cmm.org\/wp-content\/uploads\/2025\/03\/CCC-English-header.png","width":2545,"height":728,"caption":"Courier - Correo- Courrier masthead with colourbar"},{"@type":"BreadcrumbList","@id":"https:\/\/mwc-cmm.org\/es\/correo\/#breadcrumb","itemListElement":[{"@type":"ListItem","position":1,"name":"Home","item":"https:\/\/mwc-cmm.org\/es\/"},{"@type":"ListItem","position":2,"name":"Correo"}]},{"@type":"WebSite","@id":"https:\/\/mwc-cmm.org\/en\/#website","url":"https:\/\/mwc-cmm.org\/en\/","name":"Mennonite World Conference","description":"A communion of Anabaptist-related churches","publisher":{"@id":"https:\/\/mwc-cmm.org\/en\/#organization"},"alternateName":"MWC","potentialAction":[{"@type":"SearchAction","target":{"@type":"EntryPoint","urlTemplate":"https:\/\/mwc-cmm.org\/en\/?s={search_term_string}"},"query-input":{"@type":"PropertyValueSpecification","valueRequired":true,"valueName":"search_term_string"}}],"inLanguage":"es"},{"@type":"Organization","@id":"https:\/\/mwc-cmm.org\/en\/#organization","name":"Mennonite World Conference","alternateName":"MWC","url":"https:\/\/mwc-cmm.org\/en\/","logo":{"@type":"ImageObject","inLanguage":"es","@id":"https:\/\/mwc-cmm.org\/en\/#\/schema\/logo\/image\/","url":"https:\/\/mwc-cmm.org\/wp-content\/uploads\/2026\/01\/MWC_Sig_Blue_Horiz_webheader1-logo.svg","contentUrl":"https:\/\/mwc-cmm.org\/wp-content\/uploads\/2026\/01\/MWC_Sig_Blue_Horiz_webheader1-logo.svg","width":786,"height":82,"caption":"Mennonite World Conference"},"image":{"@id":"https:\/\/mwc-cmm.org\/en\/#\/schema\/logo\/image\/"},"sameAs":["https:\/\/www.facebook.com\/MennoniteWorldConference","https:\/\/www.linkedin.com\/company\/mennonite-world-conference-mwc\/","https:\/\/www.instagram.com\/mwcmm\/","https:\/\/www.youtube.com\/user\/mwccmm","https:\/\/bsky.app\/profile\/mwcmm.bsky.social"]}]}},"_links":{"self":[{"href":"https:\/\/mwc-cmm.org\/es\/wp-json\/wp\/v2\/pages\/11453","targetHints":{"allow":["GET"]}}],"collection":[{"href":"https:\/\/mwc-cmm.org\/es\/wp-json\/wp\/v2\/pages"}],"about":[{"href":"https:\/\/mwc-cmm.org\/es\/wp-json\/wp\/v2\/types\/page"}],"author":[{"embeddable":true,"href":"https:\/\/mwc-cmm.org\/es\/wp-json\/wp\/v2\/users\/1"}],"replies":[{"embeddable":true,"href":"https:\/\/mwc-cmm.org\/es\/wp-json\/wp\/v2\/comments?post=11453"}],"version-history":[{"count":0,"href":"https:\/\/mwc-cmm.org\/es\/wp-json\/wp\/v2\/pages\/11453\/revisions"}],"wp:featuredmedia":[{"embeddable":true,"href":"https:\/\/mwc-cmm.org\/es\/wp-json\/wp\/v2\/media\/111506"}],"wp:attachment":[{"href":"https:\/\/mwc-cmm.org\/es\/wp-json\/wp\/v2\/media?parent=11453"}],"curies":[{"name":"wp","href":"https:\/\/api.w.org\/{rel}","templated":true}]}}