{"id":113185,"date":"2025-05-07T20:02:45","date_gmt":"2025-05-07T20:02:45","guid":{"rendered":"https:\/\/mwc-cmm.org\/retransmision-en-directo-en-zurich\/"},"modified":"2025-06-02T08:41:38","modified_gmt":"2025-06-02T08:41:38","slug":"retransmision-en-directo-en-zurich","status":"publish","type":"page","link":"https:\/\/mwc-cmm.org\/es\/retransmision-en-directo-en-zurich\/","title":{"rendered":"Retransmisi\u00f3n en directo en Z\u00farich"},"content":{"rendered":"\n<p>El evento tendr\u00e1 lugar el jueves 29 de mayo de 2025, a las 15:00 UTC.<\/p>\n\n\n\n<p>AVISO: La interpretaci\u00f3n no constituye un registro definitivo de procedimientos. La interpretaci\u00f3n simult\u00e1nea de las reuniones y los eventos del <a href=\"https:\/\/mwc-cmm.org\/\" target=\"_blank\" rel=\"noreferrer noopener\"><strong>Congreso Mundial Menonita<\/strong><\/a> facilita la comunicaci\u00f3n entre los participantes. Esta no constituye un registro oficial de procedimientos. Cuando hay diferencias entre la interpretaci\u00f3n simult\u00e1nea y el discurso original (o la traducci\u00f3n escrita del discurso), el discurso original (o la traducci\u00f3n escrita) es predominante. <\/p>\n\n\n\n<p>Por favor escriba a <a href=\"mailto:info@mwc-cmm.org\" target=\"_blank\" rel=\"noreferrer noopener\"><strong>info@mwc-cmm.org<\/strong><\/a> si planea re publicar el material de manera escrita o en otra forma de difusi\u00f3n.\u00a0\u00a0<\/p>\n\n\n\n<figure class=\"wp-block-embed is-type-video is-provider-youtube wp-block-embed-youtube wp-embed-aspect-16-9 wp-has-aspect-ratio\"><div class=\"wp-block-embed__wrapper\">\n<iframe title=\"La valent\u00eda de amar: anabautismo a los 500\" width=\"500\" height=\"281\" data-src=\"https:\/\/www.youtube.com\/embed\/c9_FcIBNi0E?feature=oembed\" frameborder=\"0\" allow=\"accelerometer; autoplay; clipboard-write; encrypted-media; gyroscope; picture-in-picture; web-share\" referrerpolicy=\"strict-origin-when-cross-origin\" allowfullscreen src=\"data:image\/svg+xml;base64,PHN2ZyB3aWR0aD0iMSIgaGVpZ2h0PSIxIiB4bWxucz0iaHR0cDovL3d3dy53My5vcmcvMjAwMC9zdmciPjwvc3ZnPg==\" class=\"lazyload\" data-load-mode=\"1\"><\/iframe>\n<\/div><\/figure>\n\n\n\n<hr class=\"wp-block-separator has-alpha-channel-opacity\"\/>\n\n\n\n<div class=\"wp-block-buttons is-layout-flex wp-block-buttons-is-layout-flex\">\n<div class=\"wp-block-button\"><a class=\"wp-block-button__link wp-element-button\" href=\"https:\/\/mwc-cmm.org\/wp-content\/uploads\/2025\/03\/202502-PUB-Anabaptism-at-500-Watch-Party-Poster-SP.pdf\">Cartel<\/a><\/div>\n<\/div>\n\n\n\n<p>Programa de cultos de adoraci\u00f3n <\/p>\n\n\n\n<div class=\"wp-block-buttons is-layout-flex wp-block-buttons-is-layout-flex\">\n<div class=\"wp-block-button\"><a class=\"wp-block-button__link wp-element-button\" href=\"https:\/\/mwc-cmm.org\/wp-content\/uploads\/2025\/05\/Zurich2025-programbook-SP.pdf\">Programa de cultos de adoraci\u00f3n <\/a><\/div>\n<\/div>\n\n\n\n<p>Encuentre toda la informaci\u00f3n en la p\u00e1gina web del evento<\/p>\n\n\n\n<div class=\"wp-block-buttons is-layout-flex wp-block-buttons-is-layout-flex\">\n<div class=\"wp-block-button\"><a class=\"wp-block-button__link wp-element-button\" href=\"https:\/\/www.anabaptism500.ch\/\">P\u00e1gina web: Anabaptism@500<\/a><\/div>\n<\/div>\n","protected":false},"excerpt":{"rendered":"<p>El evento tendr\u00e1 lugar el jueves 29 de mayo de 2025, a las 15:00 UTC. AVISO: La interpretaci\u00f3n no constituye un registro definitivo de procedimientos. La interpretaci\u00f3n simult\u00e1nea de las reuniones y los eventos del Congreso Mundial Menonita facilita la comunicaci\u00f3n entre los participantes. Esta no constituye un registro oficial de procedimientos. Cuando hay diferencias [&hellip;]<\/p>\n","protected":false},"author":6,"featured_media":113686,"parent":0,"menu_order":0,"comment_status":"closed","ping_status":"closed","template":"","meta":{"_acf_changed":false,"footnotes":""},"class_list":["post-113185","page","type-page","status-publish","has-post-thumbnail","hentry"],"acf":[],"yoast_head":"<!-- This site is optimized with the Yoast SEO plugin v27.2 - https:\/\/yoast.com\/product\/yoast-seo-wordpress\/ -->\n<title>Retransmisi\u00f3n en directo en Z\u00farich - Mennonite World Conference<\/title>\n<meta name=\"description\" content=\"Vuelva aqu\u00ed para encontrar el enlace a la retransmisi\u00f3n en directo al menos 4 horas antes del comienzo del evento.\" \/>\n<meta name=\"robots\" content=\"index, follow, max-snippet:-1, max-image-preview:large, max-video-preview:-1\" \/>\n<link rel=\"canonical\" href=\"https:\/\/mwc-cmm.org\/es\/retransmision-en-directo-en-zurich\/\" \/>\n<meta property=\"og:locale\" content=\"es_ES\" \/>\n<meta property=\"og:type\" content=\"article\" \/>\n<meta property=\"og:title\" content=\"Retransmisi\u00f3n en directo en Z\u00farich - Mennonite World Conference\" \/>\n<meta property=\"og:description\" content=\"Vuelva aqu\u00ed para encontrar el enlace a la retransmisi\u00f3n en directo al menos 4 horas antes del comienzo del evento.\" \/>\n<meta property=\"og:url\" content=\"https:\/\/mwc-cmm.org\/es\/retransmision-en-directo-en-zurich\/\" \/>\n<meta property=\"og:site_name\" content=\"Mennonite World Conference\" \/>\n<meta property=\"article:publisher\" content=\"https:\/\/www.facebook.com\/MennoniteWorldConference\" \/>\n<meta property=\"article:modified_time\" content=\"2025-06-02T08:41:38+00:00\" \/>\n<meta property=\"og:image\" content=\"https:\/\/mwc-cmm.org\/wp-content\/uploads\/2025\/05\/54555692158_e38e775851_c.jpg\" \/>\n\t<meta property=\"og:image:width\" content=\"800\" \/>\n\t<meta property=\"og:image:height\" content=\"600\" \/>\n\t<meta property=\"og:image:type\" content=\"image\/jpeg\" \/>\n<script type=\"application\/ld+json\" class=\"yoast-schema-graph\">{\"@context\":\"https:\/\/schema.org\",\"@graph\":[{\"@type\":\"WebPage\",\"@id\":\"https:\/\/mwc-cmm.org\/es\/retransmision-en-directo-en-zurich\/\",\"url\":\"https:\/\/mwc-cmm.org\/es\/retransmision-en-directo-en-zurich\/\",\"name\":\"Retransmisi\u00f3n en directo en Z\u00farich - Mennonite World Conference\",\"isPartOf\":{\"@id\":\"https:\/\/mwc-cmm.org\/en\/#website\"},\"primaryImageOfPage\":{\"@id\":\"https:\/\/mwc-cmm.org\/es\/retransmision-en-directo-en-zurich\/#primaryimage\"},\"image\":{\"@id\":\"https:\/\/mwc-cmm.org\/es\/retransmision-en-directo-en-zurich\/#primaryimage\"},\"thumbnailUrl\":\"https:\/\/mwc-cmm.org\/wp-content\/uploads\/2025\/05\/54555692158_e38e775851_c.jpg\",\"datePublished\":\"2025-05-07T20:02:45+00:00\",\"dateModified\":\"2025-06-02T08:41:38+00:00\",\"description\":\"Vuelva aqu\u00ed para encontrar el enlace a la retransmisi\u00f3n en directo al menos 4 horas antes del comienzo del evento.\",\"breadcrumb\":{\"@id\":\"https:\/\/mwc-cmm.org\/es\/retransmision-en-directo-en-zurich\/#breadcrumb\"},\"inLanguage\":\"es\",\"potentialAction\":[{\"@type\":\"ReadAction\",\"target\":[\"https:\/\/mwc-cmm.org\/es\/retransmision-en-directo-en-zurich\/\"]}]},{\"@type\":\"ImageObject\",\"inLanguage\":\"es\",\"@id\":\"https:\/\/mwc-cmm.org\/es\/retransmision-en-directo-en-zurich\/#primaryimage\",\"url\":\"https:\/\/mwc-cmm.org\/wp-content\/uploads\/2025\/05\/54555692158_e38e775851_c.jpg\",\"contentUrl\":\"https:\/\/mwc-cmm.org\/wp-content\/uploads\/2025\/05\/54555692158_e38e775851_c.jpg\",\"width\":800,\"height\":600,\"caption\":\"a woman behind a pulpit flanked by men in religious garb in a historic minster.\"},{\"@type\":\"BreadcrumbList\",\"@id\":\"https:\/\/mwc-cmm.org\/es\/retransmision-en-directo-en-zurich\/#breadcrumb\",\"itemListElement\":[{\"@type\":\"ListItem\",\"position\":1,\"name\":\"Home\",\"item\":\"https:\/\/mwc-cmm.org\/es\/\"},{\"@type\":\"ListItem\",\"position\":2,\"name\":\"Retransmisi\u00f3n en directo en Z\u00farich\"}]},{\"@type\":\"WebSite\",\"@id\":\"https:\/\/mwc-cmm.org\/en\/#website\",\"url\":\"https:\/\/mwc-cmm.org\/en\/\",\"name\":\"Mennonite World Conference\",\"description\":\"A communion of Anabaptist-related churches\",\"publisher\":{\"@id\":\"https:\/\/mwc-cmm.org\/en\/#organization\"},\"alternateName\":\"MWC\",\"potentialAction\":[{\"@type\":\"SearchAction\",\"target\":{\"@type\":\"EntryPoint\",\"urlTemplate\":\"https:\/\/mwc-cmm.org\/en\/?s={search_term_string}\"},\"query-input\":{\"@type\":\"PropertyValueSpecification\",\"valueRequired\":true,\"valueName\":\"search_term_string\"}}],\"inLanguage\":\"es\"},{\"@type\":\"Organization\",\"@id\":\"https:\/\/mwc-cmm.org\/en\/#organization\",\"name\":\"Mennonite World Conference\",\"alternateName\":\"MWC\",\"url\":\"https:\/\/mwc-cmm.org\/en\/\",\"logo\":{\"@type\":\"ImageObject\",\"inLanguage\":\"es\",\"@id\":\"https:\/\/mwc-cmm.org\/en\/#\/schema\/logo\/image\/\",\"url\":\"https:\/\/mwc-cmm.org\/wp-content\/uploads\/2026\/01\/MWC_Sig_Blue_Horiz_webheader1-logo.svg\",\"contentUrl\":\"https:\/\/mwc-cmm.org\/wp-content\/uploads\/2026\/01\/MWC_Sig_Blue_Horiz_webheader1-logo.svg\",\"width\":786,\"height\":82,\"caption\":\"Mennonite World Conference\"},\"image\":{\"@id\":\"https:\/\/mwc-cmm.org\/en\/#\/schema\/logo\/image\/\"},\"sameAs\":[\"https:\/\/www.facebook.com\/MennoniteWorldConference\",\"https:\/\/www.linkedin.com\/company\/mennonite-world-conference-mwc\/\",\"https:\/\/www.instagram.com\/mwcmm\/\",\"https:\/\/www.youtube.com\/user\/mwccmm\",\"https:\/\/bsky.app\/profile\/mwcmm.bsky.social\"]}]}<\/script>\n<!-- \/ Yoast SEO plugin. -->","yoast_head_json":{"title":"Retransmisi\u00f3n en directo en Z\u00farich - Mennonite World Conference","description":"Vuelva aqu\u00ed para encontrar el enlace a la retransmisi\u00f3n en directo al menos 4 horas antes del comienzo del evento.","robots":{"index":"index","follow":"follow","max-snippet":"max-snippet:-1","max-image-preview":"max-image-preview:large","max-video-preview":"max-video-preview:-1"},"canonical":"https:\/\/mwc-cmm.org\/es\/retransmision-en-directo-en-zurich\/","og_locale":"es_ES","og_type":"article","og_title":"Retransmisi\u00f3n en directo en Z\u00farich - Mennonite World Conference","og_description":"Vuelva aqu\u00ed para encontrar el enlace a la retransmisi\u00f3n en directo al menos 4 horas antes del comienzo del evento.","og_url":"https:\/\/mwc-cmm.org\/es\/retransmision-en-directo-en-zurich\/","og_site_name":"Mennonite World Conference","article_publisher":"https:\/\/www.facebook.com\/MennoniteWorldConference","article_modified_time":"2025-06-02T08:41:38+00:00","og_image":[{"width":800,"height":600,"url":"https:\/\/mwc-cmm.org\/wp-content\/uploads\/2025\/05\/54555692158_e38e775851_c.jpg","type":"image\/jpeg"}],"schema":{"@context":"https:\/\/schema.org","@graph":[{"@type":"WebPage","@id":"https:\/\/mwc-cmm.org\/es\/retransmision-en-directo-en-zurich\/","url":"https:\/\/mwc-cmm.org\/es\/retransmision-en-directo-en-zurich\/","name":"Retransmisi\u00f3n en directo en Z\u00farich - Mennonite World Conference","isPartOf":{"@id":"https:\/\/mwc-cmm.org\/en\/#website"},"primaryImageOfPage":{"@id":"https:\/\/mwc-cmm.org\/es\/retransmision-en-directo-en-zurich\/#primaryimage"},"image":{"@id":"https:\/\/mwc-cmm.org\/es\/retransmision-en-directo-en-zurich\/#primaryimage"},"thumbnailUrl":"https:\/\/mwc-cmm.org\/wp-content\/uploads\/2025\/05\/54555692158_e38e775851_c.jpg","datePublished":"2025-05-07T20:02:45+00:00","dateModified":"2025-06-02T08:41:38+00:00","description":"Vuelva aqu\u00ed para encontrar el enlace a la retransmisi\u00f3n en directo al menos 4 horas antes del comienzo del evento.","breadcrumb":{"@id":"https:\/\/mwc-cmm.org\/es\/retransmision-en-directo-en-zurich\/#breadcrumb"},"inLanguage":"es","potentialAction":[{"@type":"ReadAction","target":["https:\/\/mwc-cmm.org\/es\/retransmision-en-directo-en-zurich\/"]}]},{"@type":"ImageObject","inLanguage":"es","@id":"https:\/\/mwc-cmm.org\/es\/retransmision-en-directo-en-zurich\/#primaryimage","url":"https:\/\/mwc-cmm.org\/wp-content\/uploads\/2025\/05\/54555692158_e38e775851_c.jpg","contentUrl":"https:\/\/mwc-cmm.org\/wp-content\/uploads\/2025\/05\/54555692158_e38e775851_c.jpg","width":800,"height":600,"caption":"a woman behind a pulpit flanked by men in religious garb in a historic minster."},{"@type":"BreadcrumbList","@id":"https:\/\/mwc-cmm.org\/es\/retransmision-en-directo-en-zurich\/#breadcrumb","itemListElement":[{"@type":"ListItem","position":1,"name":"Home","item":"https:\/\/mwc-cmm.org\/es\/"},{"@type":"ListItem","position":2,"name":"Retransmisi\u00f3n en directo en Z\u00farich"}]},{"@type":"WebSite","@id":"https:\/\/mwc-cmm.org\/en\/#website","url":"https:\/\/mwc-cmm.org\/en\/","name":"Mennonite World Conference","description":"A communion of Anabaptist-related churches","publisher":{"@id":"https:\/\/mwc-cmm.org\/en\/#organization"},"alternateName":"MWC","potentialAction":[{"@type":"SearchAction","target":{"@type":"EntryPoint","urlTemplate":"https:\/\/mwc-cmm.org\/en\/?s={search_term_string}"},"query-input":{"@type":"PropertyValueSpecification","valueRequired":true,"valueName":"search_term_string"}}],"inLanguage":"es"},{"@type":"Organization","@id":"https:\/\/mwc-cmm.org\/en\/#organization","name":"Mennonite World Conference","alternateName":"MWC","url":"https:\/\/mwc-cmm.org\/en\/","logo":{"@type":"ImageObject","inLanguage":"es","@id":"https:\/\/mwc-cmm.org\/en\/#\/schema\/logo\/image\/","url":"https:\/\/mwc-cmm.org\/wp-content\/uploads\/2026\/01\/MWC_Sig_Blue_Horiz_webheader1-logo.svg","contentUrl":"https:\/\/mwc-cmm.org\/wp-content\/uploads\/2026\/01\/MWC_Sig_Blue_Horiz_webheader1-logo.svg","width":786,"height":82,"caption":"Mennonite World Conference"},"image":{"@id":"https:\/\/mwc-cmm.org\/en\/#\/schema\/logo\/image\/"},"sameAs":["https:\/\/www.facebook.com\/MennoniteWorldConference","https:\/\/www.linkedin.com\/company\/mennonite-world-conference-mwc\/","https:\/\/www.instagram.com\/mwcmm\/","https:\/\/www.youtube.com\/user\/mwccmm","https:\/\/bsky.app\/profile\/mwcmm.bsky.social"]}]}},"_links":{"self":[{"href":"https:\/\/mwc-cmm.org\/es\/wp-json\/wp\/v2\/pages\/113185","targetHints":{"allow":["GET"]}}],"collection":[{"href":"https:\/\/mwc-cmm.org\/es\/wp-json\/wp\/v2\/pages"}],"about":[{"href":"https:\/\/mwc-cmm.org\/es\/wp-json\/wp\/v2\/types\/page"}],"author":[{"embeddable":true,"href":"https:\/\/mwc-cmm.org\/es\/wp-json\/wp\/v2\/users\/6"}],"replies":[{"embeddable":true,"href":"https:\/\/mwc-cmm.org\/es\/wp-json\/wp\/v2\/comments?post=113185"}],"version-history":[{"count":0,"href":"https:\/\/mwc-cmm.org\/es\/wp-json\/wp\/v2\/pages\/113185\/revisions"}],"wp:featuredmedia":[{"embeddable":true,"href":"https:\/\/mwc-cmm.org\/es\/wp-json\/wp\/v2\/media\/113686"}],"wp:attachment":[{"href":"https:\/\/mwc-cmm.org\/es\/wp-json\/wp\/v2\/media?parent=113185"}],"curies":[{"name":"wp","href":"https:\/\/api.w.org\/{rel}","templated":true}]}}