{"id":108965,"date":"2024-11-25T22:08:44","date_gmt":"2024-11-25T22:08:44","guid":{"rendered":"https:\/\/mwc-cmm.org\/?page_id=108965"},"modified":"2025-01-15T20:18:03","modified_gmt":"2025-01-15T20:18:03","slug":"aporte-proporcional-justo","status":"publish","type":"page","link":"https:\/\/mwc-cmm.org\/es\/aporte-proporcional-justo\/","title":{"rendered":"Aporte Proporcional Justo"},"content":{"rendered":"\n<div class=\"wp-block-group alignwide has-global-padding is-layout-constrained wp-block-group-is-layout-constrained\">\n<div class=\"wp-block-columns alignwide is-layout-flex wp-container-core-columns-is-layout-28f84493 wp-block-columns-is-layout-flex\">\n<div class=\"wp-block-column is-layout-flow wp-block-column-is-layout-flow\" style=\"flex-basis:66.66%\">\n<p>Formulario para pago con tarjeta de cr\u00e9dito. Consulte la barra lateral para conocer otras formas de contribuir.<\/p>\n\n\n\n<p>Los miembros contribuir\u00e1n el Aporte Proporcional Justo anual correspondiente a su membres\u00eda, sobre la base del presupuesto del CMM aprobado por el Concilio General, y conforme a lo dialogado y acordado entre el CMM y la iglesia miembro nacional.<\/p>\n\n\n\n<p>El Aporte Proporcional Justo se calcula cada tres a\u00f1os. (Dado que las contribuciones actuales no alcanzan este objetivo unificado, contin\u00faa la recaudaci\u00f3n de fondos.<\/p>\n\n\n\n<p>Actualmente, los c\u00e1lculos del Aporte Proporcional Justo se basan en la riqueza relativa del pa\u00eds (Paridad del Poder Adquisitivo) y el n\u00famero relativo de miembros de la iglesia miembro, entendiendo que existen variantes econ\u00f3micas en un pa\u00eds que no se pueden reconocer.<\/p>\n\n\n\n<iframe id=\"bfdb-em-7902\" data-src=\"https:\/\/mwc.donorbuilder.org\/pub\/fair-share-15343?bf-preview=1&#038;_layout=iframe\" style=\"width:100%; height: 1000px; overflow:visible; border:0;\" scrolling=\"yes\" src=\"data:image\/svg+xml;base64,PHN2ZyB3aWR0aD0iMSIgaGVpZ2h0PSIxIiB4bWxucz0iaHR0cDovL3d3dy53My5vcmcvMjAwMC9zdmciPjwvc3ZnPg==\" class=\"lazyload\" data-load-mode=\"1\"><\/iframe>\n<\/div>\n\n\n\n<div class=\"wp-block-column is-layout-flow wp-block-column-is-layout-flow\" style=\"flex-basis:33.33%\">\n<div class=\"wp-block-group has-soft-blue-background-color has-background has-global-padding is-layout-constrained wp-block-group-is-layout-constrained\">\n<h2 class=\"wp-block-heading is-style-green-eyebrow\"><a name=\"other ways to contribute\" id=\"other ways to contribute\"><\/a>Otras formas de donar:<\/h2>\n\n\n\n<h3 class=\"wp-block-heading is-style-no-line-eyebrow has-gray-color has-text-color has-link-color wp-elements-e33ac1fe8f86d80beab3cfd4d64a62fb\">Transferencias bancarias<\/h3>\n\n\n\n<ul class=\"wp-block-list\">\n<li><strong>D\u00f3lares canadienses<\/strong> a trav\u00e9s de Interac<br>Escr\u00edbanos a <a href=\"mailto:contributions@mwc-cmm.org\">contributions@mwc-cmm.org<\/a><\/li>\n\n\n\n<li>Euros a trav\u00e9s de Cr\u00e9dit Agricole<br>Nombre en la cuenta: Conf\u00e9rence Mennonite Mondiale<br>N\u00famero en la cuenta:<br>FR76 1720 6 000 09 10 1072 3101 015<br>C\u00f3digo Swift: AGRIFRPP872<\/li>\n\n\n\n<li><strong>USD<\/strong>\u00a0via\u00a0<a href=\"https:\/\/mwc-cmm.org\/en\/ach-donation\/\">ACH Transfer<\/a><\/li>\n<\/ul>\n\n\n\n<h3 class=\"wp-block-heading is-style-no-line-eyebrow has-gray-color has-text-color has-link-color wp-elements-8885b076384a77a8425109b656b7720b\">Cuenta de PayPal<\/h3>\n\n\n\n<ul class=\"wp-block-list\">\n<li><a href=\"https:\/\/www.paypal.com\/donate\/?cmd=_s-xclick&amp;hosted_button_id=RFX5H7G8KHZWQ&amp;source=url&amp;ssrt=1728576755459\" target=\"_blank\" rel=\"noreferrer noopener\">Canadian Dollars<\/a><\/li>\n\n\n\n<li><a href=\"http:\/\/www.paypal.com\/donate\/?cmd=_s-xclick&amp;hosted_button_id=SAC37M8MAQNKY&amp;source=url&amp;ssrt=1728576366180\" target=\"_blank\" rel=\"noreferrer noopener\">US Dollars<\/a><\/li>\n<\/ul>\n\n\n\n<h3 class=\"wp-block-heading is-style-no-line-eyebrow has-gray-color has-text-color has-link-color wp-elements-26b6cd094b659b766bdafe82e4c1ab8b\">By mail<\/h3>\n\n\n\n<ul class=\"wp-block-list\">\n<li>Cheques de una cuenta bancaria de <strong>EE. UU.<\/strong> <strong>pueden<\/strong> ser enviados v\u00eda correo certificado a<br>Congreso Menonita Mundial, PO Box 5364, Lancaster, PA 17606-5364<\/li>\n\n\n\n<li>Cheques de una instituci\u00f3n financiera de <strong>Canad\u00e1<\/strong> <strong>pueden<\/strong> ser enviados v\u00eda correo certificado a<br>Conreso Menonita Mundial, 50 Kent Ave., Suite 206, Kitchener, ON N2G 3R1<\/li>\n<\/ul>\n<\/div>\n<\/div>\n<\/div>\n<\/div>\n\n\n\n<p><\/p>\n","protected":false},"excerpt":{"rendered":"<p>Formulario para pago con tarjeta de cr\u00e9dito. Consulte la barra lateral para conocer otras formas de contribuir. Los miembros contribuir\u00e1n el Aporte Proporcional Justo anual correspondiente a su membres\u00eda, sobre la base del presupuesto del CMM aprobado por el Concilio General, y conforme a lo dialogado y acordado entre el CMM y la iglesia miembro [&hellip;]<\/p>\n","protected":false},"author":6,"featured_media":0,"parent":0,"menu_order":0,"comment_status":"closed","ping_status":"closed","template":"","meta":{"_acf_changed":false,"footnotes":""},"class_list":["post-108965","page","type-page","status-publish","hentry"],"acf":[],"yoast_head":"<!-- This site is optimized with the Yoast SEO plugin v27.2 - https:\/\/yoast.com\/product\/yoast-seo-wordpress\/ -->\n<title>Aporte Proporcional Justo - Mennonite World Conference<\/title>\n<meta name=\"robots\" content=\"index, follow, max-snippet:-1, max-image-preview:large, max-video-preview:-1\" \/>\n<link rel=\"canonical\" href=\"https:\/\/mwc-cmm.org\/es\/aporte-proporcional-justo\/\" \/>\n<meta property=\"og:locale\" content=\"es_ES\" \/>\n<meta property=\"og:type\" content=\"article\" \/>\n<meta property=\"og:title\" content=\"Aporte Proporcional Justo - Mennonite World Conference\" \/>\n<meta property=\"og:description\" content=\"Formulario para pago con tarjeta de cr\u00e9dito. Consulte la barra lateral para conocer otras formas de contribuir. Los miembros contribuir\u00e1n el Aporte Proporcional Justo anual correspondiente a su membres\u00eda, sobre la base del presupuesto del CMM aprobado por el Concilio General, y conforme a lo dialogado y acordado entre el CMM y la iglesia miembro [&hellip;]\" \/>\n<meta property=\"og:url\" content=\"https:\/\/mwc-cmm.org\/es\/aporte-proporcional-justo\/\" \/>\n<meta property=\"og:site_name\" content=\"Mennonite World Conference\" \/>\n<meta property=\"article:publisher\" content=\"https:\/\/www.facebook.com\/MennoniteWorldConference\" \/>\n<meta property=\"article:modified_time\" content=\"2025-01-15T20:18:03+00:00\" \/>\n<script type=\"application\/ld+json\" class=\"yoast-schema-graph\">{\"@context\":\"https:\/\/schema.org\",\"@graph\":[{\"@type\":\"WebPage\",\"@id\":\"https:\/\/mwc-cmm.org\/es\/aporte-proporcional-justo\/\",\"url\":\"https:\/\/mwc-cmm.org\/es\/aporte-proporcional-justo\/\",\"name\":\"Aporte Proporcional Justo - Mennonite World Conference\",\"isPartOf\":{\"@id\":\"https:\/\/mwc-cmm.org\/en\/#website\"},\"datePublished\":\"2024-11-25T22:08:44+00:00\",\"dateModified\":\"2025-01-15T20:18:03+00:00\",\"breadcrumb\":{\"@id\":\"https:\/\/mwc-cmm.org\/es\/aporte-proporcional-justo\/#breadcrumb\"},\"inLanguage\":\"es\",\"potentialAction\":[{\"@type\":\"ReadAction\",\"target\":[\"https:\/\/mwc-cmm.org\/es\/aporte-proporcional-justo\/\"]}]},{\"@type\":\"BreadcrumbList\",\"@id\":\"https:\/\/mwc-cmm.org\/es\/aporte-proporcional-justo\/#breadcrumb\",\"itemListElement\":[{\"@type\":\"ListItem\",\"position\":1,\"name\":\"Home\",\"item\":\"https:\/\/mwc-cmm.org\/es\/\"},{\"@type\":\"ListItem\",\"position\":2,\"name\":\"Aporte Proporcional Justo\"}]},{\"@type\":\"WebSite\",\"@id\":\"https:\/\/mwc-cmm.org\/en\/#website\",\"url\":\"https:\/\/mwc-cmm.org\/en\/\",\"name\":\"Mennonite World Conference\",\"description\":\"A communion of Anabaptist-related churches\",\"publisher\":{\"@id\":\"https:\/\/mwc-cmm.org\/en\/#organization\"},\"alternateName\":\"MWC\",\"potentialAction\":[{\"@type\":\"SearchAction\",\"target\":{\"@type\":\"EntryPoint\",\"urlTemplate\":\"https:\/\/mwc-cmm.org\/en\/?s={search_term_string}\"},\"query-input\":{\"@type\":\"PropertyValueSpecification\",\"valueRequired\":true,\"valueName\":\"search_term_string\"}}],\"inLanguage\":\"es\"},{\"@type\":\"Organization\",\"@id\":\"https:\/\/mwc-cmm.org\/en\/#organization\",\"name\":\"Mennonite World Conference\",\"alternateName\":\"MWC\",\"url\":\"https:\/\/mwc-cmm.org\/en\/\",\"logo\":{\"@type\":\"ImageObject\",\"inLanguage\":\"es\",\"@id\":\"https:\/\/mwc-cmm.org\/en\/#\/schema\/logo\/image\/\",\"url\":\"https:\/\/mwc-cmm.org\/wp-content\/uploads\/2026\/01\/MWC_Sig_Blue_Horiz_webheader1-logo.svg\",\"contentUrl\":\"https:\/\/mwc-cmm.org\/wp-content\/uploads\/2026\/01\/MWC_Sig_Blue_Horiz_webheader1-logo.svg\",\"width\":786,\"height\":82,\"caption\":\"Mennonite World Conference\"},\"image\":{\"@id\":\"https:\/\/mwc-cmm.org\/en\/#\/schema\/logo\/image\/\"},\"sameAs\":[\"https:\/\/www.facebook.com\/MennoniteWorldConference\",\"https:\/\/www.linkedin.com\/company\/mennonite-world-conference-mwc\/\",\"https:\/\/www.instagram.com\/mwcmm\/\",\"https:\/\/www.youtube.com\/user\/mwccmm\",\"https:\/\/bsky.app\/profile\/mwcmm.bsky.social\"]}]}<\/script>\n<!-- \/ Yoast SEO plugin. -->","yoast_head_json":{"title":"Aporte Proporcional Justo - Mennonite World Conference","robots":{"index":"index","follow":"follow","max-snippet":"max-snippet:-1","max-image-preview":"max-image-preview:large","max-video-preview":"max-video-preview:-1"},"canonical":"https:\/\/mwc-cmm.org\/es\/aporte-proporcional-justo\/","og_locale":"es_ES","og_type":"article","og_title":"Aporte Proporcional Justo - Mennonite World Conference","og_description":"Formulario para pago con tarjeta de cr\u00e9dito. Consulte la barra lateral para conocer otras formas de contribuir. Los miembros contribuir\u00e1n el Aporte Proporcional Justo anual correspondiente a su membres\u00eda, sobre la base del presupuesto del CMM aprobado por el Concilio General, y conforme a lo dialogado y acordado entre el CMM y la iglesia miembro [&hellip;]","og_url":"https:\/\/mwc-cmm.org\/es\/aporte-proporcional-justo\/","og_site_name":"Mennonite World Conference","article_publisher":"https:\/\/www.facebook.com\/MennoniteWorldConference","article_modified_time":"2025-01-15T20:18:03+00:00","schema":{"@context":"https:\/\/schema.org","@graph":[{"@type":"WebPage","@id":"https:\/\/mwc-cmm.org\/es\/aporte-proporcional-justo\/","url":"https:\/\/mwc-cmm.org\/es\/aporte-proporcional-justo\/","name":"Aporte Proporcional Justo - Mennonite World Conference","isPartOf":{"@id":"https:\/\/mwc-cmm.org\/en\/#website"},"datePublished":"2024-11-25T22:08:44+00:00","dateModified":"2025-01-15T20:18:03+00:00","breadcrumb":{"@id":"https:\/\/mwc-cmm.org\/es\/aporte-proporcional-justo\/#breadcrumb"},"inLanguage":"es","potentialAction":[{"@type":"ReadAction","target":["https:\/\/mwc-cmm.org\/es\/aporte-proporcional-justo\/"]}]},{"@type":"BreadcrumbList","@id":"https:\/\/mwc-cmm.org\/es\/aporte-proporcional-justo\/#breadcrumb","itemListElement":[{"@type":"ListItem","position":1,"name":"Home","item":"https:\/\/mwc-cmm.org\/es\/"},{"@type":"ListItem","position":2,"name":"Aporte Proporcional Justo"}]},{"@type":"WebSite","@id":"https:\/\/mwc-cmm.org\/en\/#website","url":"https:\/\/mwc-cmm.org\/en\/","name":"Mennonite World Conference","description":"A communion of Anabaptist-related churches","publisher":{"@id":"https:\/\/mwc-cmm.org\/en\/#organization"},"alternateName":"MWC","potentialAction":[{"@type":"SearchAction","target":{"@type":"EntryPoint","urlTemplate":"https:\/\/mwc-cmm.org\/en\/?s={search_term_string}"},"query-input":{"@type":"PropertyValueSpecification","valueRequired":true,"valueName":"search_term_string"}}],"inLanguage":"es"},{"@type":"Organization","@id":"https:\/\/mwc-cmm.org\/en\/#organization","name":"Mennonite World Conference","alternateName":"MWC","url":"https:\/\/mwc-cmm.org\/en\/","logo":{"@type":"ImageObject","inLanguage":"es","@id":"https:\/\/mwc-cmm.org\/en\/#\/schema\/logo\/image\/","url":"https:\/\/mwc-cmm.org\/wp-content\/uploads\/2026\/01\/MWC_Sig_Blue_Horiz_webheader1-logo.svg","contentUrl":"https:\/\/mwc-cmm.org\/wp-content\/uploads\/2026\/01\/MWC_Sig_Blue_Horiz_webheader1-logo.svg","width":786,"height":82,"caption":"Mennonite World Conference"},"image":{"@id":"https:\/\/mwc-cmm.org\/en\/#\/schema\/logo\/image\/"},"sameAs":["https:\/\/www.facebook.com\/MennoniteWorldConference","https:\/\/www.linkedin.com\/company\/mennonite-world-conference-mwc\/","https:\/\/www.instagram.com\/mwcmm\/","https:\/\/www.youtube.com\/user\/mwccmm","https:\/\/bsky.app\/profile\/mwcmm.bsky.social"]}]}},"_links":{"self":[{"href":"https:\/\/mwc-cmm.org\/es\/wp-json\/wp\/v2\/pages\/108965","targetHints":{"allow":["GET"]}}],"collection":[{"href":"https:\/\/mwc-cmm.org\/es\/wp-json\/wp\/v2\/pages"}],"about":[{"href":"https:\/\/mwc-cmm.org\/es\/wp-json\/wp\/v2\/types\/page"}],"author":[{"embeddable":true,"href":"https:\/\/mwc-cmm.org\/es\/wp-json\/wp\/v2\/users\/6"}],"replies":[{"embeddable":true,"href":"https:\/\/mwc-cmm.org\/es\/wp-json\/wp\/v2\/comments?post=108965"}],"version-history":[{"count":0,"href":"https:\/\/mwc-cmm.org\/es\/wp-json\/wp\/v2\/pages\/108965\/revisions"}],"wp:attachment":[{"href":"https:\/\/mwc-cmm.org\/es\/wp-json\/wp\/v2\/media?parent=108965"}],"curies":[{"name":"wp","href":"https:\/\/api.w.org\/{rel}","templated":true}]}}