{"id":102735,"date":"2024-11-21T03:03:58","date_gmt":"2024-11-21T03:03:58","guid":{"rendered":"https:\/\/mwc-cmm.org\/redes-del-cmm\/red-global-anabautista-de-paz-gapn\/gapn-member-list\/"},"modified":"2024-12-10T21:43:17","modified_gmt":"2024-12-10T21:43:17","slug":"gapn-member-list","status":"publish","type":"page","link":"https:\/\/mwc-cmm.org\/es\/redes-del-cmm\/red-global-anabautista-de-paz-gapn\/gapn-member-list\/","title":{"rendered":"Lista de miembros de GAPN"},"content":{"rendered":"\n<div class=\"wp-block-columns alignwide is-layout-flex wp-container-core-columns-is-layout-e1fea541 wp-block-columns-is-layout-flex\" style=\"margin-top:var(--wp--preset--spacing--50)\">\n<div class=\"wp-block-column is-layout-flow wp-block-column-is-layout-flow\">\n<h2 class=\"wp-block-heading is-style-green-eyebrow\">Continent<\/h2>\n\n\n<div class=\"facetwp-facet facetwp-facet-member_continent facetwp-type-dropdown\" data-name=\"member_continent\" data-type=\"dropdown\"><\/div>\n<\/div>\n\n\n\n<div class=\"wp-block-column is-layout-flow wp-block-column-is-layout-flow\">\n<h2 class=\"wp-block-heading is-style-yellow-eyebrow\">Country<\/h2>\n\n\n<div class=\"facetwp-facet facetwp-facet-member_country facetwp-type-dropdown\" data-name=\"member_country\" data-type=\"dropdown\"><\/div>\n\n\n<div class=\"facetwp-facet facetwp-facet-clear_filters facetwp-type-reset\" data-name=\"clear_filters\" data-type=\"reset\"><\/div>\n<\/div>\n<\/div>\n\n\n\n<div class=\"wp-block-group alignwide has-global-padding is-layout-constrained wp-container-core-group-is-layout-50e12133 wp-block-group-is-layout-constrained\"><div class=\"facetwp-template\" data-name=\"gapn_member_list\">\n\n  <div class=\"member-row-wrap\">\n          <div class=\"member-title-header member-col-wide\">\n        <p><a href=\"https:\/\/religionpeacejustice.com\/\">Amsterdam Center for Religion, Peace &#038; Justice Studies<\/a><\/p>\n      <\/div>\n        <!-- Continent -->\n    <ul class=\"member-continent member-col\">\n    <li>Europe<\/li>    <\/ul>\n    <!-- Country -->\n    <ul class=\"member-country member-col\">\n    <li>Netherlands<\/li>    <\/ul>\n  <\/div>\n\n\n  <div class=\"member-row-wrap\">\n          <div class=\"member-title-header member-col-wide\">\n        <p><a href=\"https:\/\/www.theologie.uni-hamburg.de\/einrichtungen\/arbeitsstellen\/friedenskirche.html\">Arbeitsstelle Theologie der Friedenskirchen<\/a><\/p>\n      <\/div>\n        <!-- Continent -->\n    <ul class=\"member-continent member-col\">\n    <li>Europe<\/li>    <\/ul>\n    <!-- Country -->\n    <ul class=\"member-country member-col\">\n    <li>Germany<\/li>    <\/ul>\n  <\/div>\n\n\n  <div class=\"member-row-wrap\">\n          <div class=\"member-title-header member-col-wide\">\n        <p><a href=\"https:\/\/www.mennonitechurch.ca\/\">Bethany Theological Seminary &#8211; Peace Studies Program<\/a><\/p>\n      <\/div>\n        <!-- Continent -->\n    <ul class=\"member-continent member-col\">\n    <li>North America<\/li>    <\/ul>\n    <!-- Country -->\n    <ul class=\"member-country member-col\">\n    <li>United States<\/li>    <\/ul>\n  <\/div>\n\n\n  <div class=\"member-row-wrap\">\n          <div class=\"member-title-header member-col-wide\">\n        <p><a href=\"https:\/\/www.bethelks.edu\/\">Bethel College, Department of History and Conflict Studies<\/a><\/p>\n      <\/div>\n        <!-- Continent -->\n    <ul class=\"member-continent member-col\">\n    <li>North America<\/li>    <\/ul>\n    <!-- Country -->\n    <ul class=\"member-country member-col\">\n    <li>United States<\/li>    <\/ul>\n  <\/div>\n\n\n  <div class=\"member-row-wrap\">\n          <div class=\"member-title-header member-col-wide\">\n        <p><a href=\"http:\/\/en.bienenberg.ch\">Bildungszentrum Bienenberg<\/a><\/p>\n      <\/div>\n        <!-- Continent -->\n    <ul class=\"member-continent member-col\">\n    <li>Europe<\/li>    <\/ul>\n    <!-- Country -->\n    <ul class=\"member-country member-col\">\n    <li>Switzerland<\/li>    <\/ul>\n  <\/div>\n\n\n  <div class=\"member-row-wrap\">\n          <div class=\"member-title-header member-col-wide\">\n        <p><a href=\"http:\/\/www.cmu.ca\">Canadian Mennonite University<\/a><\/p>\n      <\/div>\n        <!-- Continent -->\n    <ul class=\"member-continent member-col\">\n    <li>North America<\/li>    <\/ul>\n    <!-- Country -->\n    <ul class=\"member-country member-col\">\n    <li>Canada<\/li>    <\/ul>\n  <\/div>\n\n\n  <div class=\"member-row-wrap\">\n          <div class=\"member-title-header member-col-wide\">\n        <p><a href=\"https:\/\/lcc.lt\/research-at-lcc\/dialogue-and-conflict-transformation\">Center for Dialogue and Conflict Transformation (LCC University)<\/a><\/p>\n      <\/div>\n        <!-- Continent -->\n    <ul class=\"member-continent member-col\">\n    <li>Europe<\/li>    <\/ul>\n    <!-- Country -->\n    <ul class=\"member-country member-col\">\n    <li>Lithuania<\/li>    <\/ul>\n  <\/div>\n\n\n  <div class=\"member-row-wrap\">\n          <div class=\"member-title-header member-col-wide\">\n        <p><a href=\"https:\/\/www.justapaz.org\">Centro Cristiano para Justicia, Paz y Acci\u00f3n Noviolenta<\/a><\/p>\n      <\/div>\n        <!-- Continent -->\n    <ul class=\"member-continent member-col\">\n    <li>Latin America &amp; Caribbean<\/li>    <\/ul>\n    <!-- Country -->\n    <ul class=\"member-country member-col\">\n    <li>Colombia<\/li>    <\/ul>\n  <\/div>\n\n\n  <div class=\"member-row-wrap\">\n          <div class=\"member-title-header member-col-wide\">\n        <p><a href=\"https:\/\/dismantlediscovery.org\/\">Coalition to Dismantle the Doctrine of Discovery<\/a><\/p>\n      <\/div>\n        <!-- Continent -->\n    <ul class=\"member-continent member-col\">\n    <li>North America<\/li>    <\/ul>\n    <!-- Country -->\n    <ul class=\"member-country member-col\">\n    <li>United States<\/li>    <\/ul>\n  <\/div>\n\n\n  <div class=\"member-row-wrap\">\n          <div class=\"member-title-header member-col-wide\">\n        <p><a href=\"https:\/\/uwaterloo.ca\/grebel\/\">Conrad Grebel University College<\/a><\/p>\n      <\/div>\n        <!-- Continent -->\n    <ul class=\"member-continent member-col\">\n    <li>North America<\/li>    <\/ul>\n    <!-- Country -->\n    <ul class=\"member-country member-col\">\n    <li>Canada<\/li>    <\/ul>\n  <\/div>\n\n\n  <div class=\"member-row-wrap\">\n          <div class=\"member-title-header member-col-wide\">\n        <p><a href=\"https:\/\/www.dmfk.de\/\">Deutsches Mennonitisches Friedenskomitee<\/a><\/p>\n      <\/div>\n        <!-- Continent -->\n    <ul class=\"member-continent member-col\">\n    <li>Europe<\/li>    <\/ul>\n    <!-- Country -->\n    <ul class=\"member-country member-col\">\n    <li>Germany<\/li>    <\/ul>\n  <\/div>\n\n\n  <div class=\"member-row-wrap\">\n          <div class=\"member-title-header member-col-wide\">\n        <p><a href=\"https:\/\/www.dgwereldwerk.nl\/\">Doopsgezind WereldWerk<\/a><\/p>\n      <\/div>\n        <!-- Continent -->\n    <ul class=\"member-continent member-col\">\n    <li>Europe<\/li>    <\/ul>\n    <!-- Country -->\n    <ul class=\"member-country member-col\">\n    <li>Netherlands<\/li>    <\/ul>\n  <\/div>\n\n\n  <div class=\"member-row-wrap\">\n          <div class=\"member-title-header member-col-wide\">\n        <p>Duta Wacana Christian University &#8211; Center for the Study and Promotion of Peace<\/p>\n      <\/div>\n        <!-- Continent -->\n    <ul class=\"member-continent member-col\">\n    <li>Asia &amp; Pacific<\/li>    <\/ul>\n    <!-- Country -->\n    <ul class=\"member-country member-col\">\n    <li>Indonesia<\/li>    <\/ul>\n  <\/div>\n\n\n  <div class=\"member-row-wrap\">\n          <div class=\"member-title-header member-col-wide\">\n        <p><a href=\"https:\/\/www.equipforchange.org\">Equip for Change<\/a><\/p>\n      <\/div>\n        <!-- Continent -->\n    <ul class=\"member-continent member-col\">\n    <li>Africa<\/li>    <\/ul>\n    <!-- Country -->\n    <ul class=\"member-country member-col\">\n    <li>Tanzania<\/li>    <\/ul>\n  <\/div>\n\n\n  <div class=\"member-row-wrap\">\n          <div class=\"member-title-header member-col-wide\">\n        <p>Fundaci\u00f3n de Educaci\u00f3n para la Paz y Resoluci\u00f3n de Conflictos Edupaz<\/p>\n      <\/div>\n        <!-- Continent -->\n    <ul class=\"member-continent member-col\">\n    <li>Latin America &amp; Caribbean<\/li>    <\/ul>\n    <!-- Country -->\n    <ul class=\"member-country member-col\">\n    <li>Colombia<\/li>    <\/ul>\n  <\/div>\n\n\n  <div class=\"member-row-wrap\">\n          <div class=\"member-title-header member-col-wide\">\n        <p><a href=\"https:\/\/mbcmalawi.org\/\">Mennonite Brethren Church in Malawi<\/a><\/p>\n      <\/div>\n        <!-- Continent -->\n    <ul class=\"member-continent member-col\">\n    <li>Africa<\/li>    <\/ul>\n    <!-- Country -->\n    <ul class=\"member-country member-col\">\n    <li>Malawi<\/li>    <\/ul>\n  <\/div>\n\n\n  <div class=\"member-row-wrap\">\n          <div class=\"member-title-header member-col-wide\">\n        <p><a href=\"http:\/\/www.mcc.org\">Mennonite Central Committee<\/a><\/p>\n      <\/div>\n        <!-- Continent -->\n    <ul class=\"member-continent member-col\">\n    <li>North America<\/li>    <\/ul>\n    <!-- Country -->\n    <ul class=\"member-country member-col\">\n    <li>United States<\/li>    <\/ul>\n  <\/div>\n\n\n  <div class=\"member-row-wrap\">\n          <div class=\"member-title-header member-col-wide\">\n        <p><a href=\"http:\/\/mcc.org\/canada\">Mennonite Central Committee Canada<\/a><\/p>\n      <\/div>\n        <!-- Continent -->\n    <ul class=\"member-continent member-col\">\n    <li>North America<\/li>    <\/ul>\n    <!-- Country -->\n    <ul class=\"member-country member-col\">\n    <li>Canada<\/li>    <\/ul>\n  <\/div>\n\n\n  <div class=\"member-row-wrap\">\n          <div class=\"member-title-header member-col-wide\">\n        <p><a href=\"https:\/\/www.mennonitechurch.ca\/\">Mennonite Church Canada<\/a><\/p>\n      <\/div>\n        <!-- Continent -->\n    <ul class=\"member-continent member-col\">\n    <li>North America<\/li>    <\/ul>\n    <!-- Country -->\n    <ul class=\"member-country member-col\">\n    <li>Canada<\/li>    <\/ul>\n  <\/div>\n\n\n  <div class=\"member-row-wrap\">\n          <div class=\"member-title-header member-col-wide\">\n        <p>Movimiento Latinoamericano Anabautista por la Paz y la Justicia (MLAANPJ)<\/p>\n      <\/div>\n        <!-- Continent -->\n    <ul class=\"member-continent member-col\">\n    <li>Latin America &amp; Caribbean<\/li>    <\/ul>\n    <!-- Country -->\n    <ul class=\"member-country member-col\">\n    <li>Colombia<\/li>    <\/ul>\n  <\/div>\n\n\n  <div class=\"member-row-wrap\">\n          <div class=\"member-title-header member-col-wide\">\n        <p><a href=\"https:\/\/www.brethren.org\/peacebuilding\/\">Office of Peacebuilding and Policy, Church of the Brethren<\/a><\/p>\n      <\/div>\n        <!-- Continent -->\n    <ul class=\"member-continent member-col\">\n    <li>North America<\/li>    <\/ul>\n    <!-- Country -->\n    <ul class=\"member-country member-col\">\n    <li>United States<\/li>    <\/ul>\n  <\/div>\n\n\n  <div class=\"member-row-wrap\">\n          <div class=\"member-title-header member-col-wide\">\n        <p><a href=\"https:\/\/peacebuilderscommunity.org\/\">Peacebuilders Community Inc &#8211; Philippines<\/a><\/p>\n      <\/div>\n        <!-- Continent -->\n    <ul class=\"member-continent member-col\">\n    <li>Asia &amp; Pacific<\/li>    <\/ul>\n    <!-- Country -->\n    <ul class=\"member-country member-col\">\n    <li>Philippines<\/li>    <\/ul>\n  <\/div>\n\n\n  <div class=\"member-row-wrap\">\n          <div class=\"member-title-header member-col-wide\">\n        <p>Red Latinoamericana de Estudios Anabautistas (RELEA)<\/p>\n      <\/div>\n        <!-- Continent -->\n    <ul class=\"member-continent member-col\">\n    <li>Latin America &amp; Caribbean<\/li>    <\/ul>\n    <!-- Country -->\n    <ul class=\"member-country member-col\">\n    <li>Colombia<\/li>    <\/ul>\n  <\/div>\n\n\n  <div class=\"member-row-wrap\">\n          <div class=\"member-title-header member-col-wide\">\n        <p><a href=\"https:\/\/sadra.co.za\/\">SADRA Conflict Transformation<\/a><\/p>\n      <\/div>\n        <!-- Continent -->\n    <ul class=\"member-continent member-col\">\n    <li>Africa<\/li>    <\/ul>\n    <!-- Country -->\n    <ul class=\"member-country member-col\">\n    <li>South Africa<\/li>    <\/ul>\n  <\/div>\n\n\n<\/div>\n\n\n<div class=\"facetwp-facet facetwp-facet-pagination facetwp-type-pager\" data-name=\"pagination\" data-type=\"pager\"><\/div>\n<\/div>\n","protected":false},"excerpt":{"rendered":"<p>Continent Country<\/p>\n","protected":false},"author":1,"featured_media":0,"parent":11454,"menu_order":0,"comment_status":"closed","ping_status":"closed","template":"","meta":{"_acf_changed":false,"footnotes":""},"class_list":["post-102735","page","type-page","status-publish","hentry"],"acf":[],"yoast_head":"<!-- This site is optimized with the Yoast SEO plugin v27.2 - https:\/\/yoast.com\/product\/yoast-seo-wordpress\/ -->\n<title>Lista de miembros de GAPN - Mennonite World Conference<\/title>\n<meta name=\"robots\" content=\"index, follow, max-snippet:-1, max-image-preview:large, max-video-preview:-1\" \/>\n<link rel=\"canonical\" href=\"https:\/\/mwc-cmm.org\/es\/redes-del-cmm\/red-global-anabautista-de-paz-gapn\/gapn-member-list\/\" \/>\n<meta property=\"og:locale\" content=\"es_ES\" \/>\n<meta property=\"og:type\" content=\"article\" \/>\n<meta property=\"og:title\" content=\"Lista de miembros de GAPN - Mennonite World Conference\" \/>\n<meta property=\"og:description\" content=\"Continent Country\" \/>\n<meta property=\"og:url\" content=\"https:\/\/mwc-cmm.org\/es\/redes-del-cmm\/red-global-anabautista-de-paz-gapn\/gapn-member-list\/\" \/>\n<meta property=\"og:site_name\" content=\"Mennonite World Conference\" \/>\n<meta property=\"article:publisher\" content=\"https:\/\/www.facebook.com\/MennoniteWorldConference\" \/>\n<meta property=\"article:modified_time\" content=\"2024-12-10T21:43:17+00:00\" \/>\n<script type=\"application\/ld+json\" class=\"yoast-schema-graph\">{\"@context\":\"https:\/\/schema.org\",\"@graph\":[{\"@type\":\"WebPage\",\"@id\":\"https:\/\/mwc-cmm.org\/es\/redes-del-cmm\/red-global-anabautista-de-paz-gapn\/gapn-member-list\/\",\"url\":\"https:\/\/mwc-cmm.org\/es\/redes-del-cmm\/red-global-anabautista-de-paz-gapn\/gapn-member-list\/\",\"name\":\"Lista de miembros de GAPN - Mennonite World Conference\",\"isPartOf\":{\"@id\":\"https:\/\/mwc-cmm.org\/en\/#website\"},\"datePublished\":\"2024-11-21T03:03:58+00:00\",\"dateModified\":\"2024-12-10T21:43:17+00:00\",\"breadcrumb\":{\"@id\":\"https:\/\/mwc-cmm.org\/es\/redes-del-cmm\/red-global-anabautista-de-paz-gapn\/gapn-member-list\/#breadcrumb\"},\"inLanguage\":\"es\",\"potentialAction\":[{\"@type\":\"ReadAction\",\"target\":[\"https:\/\/mwc-cmm.org\/es\/redes-del-cmm\/red-global-anabautista-de-paz-gapn\/gapn-member-list\/\"]}]},{\"@type\":\"BreadcrumbList\",\"@id\":\"https:\/\/mwc-cmm.org\/es\/redes-del-cmm\/red-global-anabautista-de-paz-gapn\/gapn-member-list\/#breadcrumb\",\"itemListElement\":[{\"@type\":\"ListItem\",\"position\":1,\"name\":\"Home\",\"item\":\"https:\/\/mwc-cmm.org\/es\/\"},{\"@type\":\"ListItem\",\"position\":2,\"name\":\"Redes del CMM\",\"item\":\"https:\/\/mwc-cmm.org\/es\/redes-del-cmm\/\"},{\"@type\":\"ListItem\",\"position\":3,\"name\":\"Red Global Anabautista de Paz (GAPN)\",\"item\":\"https:\/\/mwc-cmm.org\/es\/redes-del-cmm\/red-global-anabautista-de-paz-gapn\/\"},{\"@type\":\"ListItem\",\"position\":4,\"name\":\"Lista de miembros de GAPN\"}]},{\"@type\":\"WebSite\",\"@id\":\"https:\/\/mwc-cmm.org\/en\/#website\",\"url\":\"https:\/\/mwc-cmm.org\/en\/\",\"name\":\"Mennonite World Conference\",\"description\":\"A communion of Anabaptist-related churches\",\"publisher\":{\"@id\":\"https:\/\/mwc-cmm.org\/en\/#organization\"},\"alternateName\":\"MWC\",\"potentialAction\":[{\"@type\":\"SearchAction\",\"target\":{\"@type\":\"EntryPoint\",\"urlTemplate\":\"https:\/\/mwc-cmm.org\/en\/?s={search_term_string}\"},\"query-input\":{\"@type\":\"PropertyValueSpecification\",\"valueRequired\":true,\"valueName\":\"search_term_string\"}}],\"inLanguage\":\"es\"},{\"@type\":\"Organization\",\"@id\":\"https:\/\/mwc-cmm.org\/en\/#organization\",\"name\":\"Mennonite World Conference\",\"alternateName\":\"MWC\",\"url\":\"https:\/\/mwc-cmm.org\/en\/\",\"logo\":{\"@type\":\"ImageObject\",\"inLanguage\":\"es\",\"@id\":\"https:\/\/mwc-cmm.org\/en\/#\/schema\/logo\/image\/\",\"url\":\"https:\/\/mwc-cmm.org\/wp-content\/uploads\/2026\/01\/MWC_Sig_Blue_Horiz_webheader1-logo.svg\",\"contentUrl\":\"https:\/\/mwc-cmm.org\/wp-content\/uploads\/2026\/01\/MWC_Sig_Blue_Horiz_webheader1-logo.svg\",\"width\":786,\"height\":82,\"caption\":\"Mennonite World Conference\"},\"image\":{\"@id\":\"https:\/\/mwc-cmm.org\/en\/#\/schema\/logo\/image\/\"},\"sameAs\":[\"https:\/\/www.facebook.com\/MennoniteWorldConference\",\"https:\/\/www.linkedin.com\/company\/mennonite-world-conference-mwc\/\",\"https:\/\/www.instagram.com\/mwcmm\/\",\"https:\/\/www.youtube.com\/user\/mwccmm\",\"https:\/\/bsky.app\/profile\/mwcmm.bsky.social\"]}]}<\/script>\n<!-- \/ Yoast SEO plugin. -->","yoast_head_json":{"title":"Lista de miembros de GAPN - Mennonite World Conference","robots":{"index":"index","follow":"follow","max-snippet":"max-snippet:-1","max-image-preview":"max-image-preview:large","max-video-preview":"max-video-preview:-1"},"canonical":"https:\/\/mwc-cmm.org\/es\/redes-del-cmm\/red-global-anabautista-de-paz-gapn\/gapn-member-list\/","og_locale":"es_ES","og_type":"article","og_title":"Lista de miembros de GAPN - Mennonite World Conference","og_description":"Continent Country","og_url":"https:\/\/mwc-cmm.org\/es\/redes-del-cmm\/red-global-anabautista-de-paz-gapn\/gapn-member-list\/","og_site_name":"Mennonite World Conference","article_publisher":"https:\/\/www.facebook.com\/MennoniteWorldConference","article_modified_time":"2024-12-10T21:43:17+00:00","schema":{"@context":"https:\/\/schema.org","@graph":[{"@type":"WebPage","@id":"https:\/\/mwc-cmm.org\/es\/redes-del-cmm\/red-global-anabautista-de-paz-gapn\/gapn-member-list\/","url":"https:\/\/mwc-cmm.org\/es\/redes-del-cmm\/red-global-anabautista-de-paz-gapn\/gapn-member-list\/","name":"Lista de miembros de GAPN - Mennonite World Conference","isPartOf":{"@id":"https:\/\/mwc-cmm.org\/en\/#website"},"datePublished":"2024-11-21T03:03:58+00:00","dateModified":"2024-12-10T21:43:17+00:00","breadcrumb":{"@id":"https:\/\/mwc-cmm.org\/es\/redes-del-cmm\/red-global-anabautista-de-paz-gapn\/gapn-member-list\/#breadcrumb"},"inLanguage":"es","potentialAction":[{"@type":"ReadAction","target":["https:\/\/mwc-cmm.org\/es\/redes-del-cmm\/red-global-anabautista-de-paz-gapn\/gapn-member-list\/"]}]},{"@type":"BreadcrumbList","@id":"https:\/\/mwc-cmm.org\/es\/redes-del-cmm\/red-global-anabautista-de-paz-gapn\/gapn-member-list\/#breadcrumb","itemListElement":[{"@type":"ListItem","position":1,"name":"Home","item":"https:\/\/mwc-cmm.org\/es\/"},{"@type":"ListItem","position":2,"name":"Redes del CMM","item":"https:\/\/mwc-cmm.org\/es\/redes-del-cmm\/"},{"@type":"ListItem","position":3,"name":"Red Global Anabautista de Paz (GAPN)","item":"https:\/\/mwc-cmm.org\/es\/redes-del-cmm\/red-global-anabautista-de-paz-gapn\/"},{"@type":"ListItem","position":4,"name":"Lista de miembros de GAPN"}]},{"@type":"WebSite","@id":"https:\/\/mwc-cmm.org\/en\/#website","url":"https:\/\/mwc-cmm.org\/en\/","name":"Mennonite World Conference","description":"A communion of Anabaptist-related churches","publisher":{"@id":"https:\/\/mwc-cmm.org\/en\/#organization"},"alternateName":"MWC","potentialAction":[{"@type":"SearchAction","target":{"@type":"EntryPoint","urlTemplate":"https:\/\/mwc-cmm.org\/en\/?s={search_term_string}"},"query-input":{"@type":"PropertyValueSpecification","valueRequired":true,"valueName":"search_term_string"}}],"inLanguage":"es"},{"@type":"Organization","@id":"https:\/\/mwc-cmm.org\/en\/#organization","name":"Mennonite World Conference","alternateName":"MWC","url":"https:\/\/mwc-cmm.org\/en\/","logo":{"@type":"ImageObject","inLanguage":"es","@id":"https:\/\/mwc-cmm.org\/en\/#\/schema\/logo\/image\/","url":"https:\/\/mwc-cmm.org\/wp-content\/uploads\/2026\/01\/MWC_Sig_Blue_Horiz_webheader1-logo.svg","contentUrl":"https:\/\/mwc-cmm.org\/wp-content\/uploads\/2026\/01\/MWC_Sig_Blue_Horiz_webheader1-logo.svg","width":786,"height":82,"caption":"Mennonite World Conference"},"image":{"@id":"https:\/\/mwc-cmm.org\/en\/#\/schema\/logo\/image\/"},"sameAs":["https:\/\/www.facebook.com\/MennoniteWorldConference","https:\/\/www.linkedin.com\/company\/mennonite-world-conference-mwc\/","https:\/\/www.instagram.com\/mwcmm\/","https:\/\/www.youtube.com\/user\/mwccmm","https:\/\/bsky.app\/profile\/mwcmm.bsky.social"]}]}},"_links":{"self":[{"href":"https:\/\/mwc-cmm.org\/es\/wp-json\/wp\/v2\/pages\/102735","targetHints":{"allow":["GET"]}}],"collection":[{"href":"https:\/\/mwc-cmm.org\/es\/wp-json\/wp\/v2\/pages"}],"about":[{"href":"https:\/\/mwc-cmm.org\/es\/wp-json\/wp\/v2\/types\/page"}],"author":[{"embeddable":true,"href":"https:\/\/mwc-cmm.org\/es\/wp-json\/wp\/v2\/users\/1"}],"replies":[{"embeddable":true,"href":"https:\/\/mwc-cmm.org\/es\/wp-json\/wp\/v2\/comments?post=102735"}],"version-history":[{"count":0,"href":"https:\/\/mwc-cmm.org\/es\/wp-json\/wp\/v2\/pages\/102735\/revisions"}],"up":[{"embeddable":true,"href":"https:\/\/mwc-cmm.org\/es\/wp-json\/wp\/v2\/pages\/11454"}],"wp:attachment":[{"href":"https:\/\/mwc-cmm.org\/es\/wp-json\/wp\/v2\/media?parent=102735"}],"curies":[{"name":"wp","href":"https:\/\/api.w.org\/{rel}","templated":true}]}}