{"id":102588,"date":"2024-12-09T20:35:30","date_gmt":"2024-12-09T20:35:30","guid":{"rendered":"https:\/\/mwc-cmm.org\/comisiones\/comision-de-diaconos\/deacons-commission-stories\/"},"modified":"2025-02-19T21:29:07","modified_gmt":"2025-02-19T21:29:07","slug":"deacons-commission-stories","status":"publish","type":"page","link":"https:\/\/mwc-cmm.org\/es\/comisiones\/comision-de-diaconos\/deacons-commission-stories\/","title":{"rendered":"Relatos de la Comisi\u00f3n de Misi\u00f3n"},"content":{"rendered":"\n<div class=\"wp-block-query alignwide is-layout-flow wp-block-query-is-layout-flow\"><ul class=\"wp-block-post-template is-layout-flow wp-block-post-template-is-layout-flow\"><li class=\"wp-block-post post-124604 post type-post status-publish format-standard has-post-thumbnail hentry category-oracion-urgente category-oracion-urgente-es tag-comision-de-diaconos tag-el-caribe tag-oracion tag-representantes-regionales network-commissions network-deacons-commission eventcategory-online-prayer-hour\">\n\n<div class=\"wp-block-columns is-layout-flex wp-container-core-columns-is-layout-28f84493 wp-block-columns-is-layout-flex\">\n<div class=\"wp-block-column is-layout-flow wp-block-column-is-layout-flow\" style=\"flex-basis:66.66%\"><h2 style=\"text-transform:none;\" class=\"wp-block-post-title\"><a href=\"https:\/\/mwc-cmm.org\/es\/stories\/oracion-urgente-por-cuba\/\" target=\"_self\" >Oraci\u00f3n urgente por Cuba<\/a><\/h2>\n\n<div style=\"font-size:clamp(0.875rem, 0.875rem + ((1vw - 0.2rem) * 0.009), 0.88rem);font-style:normal;font-weight:700;text-transform:uppercase;letter-spacing:1px;\" class=\"has-link-color wp-elements-dffcda0fc49f590ff6aa9eb08ad4abfa wp-block-post-date has-text-color has-gray-color\"><time datetime=\"2026-02-27T22:24:34+00:00\">27 febrero 2026<\/time><\/div>\n\n<div class=\"wp-block-post-excerpt\"><p class=\"wp-block-post-excerpt__excerpt\">Les pedimos sus oraciones y acciones de solidaridad con nuestros miembros en Cuba. El pastor Luis Hern\u00e1ndez, de la Sociedad Misionera Cubana Hermanos en Cristo, iglesia miembro del CMM, escribe&#8230;<\/p><p class=\"wp-block-post-excerpt__more-text\"><a class=\"wp-block-post-excerpt__more-link\" href=\"https:\/\/mwc-cmm.org\/es\/stories\/oracion-urgente-por-cuba\/\">Leer m\u00e1s<\/a><\/p><\/div><\/div>\n\n\n\n<div class=\"wp-block-column is-layout-flow wp-block-column-is-layout-flow\" style=\"flex-basis:33.33%\"><figure style=\"aspect-ratio:3\/2;\" class=\"wp-block-post-featured-image\"><img decoding=\"async\" width=\"810\" height=\"608\" data-src=\"https:\/\/mwc-cmm.org\/wp-content\/uploads\/2026\/02\/Pray-for-Cuba-3x4-1.png\" class=\"attachment-post-thumbnail size-post-thumbnail wp-post-image lazyload\" alt=\"pray for Cuba\" style=\"--smush-placeholder-width: 810px; --smush-placeholder-aspect-ratio: 810\/608;width:100%;height:100%;object-fit:cover;\" data-srcset=\"https:\/\/mwc-cmm.org\/wp-content\/uploads\/2026\/02\/Pray-for-Cuba-3x4-1.png 810w, https:\/\/mwc-cmm.org\/wp-content\/uploads\/2026\/02\/Pray-for-Cuba-3x4-1-300x225.png 300w, https:\/\/mwc-cmm.org\/wp-content\/uploads\/2026\/02\/Pray-for-Cuba-3x4-1-768x576.png 768w\" data-sizes=\"(max-width: 810px) 100vw, 810px\" src=\"data:image\/svg+xml;base64,PHN2ZyB3aWR0aD0iMSIgaGVpZ2h0PSIxIiB4bWxucz0iaHR0cDovL3d3dy53My5vcmcvMjAwMC9zdmciPjwvc3ZnPg==\" \/><\/figure><\/div>\n<\/div>\n\n\n\n<hr class=\"wp-block-separator has-text-color has-dark-blue-color has-alpha-channel-opacity has-dark-blue-background-color has-background is-style-wide\" style=\"margin-top:var(--wp--preset--spacing--30);margin-bottom:var(--wp--preset--spacing--30)\"\/>\n\n<\/li><li class=\"wp-block-post post-124091 post type-post status-publish format-standard has-post-thumbnail hentry category-featured-items-es category-oracion-urgente-es category-oracion-urgente tag-asia-pacific tag-asia-y-el-pacifico tag-comision-de-diaconos tag-comision-de-paz tag-oracion tag-urgent-prayer-es network-commissions network-deacons-commission network-peace-commission eventcategory-online-prayer-hour-fr eventcategory-online-prayer-hour\">\n\n<div class=\"wp-block-columns is-layout-flex wp-container-core-columns-is-layout-28f84493 wp-block-columns-is-layout-flex\">\n<div class=\"wp-block-column is-layout-flow wp-block-column-is-layout-flow\" style=\"flex-basis:66.66%\"><h2 style=\"text-transform:none;\" class=\"wp-block-post-title\"><a href=\"https:\/\/mwc-cmm.org\/es\/stories\/oracion-urgente-bombardeo-en-myanmar\/\" target=\"_self\" >Oraci\u00f3n urgente: bombardeo en Myanmar<\/a><\/h2>\n\n<div style=\"font-size:clamp(0.875rem, 0.875rem + ((1vw - 0.2rem) * 0.009), 0.88rem);font-style:normal;font-weight:700;text-transform:uppercase;letter-spacing:1px;\" class=\"has-link-color wp-elements-dffcda0fc49f590ff6aa9eb08ad4abfa wp-block-post-date has-text-color has-gray-color\"><time datetime=\"2026-02-11T06:59:38+00:00\">11 febrero 2026<\/time><\/div>\n\n<div class=\"wp-block-post-excerpt\"><p class=\"wp-block-post-excerpt__excerpt\">Se\u00f1or, escucha mi oraci\u00f3n, \u00a1permite que mi grito llegue a ti!No escondas de m\u00ed tu rostro cuando me encuentre angustiado; \u00a1d\u00edgnate escucharme!, \u00a1resp\u00f3ndeme pronto cuando te llame!\u2014Salmos 102:2\u20133 Amados hermanos y hermanas: El 10 de febrero de 2026, la junta militar de Myanmar lanz\u00f3 ataques a\u00e9reos contra la aldea de Tlangkhua, en el municipio de<\/p><p class=\"wp-block-post-excerpt__more-text\"><a class=\"wp-block-post-excerpt__more-link\" href=\"https:\/\/mwc-cmm.org\/es\/stories\/oracion-urgente-bombardeo-en-myanmar\/\">Leer m\u00e1s<\/a><\/p><\/div><\/div>\n\n\n\n<div class=\"wp-block-column is-layout-flow wp-block-column-is-layout-flow\" style=\"flex-basis:33.33%\"><figure style=\"aspect-ratio:3\/2;\" class=\"wp-block-post-featured-image\"><img decoding=\"async\" width=\"2560\" height=\"1707\" data-src=\"https:\/\/mwc-cmm.org\/wp-content\/uploads\/2026\/02\/20250823IrmaSulistyorinidsc08020-scaled.jpeg\" class=\"attachment-post-thumbnail size-post-thumbnail wp-post-image lazyload\" alt=\"holding hands\" style=\"--smush-placeholder-width: 2560px; --smush-placeholder-aspect-ratio: 2560\/1707;width:100%;height:100%;object-fit:cover;\" data-srcset=\"https:\/\/mwc-cmm.org\/wp-content\/uploads\/2026\/02\/20250823IrmaSulistyorinidsc08020-scaled.jpeg 2560w, https:\/\/mwc-cmm.org\/wp-content\/uploads\/2026\/02\/20250823IrmaSulistyorinidsc08020-300x200.jpeg 300w, https:\/\/mwc-cmm.org\/wp-content\/uploads\/2026\/02\/20250823IrmaSulistyorinidsc08020-1024x683.jpeg 1024w, https:\/\/mwc-cmm.org\/wp-content\/uploads\/2026\/02\/20250823IrmaSulistyorinidsc08020-768x512.jpeg 768w, https:\/\/mwc-cmm.org\/wp-content\/uploads\/2026\/02\/20250823IrmaSulistyorinidsc08020-1536x1024.jpeg 1536w, https:\/\/mwc-cmm.org\/wp-content\/uploads\/2026\/02\/20250823IrmaSulistyorinidsc08020-2048x1365.jpeg 2048w\" data-sizes=\"(max-width: 2560px) 100vw, 2560px\" src=\"data:image\/svg+xml;base64,PHN2ZyB3aWR0aD0iMSIgaGVpZ2h0PSIxIiB4bWxucz0iaHR0cDovL3d3dy53My5vcmcvMjAwMC9zdmciPjwvc3ZnPg==\" \/><\/figure><\/div>\n<\/div>\n\n\n\n<hr class=\"wp-block-separator has-text-color has-dark-blue-color has-alpha-channel-opacity has-dark-blue-background-color has-background is-style-wide\" style=\"margin-top:var(--wp--preset--spacing--30);margin-bottom:var(--wp--preset--spacing--30)\"\/>\n\n<\/li><li class=\"wp-block-post post-122992 post type-post status-publish format-standard has-post-thumbnail hentry category-featured-items-es category-oracion-urgente-es tag-carta-pastoral tag-guerra tag-latin-america-es tag-oracion tag-paz tag-venezuela network-deacons-commission network-peace-commission eventcategory-online-prayer-hour-fr\">\n\n<div class=\"wp-block-columns is-layout-flex wp-container-core-columns-is-layout-28f84493 wp-block-columns-is-layout-flex\">\n<div class=\"wp-block-column is-layout-flow wp-block-column-is-layout-flow\" style=\"flex-basis:66.66%\"><h2 style=\"text-transform:none;\" class=\"wp-block-post-title\"><a href=\"https:\/\/mwc-cmm.org\/es\/stories\/carta-pastoral-para-las-iglesias-anabautistas-de-venezuela\/\" target=\"_self\" >Carta pastoral para las iglesias anabautistas de Venezuela<\/a><\/h2>\n\n<div style=\"font-size:clamp(0.875rem, 0.875rem + ((1vw - 0.2rem) * 0.009), 0.88rem);font-style:normal;font-weight:700;text-transform:uppercase;letter-spacing:1px;\" class=\"has-link-color wp-elements-dffcda0fc49f590ff6aa9eb08ad4abfa wp-block-post-date has-text-color has-gray-color\"><time datetime=\"2026-01-07T16:27:51+00:00\">07 enero 2026<\/time><\/div>\n\n<div class=\"wp-block-post-excerpt\"><p class=\"wp-block-post-excerpt__excerpt\">Amados hermanos y hermanas El Congreso Mundial Menonita hace un llamado a todos sus miembros a unirse en oraci\u00f3n por nuestros hermanos y hermanas en Venezuela. El 3 de enero del 2026, a las 2:00 a. m., hora local, Estados Unidos bombarde\u00f3 bases militares en Caracas, la capital, y en los estados de Miranda, Aragua<\/p><p class=\"wp-block-post-excerpt__more-text\"><a class=\"wp-block-post-excerpt__more-link\" href=\"https:\/\/mwc-cmm.org\/es\/stories\/carta-pastoral-para-las-iglesias-anabautistas-de-venezuela\/\">Leer m\u00e1s<\/a><\/p><\/div><\/div>\n\n\n\n<div class=\"wp-block-column is-layout-flow wp-block-column-is-layout-flow\" style=\"flex-basis:33.33%\"><figure style=\"aspect-ratio:3\/2;\" class=\"wp-block-post-featured-image\"><img decoding=\"async\" width=\"800\" height=\"450\" data-src=\"https:\/\/mwc-cmm.org\/wp-content\/uploads\/2026\/01\/20190215-Pablo-Ortega-IBICA.jpg\" class=\"attachment-post-thumbnail size-post-thumbnail wp-post-image lazyload\" alt=\"man and woman hand out bowls of soup across a table\" style=\"--smush-placeholder-width: 800px; --smush-placeholder-aspect-ratio: 800\/450;width:100%;height:100%;object-fit:cover;\" data-srcset=\"https:\/\/mwc-cmm.org\/wp-content\/uploads\/2026\/01\/20190215-Pablo-Ortega-IBICA.jpg 800w, https:\/\/mwc-cmm.org\/wp-content\/uploads\/2026\/01\/20190215-Pablo-Ortega-IBICA-300x169.jpg 300w, https:\/\/mwc-cmm.org\/wp-content\/uploads\/2026\/01\/20190215-Pablo-Ortega-IBICA-768x432.jpg 768w\" data-sizes=\"(max-width: 800px) 100vw, 800px\" src=\"data:image\/svg+xml;base64,PHN2ZyB3aWR0aD0iMSIgaGVpZ2h0PSIxIiB4bWxucz0iaHR0cDovL3d3dy53My5vcmcvMjAwMC9zdmciPjwvc3ZnPg==\" \/><\/figure><\/div>\n<\/div>\n\n\n\n<hr class=\"wp-block-separator has-text-color has-dark-blue-color has-alpha-channel-opacity has-dark-blue-background-color has-background is-style-wide\" style=\"margin-top:var(--wp--preset--spacing--30);margin-bottom:var(--wp--preset--spacing--30)\"\/>\n\n<\/li><li class=\"wp-block-post post-122579 post type-post status-publish format-standard has-post-thumbnail hentry category-courier-sp tag-anniversary-es tag-comisiones tag-courier-es tag-unity-es tag-vivir-la-unidad network-commissions network-commissions-pt-pt network-courier-es network-courier-de network-courier-id network-courier-nl network-courier-hi network-courier-zh-hant network-courier-ja network-courier-fr network-courier network-deacons-commission network-faith-and-life-commission network-mission-commission network-peace-commission\">\n\n<div class=\"wp-block-columns is-layout-flex wp-container-core-columns-is-layout-28f84493 wp-block-columns-is-layout-flex\">\n<div class=\"wp-block-column is-layout-flow wp-block-column-is-layout-flow\" style=\"flex-basis:66.66%\"><h2 style=\"text-transform:none;\" class=\"wp-block-post-title\"><a href=\"https:\/\/mwc-cmm.org\/es\/stories\/una-fuente-tangible-de-apoyo-y-testimonio\/\" target=\"_self\" >Una fuente tangible de apoyo y testimonio<\/a><\/h2>\n\n<div style=\"font-size:clamp(0.875rem, 0.875rem + ((1vw - 0.2rem) * 0.009), 0.88rem);font-style:normal;font-weight:700;text-transform:uppercase;letter-spacing:1px;\" class=\"has-link-color wp-elements-dffcda0fc49f590ff6aa9eb08ad4abfa wp-block-post-date has-text-color has-gray-color\"><time datetime=\"2025-12-30T20:02:58+00:00\">30 diciembre 2025<\/time><\/div>\n\n<div class=\"wp-block-post-excerpt\"><p class=\"wp-block-post-excerpt__excerpt\">Las comisiones podr\u00e1n preparar asuntos o material para la consideraci\u00f3n del Concilio General, orientar y proponer recursos para el CMM o las iglesias miembros, y facilitar redes afines al CMM o fraternidades que colaboren en asuntos de inter\u00e9s com\u00fan.<\/p><p class=\"wp-block-post-excerpt__more-text\"><a class=\"wp-block-post-excerpt__more-link\" href=\"https:\/\/mwc-cmm.org\/es\/stories\/una-fuente-tangible-de-apoyo-y-testimonio\/\">Leer m\u00e1s<\/a><\/p><\/div><\/div>\n\n\n\n<div class=\"wp-block-column is-layout-flow wp-block-column-is-layout-flow\" style=\"flex-basis:33.33%\"><figure style=\"aspect-ratio:3\/2;\" class=\"wp-block-post-featured-image\"><img decoding=\"async\" width=\"533\" height=\"300\" data-src=\"https:\/\/mwc-cmm.org\/wp-content\/uploads\/2026\/01\/bb_dans_un_site_img_1653_2_1_0.jpg\" class=\"attachment-post-thumbnail size-post-thumbnail wp-post-image lazyload\" alt=\"diversity group discussion\" style=\"--smush-placeholder-width: 533px; --smush-placeholder-aspect-ratio: 533\/300;width:100%;height:100%;object-fit:cover;\" data-srcset=\"https:\/\/mwc-cmm.org\/wp-content\/uploads\/2026\/01\/bb_dans_un_site_img_1653_2_1_0.jpg 533w, https:\/\/mwc-cmm.org\/wp-content\/uploads\/2026\/01\/bb_dans_un_site_img_1653_2_1_0-300x169.jpg 300w\" data-sizes=\"(max-width: 533px) 100vw, 533px\" src=\"data:image\/svg+xml;base64,PHN2ZyB3aWR0aD0iMSIgaGVpZ2h0PSIxIiB4bWxucz0iaHR0cDovL3d3dy53My5vcmcvMjAwMC9zdmciPjwvc3ZnPg==\" \/><\/figure><\/div>\n<\/div>\n\n\n\n<hr class=\"wp-block-separator has-text-color has-dark-blue-color has-alpha-channel-opacity has-dark-blue-background-color has-background is-style-wide\" style=\"margin-top:var(--wp--preset--spacing--30);margin-bottom:var(--wp--preset--spacing--30)\"\/>\n\n<\/li><li class=\"wp-block-post post-9003 post type-post status-publish format-standard has-post-thumbnail hentry category-courier-sp tag-courier-es tag-el-caribe tag-historia network-commissions-pt-pt network-commissions network-courier-es network-deacons-commission\">\n\n<div class=\"wp-block-columns is-layout-flex wp-container-core-columns-is-layout-28f84493 wp-block-columns-is-layout-flex\">\n<div class=\"wp-block-column is-layout-flow wp-block-column-is-layout-flow\" style=\"flex-basis:66.66%\"><h2 style=\"text-transform:none;\" class=\"wp-block-post-title\"><a href=\"https:\/\/mwc-cmm.org\/es\/stories\/aguas-tranquilas\/\" target=\"_self\" >Aguas tranquilas: la Iglesia Menonita del Caribe<\/a><\/h2>\n\n<div style=\"font-size:clamp(0.875rem, 0.875rem + ((1vw - 0.2rem) * 0.009), 0.88rem);font-style:normal;font-weight:700;text-transform:uppercase;letter-spacing:1px;\" class=\"has-link-color wp-elements-dffcda0fc49f590ff6aa9eb08ad4abfa wp-block-post-date has-text-color has-gray-color\"><time datetime=\"2020-07-18T00:00:00+00:00\">18 julio 2020<\/time><\/div>\n\n<div class=\"wp-block-post-excerpt\"><p class=\"wp-block-post-excerpt__excerpt\">A partir de la d\u00e9cada de 1940, el anabautismo fue introducido en el Caribe por misioneros menonitas estadounidenses. Hoy en d\u00eda hay iglesias menonitas nacionales en Cuba, Rep\u00fablica Dominicana, Jamaica y Puerto Rico, que pertenecen a la membres\u00eda del CMM. La iglesia de Trinidad y Tobago es miembro asociado, y en otras islas hay grupos&hellip;<\/p><p class=\"wp-block-post-excerpt__more-text\"><a class=\"wp-block-post-excerpt__more-link\" href=\"https:\/\/mwc-cmm.org\/es\/stories\/aguas-tranquilas\/\">Leer m\u00e1s<\/a><\/p><\/div><\/div>\n\n\n\n<div class=\"wp-block-column is-layout-flow wp-block-column-is-layout-flow\" style=\"flex-basis:33.33%\"><figure style=\"aspect-ratio:3\/2;\" class=\"wp-block-post-featured-image\"><img decoding=\"async\" width=\"820\" height=\"615\" data-src=\"https:\/\/mwc-cmm.org\/wp-content\/uploads\/2024\/11\/2020-01-24-dr-baptism-6.jpg\" class=\"attachment-post-thumbnail size-post-thumbnail wp-post-image lazyload\" alt=\"\" style=\"--smush-placeholder-width: 820px; --smush-placeholder-aspect-ratio: 820\/615;width:100%;height:100%;object-fit:cover;\" data-srcset=\"https:\/\/mwc-cmm.org\/wp-content\/uploads\/2024\/11\/2020-01-24-dr-baptism-6.jpg 820w, https:\/\/mwc-cmm.org\/wp-content\/uploads\/2024\/11\/2020-01-24-dr-baptism-6-300x225.jpg 300w, https:\/\/mwc-cmm.org\/wp-content\/uploads\/2024\/11\/2020-01-24-dr-baptism-6-768x576.jpg 768w\" data-sizes=\"(max-width: 820px) 100vw, 820px\" src=\"data:image\/svg+xml;base64,PHN2ZyB3aWR0aD0iMSIgaGVpZ2h0PSIxIiB4bWxucz0iaHR0cDovL3d3dy53My5vcmcvMjAwMC9zdmciPjwvc3ZnPg==\" \/><\/figure><\/div>\n<\/div>\n\n\n\n<hr class=\"wp-block-separator has-text-color has-dark-blue-color has-alpha-channel-opacity has-dark-blue-background-color has-background is-style-wide\" style=\"margin-top:var(--wp--preset--spacing--30);margin-bottom:var(--wp--preset--spacing--30)\"\/>\n\n<\/li><\/ul>\n\n<\/div>\n","protected":false},"excerpt":{"rendered":"","protected":false},"author":1,"featured_media":0,"parent":11449,"menu_order":0,"comment_status":"closed","ping_status":"closed","template":"","meta":{"_acf_changed":false,"footnotes":""},"class_list":["post-102588","page","type-page","status-publish","hentry"],"acf":[],"yoast_head":"<!-- This site is optimized with the Yoast SEO plugin v27.2 - https:\/\/yoast.com\/product\/yoast-seo-wordpress\/ -->\n<title>Relatos de la Comisi\u00f3n de Misi\u00f3n - Mennonite World Conference<\/title>\n<meta name=\"robots\" content=\"index, follow, max-snippet:-1, max-image-preview:large, max-video-preview:-1\" \/>\n<link rel=\"canonical\" href=\"https:\/\/mwc-cmm.org\/es\/comisiones\/comision-de-diaconos\/deacons-commission-stories\/\" \/>\n<meta property=\"og:locale\" content=\"es_ES\" \/>\n<meta property=\"og:type\" content=\"article\" \/>\n<meta property=\"og:title\" content=\"Relatos de la Comisi\u00f3n de Misi\u00f3n - Mennonite World Conference\" \/>\n<meta property=\"og:url\" content=\"https:\/\/mwc-cmm.org\/es\/comisiones\/comision-de-diaconos\/deacons-commission-stories\/\" \/>\n<meta property=\"og:site_name\" content=\"Mennonite World Conference\" \/>\n<meta property=\"article:publisher\" content=\"https:\/\/www.facebook.com\/MennoniteWorldConference\" \/>\n<meta property=\"article:modified_time\" content=\"2025-02-19T21:29:07+00:00\" \/>\n<script type=\"application\/ld+json\" class=\"yoast-schema-graph\">{\"@context\":\"https:\/\/schema.org\",\"@graph\":[{\"@type\":\"WebPage\",\"@id\":\"https:\/\/mwc-cmm.org\/es\/comisiones\/comision-de-diaconos\/deacons-commission-stories\/\",\"url\":\"https:\/\/mwc-cmm.org\/es\/comisiones\/comision-de-diaconos\/deacons-commission-stories\/\",\"name\":\"Relatos de la Comisi\u00f3n de Misi\u00f3n - Mennonite World Conference\",\"isPartOf\":{\"@id\":\"https:\/\/mwc-cmm.org\/en\/#website\"},\"datePublished\":\"2024-12-09T20:35:30+00:00\",\"dateModified\":\"2025-02-19T21:29:07+00:00\",\"breadcrumb\":{\"@id\":\"https:\/\/mwc-cmm.org\/es\/comisiones\/comision-de-diaconos\/deacons-commission-stories\/#breadcrumb\"},\"inLanguage\":\"es\",\"potentialAction\":[{\"@type\":\"ReadAction\",\"target\":[\"https:\/\/mwc-cmm.org\/es\/comisiones\/comision-de-diaconos\/deacons-commission-stories\/\"]}]},{\"@type\":\"BreadcrumbList\",\"@id\":\"https:\/\/mwc-cmm.org\/es\/comisiones\/comision-de-diaconos\/deacons-commission-stories\/#breadcrumb\",\"itemListElement\":[{\"@type\":\"ListItem\",\"position\":1,\"name\":\"Home\",\"item\":\"https:\/\/mwc-cmm.org\/es\/\"},{\"@type\":\"ListItem\",\"position\":2,\"name\":\"Comisiones\",\"item\":\"https:\/\/mwc-cmm.org\/es\/comisiones\/\"},{\"@type\":\"ListItem\",\"position\":3,\"name\":\"Comisi\u00f3n de Di\u00e1conos\",\"item\":\"https:\/\/mwc-cmm.org\/es\/comisiones\/comision-de-diaconos\/\"},{\"@type\":\"ListItem\",\"position\":4,\"name\":\"Relatos de la Comisi\u00f3n de Misi\u00f3n\"}]},{\"@type\":\"WebSite\",\"@id\":\"https:\/\/mwc-cmm.org\/en\/#website\",\"url\":\"https:\/\/mwc-cmm.org\/en\/\",\"name\":\"Mennonite World Conference\",\"description\":\"A communion of Anabaptist-related churches\",\"publisher\":{\"@id\":\"https:\/\/mwc-cmm.org\/en\/#organization\"},\"alternateName\":\"MWC\",\"potentialAction\":[{\"@type\":\"SearchAction\",\"target\":{\"@type\":\"EntryPoint\",\"urlTemplate\":\"https:\/\/mwc-cmm.org\/en\/?s={search_term_string}\"},\"query-input\":{\"@type\":\"PropertyValueSpecification\",\"valueRequired\":true,\"valueName\":\"search_term_string\"}}],\"inLanguage\":\"es\"},{\"@type\":\"Organization\",\"@id\":\"https:\/\/mwc-cmm.org\/en\/#organization\",\"name\":\"Mennonite World Conference\",\"alternateName\":\"MWC\",\"url\":\"https:\/\/mwc-cmm.org\/en\/\",\"logo\":{\"@type\":\"ImageObject\",\"inLanguage\":\"es\",\"@id\":\"https:\/\/mwc-cmm.org\/en\/#\/schema\/logo\/image\/\",\"url\":\"https:\/\/mwc-cmm.org\/wp-content\/uploads\/2026\/01\/MWC_Sig_Blue_Horiz_webheader1-logo.svg\",\"contentUrl\":\"https:\/\/mwc-cmm.org\/wp-content\/uploads\/2026\/01\/MWC_Sig_Blue_Horiz_webheader1-logo.svg\",\"width\":786,\"height\":82,\"caption\":\"Mennonite World Conference\"},\"image\":{\"@id\":\"https:\/\/mwc-cmm.org\/en\/#\/schema\/logo\/image\/\"},\"sameAs\":[\"https:\/\/www.facebook.com\/MennoniteWorldConference\",\"https:\/\/www.linkedin.com\/company\/mennonite-world-conference-mwc\/\",\"https:\/\/www.instagram.com\/mwcmm\/\",\"https:\/\/www.youtube.com\/user\/mwccmm\",\"https:\/\/bsky.app\/profile\/mwcmm.bsky.social\"]}]}<\/script>\n<!-- \/ Yoast SEO plugin. -->","yoast_head_json":{"title":"Relatos de la Comisi\u00f3n de Misi\u00f3n - Mennonite World Conference","robots":{"index":"index","follow":"follow","max-snippet":"max-snippet:-1","max-image-preview":"max-image-preview:large","max-video-preview":"max-video-preview:-1"},"canonical":"https:\/\/mwc-cmm.org\/es\/comisiones\/comision-de-diaconos\/deacons-commission-stories\/","og_locale":"es_ES","og_type":"article","og_title":"Relatos de la Comisi\u00f3n de Misi\u00f3n - Mennonite World Conference","og_url":"https:\/\/mwc-cmm.org\/es\/comisiones\/comision-de-diaconos\/deacons-commission-stories\/","og_site_name":"Mennonite World Conference","article_publisher":"https:\/\/www.facebook.com\/MennoniteWorldConference","article_modified_time":"2025-02-19T21:29:07+00:00","schema":{"@context":"https:\/\/schema.org","@graph":[{"@type":"WebPage","@id":"https:\/\/mwc-cmm.org\/es\/comisiones\/comision-de-diaconos\/deacons-commission-stories\/","url":"https:\/\/mwc-cmm.org\/es\/comisiones\/comision-de-diaconos\/deacons-commission-stories\/","name":"Relatos de la Comisi\u00f3n de Misi\u00f3n - Mennonite World Conference","isPartOf":{"@id":"https:\/\/mwc-cmm.org\/en\/#website"},"datePublished":"2024-12-09T20:35:30+00:00","dateModified":"2025-02-19T21:29:07+00:00","breadcrumb":{"@id":"https:\/\/mwc-cmm.org\/es\/comisiones\/comision-de-diaconos\/deacons-commission-stories\/#breadcrumb"},"inLanguage":"es","potentialAction":[{"@type":"ReadAction","target":["https:\/\/mwc-cmm.org\/es\/comisiones\/comision-de-diaconos\/deacons-commission-stories\/"]}]},{"@type":"BreadcrumbList","@id":"https:\/\/mwc-cmm.org\/es\/comisiones\/comision-de-diaconos\/deacons-commission-stories\/#breadcrumb","itemListElement":[{"@type":"ListItem","position":1,"name":"Home","item":"https:\/\/mwc-cmm.org\/es\/"},{"@type":"ListItem","position":2,"name":"Comisiones","item":"https:\/\/mwc-cmm.org\/es\/comisiones\/"},{"@type":"ListItem","position":3,"name":"Comisi\u00f3n de Di\u00e1conos","item":"https:\/\/mwc-cmm.org\/es\/comisiones\/comision-de-diaconos\/"},{"@type":"ListItem","position":4,"name":"Relatos de la Comisi\u00f3n de Misi\u00f3n"}]},{"@type":"WebSite","@id":"https:\/\/mwc-cmm.org\/en\/#website","url":"https:\/\/mwc-cmm.org\/en\/","name":"Mennonite World Conference","description":"A communion of Anabaptist-related churches","publisher":{"@id":"https:\/\/mwc-cmm.org\/en\/#organization"},"alternateName":"MWC","potentialAction":[{"@type":"SearchAction","target":{"@type":"EntryPoint","urlTemplate":"https:\/\/mwc-cmm.org\/en\/?s={search_term_string}"},"query-input":{"@type":"PropertyValueSpecification","valueRequired":true,"valueName":"search_term_string"}}],"inLanguage":"es"},{"@type":"Organization","@id":"https:\/\/mwc-cmm.org\/en\/#organization","name":"Mennonite World Conference","alternateName":"MWC","url":"https:\/\/mwc-cmm.org\/en\/","logo":{"@type":"ImageObject","inLanguage":"es","@id":"https:\/\/mwc-cmm.org\/en\/#\/schema\/logo\/image\/","url":"https:\/\/mwc-cmm.org\/wp-content\/uploads\/2026\/01\/MWC_Sig_Blue_Horiz_webheader1-logo.svg","contentUrl":"https:\/\/mwc-cmm.org\/wp-content\/uploads\/2026\/01\/MWC_Sig_Blue_Horiz_webheader1-logo.svg","width":786,"height":82,"caption":"Mennonite World Conference"},"image":{"@id":"https:\/\/mwc-cmm.org\/en\/#\/schema\/logo\/image\/"},"sameAs":["https:\/\/www.facebook.com\/MennoniteWorldConference","https:\/\/www.linkedin.com\/company\/mennonite-world-conference-mwc\/","https:\/\/www.instagram.com\/mwcmm\/","https:\/\/www.youtube.com\/user\/mwccmm","https:\/\/bsky.app\/profile\/mwcmm.bsky.social"]}]}},"_links":{"self":[{"href":"https:\/\/mwc-cmm.org\/es\/wp-json\/wp\/v2\/pages\/102588","targetHints":{"allow":["GET"]}}],"collection":[{"href":"https:\/\/mwc-cmm.org\/es\/wp-json\/wp\/v2\/pages"}],"about":[{"href":"https:\/\/mwc-cmm.org\/es\/wp-json\/wp\/v2\/types\/page"}],"author":[{"embeddable":true,"href":"https:\/\/mwc-cmm.org\/es\/wp-json\/wp\/v2\/users\/1"}],"replies":[{"embeddable":true,"href":"https:\/\/mwc-cmm.org\/es\/wp-json\/wp\/v2\/comments?post=102588"}],"version-history":[{"count":0,"href":"https:\/\/mwc-cmm.org\/es\/wp-json\/wp\/v2\/pages\/102588\/revisions"}],"up":[{"embeddable":true,"href":"https:\/\/mwc-cmm.org\/es\/wp-json\/wp\/v2\/pages\/11449"}],"wp:attachment":[{"href":"https:\/\/mwc-cmm.org\/es\/wp-json\/wp\/v2\/media?parent=102588"}],"curies":[{"name":"wp","href":"https:\/\/api.w.org\/{rel}","templated":true}]}}