{"id":5687,"date":"2021-04-19T00:00:00","date_gmt":"2021-04-19T00:00:00","guid":{"rendered":"https:\/\/mwc-cmm.org\/assembly-gathered\/"},"modified":"2025-02-19T23:21:25","modified_gmt":"2025-02-19T23:21:25","slug":"assembly-gathered","status":"publish","type":"page","link":"https:\/\/mwc-cmm.org\/en\/assembly\/assembly-gathered\/","title":{"rendered":"Assembly Gathered"},"content":{"rendered":"<h4><img decoding=\"async\" title=\"Click here to view the latest news about Assembly 17 in Indonesia\" data-src=\"https:\/\/mwc-cmm.org\/wp-content\/uploads\/2024\/10\/indonesia2022-long-logo-w-themes-closecrop.png\" alt=\"\" width=\"600\" height=\"111\" src=\"data:image\/svg+xml;base64,PHN2ZyB3aWR0aD0iMSIgaGVpZ2h0PSIxIiB4bWxucz0iaHR0cDovL3d3dy53My5vcmcvMjAwMC9zdmciPjwvc3ZnPg==\" class=\"lazyload\" style=\"--smush-placeholder-width: 600px; --smush-placeholder-aspect-ratio: 600\/111;\" \/><\/h4>\n<h4><\/h4>\n<h4><a href=\"https:\/\/mwc-cmm.org\/resources\/courier-2022-2-october\">Programs\/Plenary<\/a><\/h4>\n<h4><a href=\"https:\/\/mwc-cmm.org\/resources\/assembly-17-indonesia-2022-workshops\">Workshops\/Seminars<\/a><\/h4>\n<h4><a href=\"\/node\/4033\">Global Church Village<\/a><\/h4>\n<p>5- 10 July 2022<br \/>\nSemarang, Indonesia<\/p>\n<p>Bersama-Sama Mengikuti Yesus Melintas Batas (Indonesian)<\/p>\n<p>Sesarengan Ngetut Wuri Gusti Yesus Nratas Wewates (Javanese)<\/p>\n<p>Following Jesus together across barriers (English)<\/p>\n<p>Seguir a Jes\u00fas juntos, superando las barreras (Spanish)<\/p>\n<div class=\"node-content\">\n<div class=\"field field-name-body field-type-text-with-summary field-label-hidden view-mode-full\">\n<div class=\"field-items\">\n<div class=\"field-item even\">\n<p>Suivre J\u00e9sus ensemble \u00e0 travers les fronti\u00e8res (French)<\/p>\n<\/div>\n<\/div>\n<\/div>\n<\/div>\n","protected":false},"excerpt":{"rendered":"<p>Programs\/Plenary Workshops\/Seminars Global Church Village 5- 10 July 2022 Semarang, Indonesia Bersama-Sama Mengikuti Yesus Melintas Batas (Indonesian) Sesarengan Ngetut Wuri Gusti Yesus Nratas Wewates (Javanese) Following Jesus together across barriers (English) Seguir a Jes\u00fas juntos, superando las barreras (Spanish) Suivre J\u00e9sus ensemble \u00e0 travers les fronti\u00e8res (French)<\/p>\n","protected":false},"author":1,"featured_media":0,"parent":11437,"menu_order":0,"comment_status":"closed","ping_status":"closed","template":"","meta":{"_acf_changed":false,"footnotes":""},"class_list":["post-5687","page","type-page","status-publish","hentry"],"acf":[],"yoast_head":"<!-- This site is optimized with the Yoast SEO plugin v27.5 - https:\/\/yoast.com\/product\/yoast-seo-wordpress\/ -->\n<title>Assembly Gathered - Mennonite World Conference<\/title>\n<meta name=\"robots\" content=\"index, follow, max-snippet:-1, max-image-preview:large, max-video-preview:-1\" \/>\n<link rel=\"canonical\" href=\"https:\/\/mwc-cmm.org\/en\/assembly\/assembly-gathered\/\" \/>\n<meta property=\"og:locale\" content=\"en_US\" \/>\n<meta property=\"og:type\" content=\"article\" \/>\n<meta property=\"og:title\" content=\"Assembly Gathered - Mennonite World Conference\" \/>\n<meta property=\"og:description\" content=\"Programs\/Plenary Workshops\/Seminars Global Church Village 5- 10 July 2022 Semarang, Indonesia Bersama-Sama Mengikuti Yesus Melintas Batas (Indonesian) Sesarengan Ngetut Wuri Gusti Yesus Nratas Wewates (Javanese) Following Jesus together across barriers (English) Seguir a Jes\u00fas juntos, superando las barreras (Spanish) Suivre J\u00e9sus ensemble \u00e0 travers les fronti\u00e8res (French)\" \/>\n<meta property=\"og:url\" content=\"https:\/\/mwc-cmm.org\/en\/assembly\/assembly-gathered\/\" \/>\n<meta property=\"og:site_name\" content=\"Mennonite World Conference\" \/>\n<meta property=\"article:publisher\" content=\"https:\/\/www.facebook.com\/MennoniteWorldConference\" \/>\n<meta property=\"article:modified_time\" content=\"2025-02-19T23:21:25+00:00\" \/>\n<meta property=\"og:image\" content=\"https:\/\/mwc-cmm.org\/wp-content\/uploads\/2024\/10\/indonesia2022-long-logo-w-themes-closecrop.png\" \/>\n<script type=\"application\/ld+json\" class=\"yoast-schema-graph\">{\"@context\":\"https:\\\/\\\/schema.org\",\"@graph\":[{\"@type\":\"WebPage\",\"@id\":\"https:\\\/\\\/mwc-cmm.org\\\/en\\\/assembly\\\/assembly-gathered\\\/\",\"url\":\"https:\\\/\\\/mwc-cmm.org\\\/en\\\/assembly\\\/assembly-gathered\\\/\",\"name\":\"Assembly Gathered - Mennonite World Conference\",\"isPartOf\":{\"@id\":\"https:\\\/\\\/mwc-cmm.org\\\/en\\\/#website\"},\"primaryImageOfPage\":{\"@id\":\"https:\\\/\\\/mwc-cmm.org\\\/en\\\/assembly\\\/assembly-gathered\\\/#primaryimage\"},\"image\":{\"@id\":\"https:\\\/\\\/mwc-cmm.org\\\/en\\\/assembly\\\/assembly-gathered\\\/#primaryimage\"},\"thumbnailUrl\":\"https:\\\/\\\/mwc-cmm.org\\\/wp-content\\\/uploads\\\/2024\\\/10\\\/indonesia2022-long-logo-w-themes-closecrop.png\",\"datePublished\":\"2021-04-19T00:00:00+00:00\",\"dateModified\":\"2025-02-19T23:21:25+00:00\",\"breadcrumb\":{\"@id\":\"https:\\\/\\\/mwc-cmm.org\\\/en\\\/assembly\\\/assembly-gathered\\\/#breadcrumb\"},\"inLanguage\":\"en-US\",\"potentialAction\":[{\"@type\":\"ReadAction\",\"target\":[\"https:\\\/\\\/mwc-cmm.org\\\/en\\\/assembly\\\/assembly-gathered\\\/\"]}]},{\"@type\":\"ImageObject\",\"inLanguage\":\"en-US\",\"@id\":\"https:\\\/\\\/mwc-cmm.org\\\/en\\\/assembly\\\/assembly-gathered\\\/#primaryimage\",\"url\":\"https:\\\/\\\/mwc-cmm.org\\\/wp-content\\\/uploads\\\/2024\\\/10\\\/indonesia2022-long-logo-w-themes-closecrop.png\",\"contentUrl\":\"https:\\\/\\\/mwc-cmm.org\\\/wp-content\\\/uploads\\\/2024\\\/10\\\/indonesia2022-long-logo-w-themes-closecrop.png\"},{\"@type\":\"BreadcrumbList\",\"@id\":\"https:\\\/\\\/mwc-cmm.org\\\/en\\\/assembly\\\/assembly-gathered\\\/#breadcrumb\",\"itemListElement\":[{\"@type\":\"ListItem\",\"position\":1,\"name\":\"Home\",\"item\":\"https:\\\/\\\/mwc-cmm.org\\\/en\\\/\"},{\"@type\":\"ListItem\",\"position\":2,\"name\":\"Assembly\",\"item\":\"https:\\\/\\\/mwc-cmm.org\\\/en\\\/assembly\\\/\"},{\"@type\":\"ListItem\",\"position\":3,\"name\":\"Assembly Gathered\"}]},{\"@type\":\"WebSite\",\"@id\":\"https:\\\/\\\/mwc-cmm.org\\\/en\\\/#website\",\"url\":\"https:\\\/\\\/mwc-cmm.org\\\/en\\\/\",\"name\":\"Mennonite World Conference\",\"description\":\"A communion of Anabaptist-related churches\",\"publisher\":{\"@id\":\"https:\\\/\\\/mwc-cmm.org\\\/en\\\/#organization\"},\"alternateName\":\"MWC\",\"potentialAction\":[{\"@type\":\"SearchAction\",\"target\":{\"@type\":\"EntryPoint\",\"urlTemplate\":\"https:\\\/\\\/mwc-cmm.org\\\/en\\\/?s={search_term_string}\"},\"query-input\":{\"@type\":\"PropertyValueSpecification\",\"valueRequired\":true,\"valueName\":\"search_term_string\"}}],\"inLanguage\":\"en-US\"},{\"@type\":\"Organization\",\"@id\":\"https:\\\/\\\/mwc-cmm.org\\\/en\\\/#organization\",\"name\":\"Mennonite World Conference\",\"alternateName\":\"MWC\",\"url\":\"https:\\\/\\\/mwc-cmm.org\\\/en\\\/\",\"logo\":{\"@type\":\"ImageObject\",\"inLanguage\":\"en-US\",\"@id\":\"https:\\\/\\\/mwc-cmm.org\\\/en\\\/#\\\/schema\\\/logo\\\/image\\\/\",\"url\":\"https:\\\/\\\/mwc-cmm.org\\\/wp-content\\\/uploads\\\/2026\\\/01\\\/MWC_Sig_Blue_Horiz_webheader1-logo.svg\",\"contentUrl\":\"https:\\\/\\\/mwc-cmm.org\\\/wp-content\\\/uploads\\\/2026\\\/01\\\/MWC_Sig_Blue_Horiz_webheader1-logo.svg\",\"width\":786,\"height\":82,\"caption\":\"Mennonite World Conference\"},\"image\":{\"@id\":\"https:\\\/\\\/mwc-cmm.org\\\/en\\\/#\\\/schema\\\/logo\\\/image\\\/\"},\"sameAs\":[\"https:\\\/\\\/www.facebook.com\\\/MennoniteWorldConference\",\"https:\\\/\\\/www.linkedin.com\\\/company\\\/mennonite-world-conference-mwc\\\/\",\"https:\\\/\\\/www.instagram.com\\\/mwcmm\\\/\",\"https:\\\/\\\/www.youtube.com\\\/user\\\/mwccmm\",\"https:\\\/\\\/bsky.app\\\/profile\\\/mwcmm.bsky.social\"]}]}<\/script>\n<!-- \/ Yoast SEO plugin. -->","yoast_head_json":{"title":"Assembly Gathered - Mennonite World Conference","robots":{"index":"index","follow":"follow","max-snippet":"max-snippet:-1","max-image-preview":"max-image-preview:large","max-video-preview":"max-video-preview:-1"},"canonical":"https:\/\/mwc-cmm.org\/en\/assembly\/assembly-gathered\/","og_locale":"en_US","og_type":"article","og_title":"Assembly Gathered - Mennonite World Conference","og_description":"Programs\/Plenary Workshops\/Seminars Global Church Village 5- 10 July 2022 Semarang, Indonesia Bersama-Sama Mengikuti Yesus Melintas Batas (Indonesian) Sesarengan Ngetut Wuri Gusti Yesus Nratas Wewates (Javanese) Following Jesus together across barriers (English) Seguir a Jes\u00fas juntos, superando las barreras (Spanish) Suivre J\u00e9sus ensemble \u00e0 travers les fronti\u00e8res (French)","og_url":"https:\/\/mwc-cmm.org\/en\/assembly\/assembly-gathered\/","og_site_name":"Mennonite World Conference","article_publisher":"https:\/\/www.facebook.com\/MennoniteWorldConference","article_modified_time":"2025-02-19T23:21:25+00:00","og_image":[{"url":"https:\/\/mwc-cmm.org\/wp-content\/uploads\/2024\/10\/indonesia2022-long-logo-w-themes-closecrop.png","type":"","width":"","height":""}],"schema":{"@context":"https:\/\/schema.org","@graph":[{"@type":"WebPage","@id":"https:\/\/mwc-cmm.org\/en\/assembly\/assembly-gathered\/","url":"https:\/\/mwc-cmm.org\/en\/assembly\/assembly-gathered\/","name":"Assembly Gathered - Mennonite World Conference","isPartOf":{"@id":"https:\/\/mwc-cmm.org\/en\/#website"},"primaryImageOfPage":{"@id":"https:\/\/mwc-cmm.org\/en\/assembly\/assembly-gathered\/#primaryimage"},"image":{"@id":"https:\/\/mwc-cmm.org\/en\/assembly\/assembly-gathered\/#primaryimage"},"thumbnailUrl":"https:\/\/mwc-cmm.org\/wp-content\/uploads\/2024\/10\/indonesia2022-long-logo-w-themes-closecrop.png","datePublished":"2021-04-19T00:00:00+00:00","dateModified":"2025-02-19T23:21:25+00:00","breadcrumb":{"@id":"https:\/\/mwc-cmm.org\/en\/assembly\/assembly-gathered\/#breadcrumb"},"inLanguage":"en-US","potentialAction":[{"@type":"ReadAction","target":["https:\/\/mwc-cmm.org\/en\/assembly\/assembly-gathered\/"]}]},{"@type":"ImageObject","inLanguage":"en-US","@id":"https:\/\/mwc-cmm.org\/en\/assembly\/assembly-gathered\/#primaryimage","url":"https:\/\/mwc-cmm.org\/wp-content\/uploads\/2024\/10\/indonesia2022-long-logo-w-themes-closecrop.png","contentUrl":"https:\/\/mwc-cmm.org\/wp-content\/uploads\/2024\/10\/indonesia2022-long-logo-w-themes-closecrop.png"},{"@type":"BreadcrumbList","@id":"https:\/\/mwc-cmm.org\/en\/assembly\/assembly-gathered\/#breadcrumb","itemListElement":[{"@type":"ListItem","position":1,"name":"Home","item":"https:\/\/mwc-cmm.org\/en\/"},{"@type":"ListItem","position":2,"name":"Assembly","item":"https:\/\/mwc-cmm.org\/en\/assembly\/"},{"@type":"ListItem","position":3,"name":"Assembly Gathered"}]},{"@type":"WebSite","@id":"https:\/\/mwc-cmm.org\/en\/#website","url":"https:\/\/mwc-cmm.org\/en\/","name":"Mennonite World Conference","description":"A communion of Anabaptist-related churches","publisher":{"@id":"https:\/\/mwc-cmm.org\/en\/#organization"},"alternateName":"MWC","potentialAction":[{"@type":"SearchAction","target":{"@type":"EntryPoint","urlTemplate":"https:\/\/mwc-cmm.org\/en\/?s={search_term_string}"},"query-input":{"@type":"PropertyValueSpecification","valueRequired":true,"valueName":"search_term_string"}}],"inLanguage":"en-US"},{"@type":"Organization","@id":"https:\/\/mwc-cmm.org\/en\/#organization","name":"Mennonite World Conference","alternateName":"MWC","url":"https:\/\/mwc-cmm.org\/en\/","logo":{"@type":"ImageObject","inLanguage":"en-US","@id":"https:\/\/mwc-cmm.org\/en\/#\/schema\/logo\/image\/","url":"https:\/\/mwc-cmm.org\/wp-content\/uploads\/2026\/01\/MWC_Sig_Blue_Horiz_webheader1-logo.svg","contentUrl":"https:\/\/mwc-cmm.org\/wp-content\/uploads\/2026\/01\/MWC_Sig_Blue_Horiz_webheader1-logo.svg","width":786,"height":82,"caption":"Mennonite World Conference"},"image":{"@id":"https:\/\/mwc-cmm.org\/en\/#\/schema\/logo\/image\/"},"sameAs":["https:\/\/www.facebook.com\/MennoniteWorldConference","https:\/\/www.linkedin.com\/company\/mennonite-world-conference-mwc\/","https:\/\/www.instagram.com\/mwcmm\/","https:\/\/www.youtube.com\/user\/mwccmm","https:\/\/bsky.app\/profile\/mwcmm.bsky.social"]}]}},"_links":{"self":[{"href":"https:\/\/mwc-cmm.org\/en\/wp-json\/wp\/v2\/pages\/5687","targetHints":{"allow":["GET"]}}],"collection":[{"href":"https:\/\/mwc-cmm.org\/en\/wp-json\/wp\/v2\/pages"}],"about":[{"href":"https:\/\/mwc-cmm.org\/en\/wp-json\/wp\/v2\/types\/page"}],"author":[{"embeddable":true,"href":"https:\/\/mwc-cmm.org\/en\/wp-json\/wp\/v2\/users\/1"}],"replies":[{"embeddable":true,"href":"https:\/\/mwc-cmm.org\/en\/wp-json\/wp\/v2\/comments?post=5687"}],"version-history":[{"count":0,"href":"https:\/\/mwc-cmm.org\/en\/wp-json\/wp\/v2\/pages\/5687\/revisions"}],"up":[{"embeddable":true,"href":"https:\/\/mwc-cmm.org\/en\/wp-json\/wp\/v2\/pages\/11437"}],"wp:attachment":[{"href":"https:\/\/mwc-cmm.org\/en\/wp-json\/wp\/v2\/media?parent=5687"}],"curies":[{"name":"wp","href":"https:\/\/api.w.org\/{rel}","templated":true}]}}