{"id":98760,"date":"2019-10-08T00:00:00","date_gmt":"2019-10-08T00:00:00","guid":{"rendered":"https:\/\/mwc-cmm.org\/anabaptist-world-fellowship-sunday\/"},"modified":"2026-01-03T16:48:58","modified_gmt":"2026-01-03T16:48:58","slug":"taeuferischen-weltgemeinschaftssonntag","status":"publish","type":"page","link":"https:\/\/mwc-cmm.org\/de\/taeuferischen-weltgemeinschaftssonntag\/","title":{"rendered":"T\u00e4uferischen Weltgemeinschaftssonntag"},"content":{"rendered":"\n<h2 class=\"wp-block-heading\">Sonntag, 23. januar&nbsp;2026<\/h2>\n\n\n\n<figure class=\"wp-block-image size-full\"><img decoding=\"async\" width=\"800\" height=\"450\" data-src=\"https:\/\/mwc-cmm.org\/wp-content\/uploads\/2024\/10\/AnabaptistWorldFellowshipSunday.jpg\" alt=\"A crowd of people waving\" class=\"wp-image-13156 lazyload\" data-srcset=\"https:\/\/mwc-cmm.org\/wp-content\/uploads\/2024\/10\/AnabaptistWorldFellowshipSunday.jpg 800w, https:\/\/mwc-cmm.org\/wp-content\/uploads\/2024\/10\/AnabaptistWorldFellowshipSunday-300x169.jpg 300w, https:\/\/mwc-cmm.org\/wp-content\/uploads\/2024\/10\/AnabaptistWorldFellowshipSunday-768x432.jpg 768w\" data-sizes=\"(max-width: 800px) 100vw, 800px\" src=\"data:image\/svg+xml;base64,PHN2ZyB3aWR0aD0iMSIgaGVpZ2h0PSIxIiB4bWxucz0iaHR0cDovL3d3dy53My5vcmcvMjAwMC9zdmciPjwvc3ZnPg==\" style=\"--smush-placeholder-width: 800px; --smush-placeholder-aspect-ratio: 800\/450;\" \/><\/figure>\n\n\n\n<p>Jedes Jahr zum TWS ermutigen wir t\u00e4uferisch orientierte Kirchen auf der ganzen Welt, ein gemeinsames Thema in einem Gottesdienst zu verwenden, um sich mit der weltweiten t\u00e4uferischen Familie zu verbinden. Viele Kirchen entscheiden sich f\u00fcr den Sonntag, der dem 21. Januar am n\u00e4chsten liegt, einige w\u00e4hlen den Pfingstsonntag oder einen anderen Termin. Am 21. Januar 1525 fand die erste Taufe der T\u00e4ufer in Z\u00fcrich, Schweiz, statt.<br>Der STW ist eine Gelegenheit, unsere Glaubensgemeinschaften daran zu erinnern, dass wir alle Teil des einen Leibes sind, der aus vielen St\u00e4mmen, Sprachen und Nationen besteht (Offenbarung 7,9).<\/p>\n\n\n\n<div class=\"wp-block-buttons is-layout-flex wp-block-buttons-is-layout-flex\">\n<div class=\"wp-block-button\"><a class=\"wp-block-button__link wp-element-button\" href=\"https:\/\/mwc-cmm.org\/de\/resources\/mennonitischer-weltgemeinschaftssonntag-2026\/\">Mennonitischer Weltgemeinschaftssonntag 2026<\/a><\/div>\n<\/div>\n\n\n\n<h2 class=\"wp-block-heading\">Kollekte<\/h2>\n\n\n\n<p>Die MWK l\u00e4dt die Gemeinden ein, am Sonntag der t\u00e4uferischen Weltgemeinschaft eine Spende f\u00fcr unsere weltweite t\u00e4uferische Gemeinschaft zu bringen. Eine M\u00f6glichkeit, dies zu tun, besteht darin, jedes Gemeindemitglied zu ermutigen, mindestens jenen Betrag zu spenden, den er oder sie f\u00fcr ein durchschnittliches Mittagessen ausgibt, um die zentralen Dienste und Kommissionen der MWK zu unterst\u00fctzen.<\/p>\n\n\n\n<p><a href=\"https:\/\/mwc-cmm.org\/en\/one-lunch-offering\/\">Klicken Sie hier, um mehr zu erfahren<\/a><\/p>\n","protected":false},"excerpt":{"rendered":"<p>Sonntag, 23. januar&nbsp;2026 Jedes Jahr zum TWS ermutigen wir t\u00e4uferisch orientierte Kirchen auf der ganzen Welt, ein gemeinsames Thema in einem Gottesdienst zu verwenden, um sich mit der weltweiten t\u00e4uferischen Familie zu verbinden. Viele Kirchen entscheiden sich f\u00fcr den Sonntag, der dem 21. Januar am n\u00e4chsten liegt, einige w\u00e4hlen den Pfingstsonntag oder einen anderen Termin. [&hellip;]<\/p>\n","protected":false},"author":1,"featured_media":0,"parent":0,"menu_order":0,"comment_status":"closed","ping_status":"closed","template":"","meta":{"_acf_changed":false,"footnotes":""},"class_list":["post-98760","page","type-page","status-publish","hentry"],"acf":[],"yoast_head":"<!-- This site is optimized with the Yoast SEO plugin v27.2 - https:\/\/yoast.com\/product\/yoast-seo-wordpress\/ -->\n<title>T\u00e4uferischen Weltgemeinschaftssonntag - Mennonite World Conference<\/title>\n<meta name=\"robots\" content=\"index, follow, max-snippet:-1, max-image-preview:large, max-video-preview:-1\" \/>\n<link rel=\"canonical\" href=\"https:\/\/mwc-cmm.org\/de\/taeuferischen-weltgemeinschaftssonntag\/\" \/>\n<meta property=\"og:locale\" content=\"de_DE\" \/>\n<meta property=\"og:type\" content=\"article\" \/>\n<meta property=\"og:title\" content=\"T\u00e4uferischen Weltgemeinschaftssonntag - Mennonite World Conference\" \/>\n<meta property=\"og:description\" content=\"Sonntag, 23. januar&nbsp;2026 Jedes Jahr zum TWS ermutigen wir t\u00e4uferisch orientierte Kirchen auf der ganzen Welt, ein gemeinsames Thema in einem Gottesdienst zu verwenden, um sich mit der weltweiten t\u00e4uferischen Familie zu verbinden. Viele Kirchen entscheiden sich f\u00fcr den Sonntag, der dem 21. Januar am n\u00e4chsten liegt, einige w\u00e4hlen den Pfingstsonntag oder einen anderen Termin. [&hellip;]\" \/>\n<meta property=\"og:url\" content=\"https:\/\/mwc-cmm.org\/de\/taeuferischen-weltgemeinschaftssonntag\/\" \/>\n<meta property=\"og:site_name\" content=\"Mennonite World Conference\" \/>\n<meta property=\"article:publisher\" content=\"https:\/\/www.facebook.com\/MennoniteWorldConference\" \/>\n<meta property=\"article:modified_time\" content=\"2026-01-03T16:48:58+00:00\" \/>\n<meta property=\"og:image\" content=\"https:\/\/mwc-cmm.org\/wp-content\/uploads\/2024\/10\/AnabaptistWorldFellowshipSunday.jpg\" \/>\n\t<meta property=\"og:image:width\" content=\"800\" \/>\n\t<meta property=\"og:image:height\" content=\"450\" \/>\n\t<meta property=\"og:image:type\" content=\"image\/jpeg\" \/>\n<script type=\"application\/ld+json\" class=\"yoast-schema-graph\">{\"@context\":\"https:\/\/schema.org\",\"@graph\":[{\"@type\":\"WebPage\",\"@id\":\"https:\/\/mwc-cmm.org\/de\/taeuferischen-weltgemeinschaftssonntag\/\",\"url\":\"https:\/\/mwc-cmm.org\/de\/taeuferischen-weltgemeinschaftssonntag\/\",\"name\":\"T\u00e4uferischen Weltgemeinschaftssonntag - Mennonite World Conference\",\"isPartOf\":{\"@id\":\"https:\/\/mwc-cmm.org\/en\/#website\"},\"primaryImageOfPage\":{\"@id\":\"https:\/\/mwc-cmm.org\/de\/taeuferischen-weltgemeinschaftssonntag\/#primaryimage\"},\"image\":{\"@id\":\"https:\/\/mwc-cmm.org\/de\/taeuferischen-weltgemeinschaftssonntag\/#primaryimage\"},\"thumbnailUrl\":\"https:\/\/mwc-cmm.org\/wp-content\/uploads\/2024\/10\/AnabaptistWorldFellowshipSunday.jpg\",\"datePublished\":\"2019-10-08T00:00:00+00:00\",\"dateModified\":\"2026-01-03T16:48:58+00:00\",\"breadcrumb\":{\"@id\":\"https:\/\/mwc-cmm.org\/de\/taeuferischen-weltgemeinschaftssonntag\/#breadcrumb\"},\"inLanguage\":\"de\",\"potentialAction\":[{\"@type\":\"ReadAction\",\"target\":[\"https:\/\/mwc-cmm.org\/de\/taeuferischen-weltgemeinschaftssonntag\/\"]}]},{\"@type\":\"ImageObject\",\"inLanguage\":\"de\",\"@id\":\"https:\/\/mwc-cmm.org\/de\/taeuferischen-weltgemeinschaftssonntag\/#primaryimage\",\"url\":\"https:\/\/mwc-cmm.org\/wp-content\/uploads\/2024\/10\/AnabaptistWorldFellowshipSunday.jpg\",\"contentUrl\":\"https:\/\/mwc-cmm.org\/wp-content\/uploads\/2024\/10\/AnabaptistWorldFellowshipSunday.jpg\"},{\"@type\":\"BreadcrumbList\",\"@id\":\"https:\/\/mwc-cmm.org\/de\/taeuferischen-weltgemeinschaftssonntag\/#breadcrumb\",\"itemListElement\":[{\"@type\":\"ListItem\",\"position\":1,\"name\":\"Home\",\"item\":\"https:\/\/mwc-cmm.org\/de\/homepage\/\"},{\"@type\":\"ListItem\",\"position\":2,\"name\":\"T\u00e4uferischen Weltgemeinschaftssonntag\"}]},{\"@type\":\"WebSite\",\"@id\":\"https:\/\/mwc-cmm.org\/en\/#website\",\"url\":\"https:\/\/mwc-cmm.org\/en\/\",\"name\":\"Mennonite World Conference\",\"description\":\"A communion of Anabaptist-related churches\",\"publisher\":{\"@id\":\"https:\/\/mwc-cmm.org\/en\/#organization\"},\"alternateName\":\"MWC\",\"potentialAction\":[{\"@type\":\"SearchAction\",\"target\":{\"@type\":\"EntryPoint\",\"urlTemplate\":\"https:\/\/mwc-cmm.org\/en\/?s={search_term_string}\"},\"query-input\":{\"@type\":\"PropertyValueSpecification\",\"valueRequired\":true,\"valueName\":\"search_term_string\"}}],\"inLanguage\":\"de\"},{\"@type\":\"Organization\",\"@id\":\"https:\/\/mwc-cmm.org\/en\/#organization\",\"name\":\"Mennonite World Conference\",\"alternateName\":\"MWC\",\"url\":\"https:\/\/mwc-cmm.org\/en\/\",\"logo\":{\"@type\":\"ImageObject\",\"inLanguage\":\"de\",\"@id\":\"https:\/\/mwc-cmm.org\/en\/#\/schema\/logo\/image\/\",\"url\":\"https:\/\/mwc-cmm.org\/wp-content\/uploads\/2026\/01\/MWC_Sig_Blue_Horiz_webheader1-logo.svg\",\"contentUrl\":\"https:\/\/mwc-cmm.org\/wp-content\/uploads\/2026\/01\/MWC_Sig_Blue_Horiz_webheader1-logo.svg\",\"width\":786,\"height\":82,\"caption\":\"Mennonite World Conference\"},\"image\":{\"@id\":\"https:\/\/mwc-cmm.org\/en\/#\/schema\/logo\/image\/\"},\"sameAs\":[\"https:\/\/www.facebook.com\/MennoniteWorldConference\",\"https:\/\/www.linkedin.com\/company\/mennonite-world-conference-mwc\/\",\"https:\/\/www.instagram.com\/mwcmm\/\",\"https:\/\/www.youtube.com\/user\/mwccmm\",\"https:\/\/bsky.app\/profile\/mwcmm.bsky.social\"]}]}<\/script>\n<!-- \/ Yoast SEO plugin. -->","yoast_head_json":{"title":"T\u00e4uferischen Weltgemeinschaftssonntag - Mennonite World Conference","robots":{"index":"index","follow":"follow","max-snippet":"max-snippet:-1","max-image-preview":"max-image-preview:large","max-video-preview":"max-video-preview:-1"},"canonical":"https:\/\/mwc-cmm.org\/de\/taeuferischen-weltgemeinschaftssonntag\/","og_locale":"de_DE","og_type":"article","og_title":"T\u00e4uferischen Weltgemeinschaftssonntag - Mennonite World Conference","og_description":"Sonntag, 23. januar&nbsp;2026 Jedes Jahr zum TWS ermutigen wir t\u00e4uferisch orientierte Kirchen auf der ganzen Welt, ein gemeinsames Thema in einem Gottesdienst zu verwenden, um sich mit der weltweiten t\u00e4uferischen Familie zu verbinden. Viele Kirchen entscheiden sich f\u00fcr den Sonntag, der dem 21. Januar am n\u00e4chsten liegt, einige w\u00e4hlen den Pfingstsonntag oder einen anderen Termin. [&hellip;]","og_url":"https:\/\/mwc-cmm.org\/de\/taeuferischen-weltgemeinschaftssonntag\/","og_site_name":"Mennonite World Conference","article_publisher":"https:\/\/www.facebook.com\/MennoniteWorldConference","article_modified_time":"2026-01-03T16:48:58+00:00","og_image":[{"width":800,"height":450,"url":"https:\/\/mwc-cmm.org\/wp-content\/uploads\/2024\/10\/AnabaptistWorldFellowshipSunday.jpg","type":"image\/jpeg"}],"schema":{"@context":"https:\/\/schema.org","@graph":[{"@type":"WebPage","@id":"https:\/\/mwc-cmm.org\/de\/taeuferischen-weltgemeinschaftssonntag\/","url":"https:\/\/mwc-cmm.org\/de\/taeuferischen-weltgemeinschaftssonntag\/","name":"T\u00e4uferischen Weltgemeinschaftssonntag - Mennonite World Conference","isPartOf":{"@id":"https:\/\/mwc-cmm.org\/en\/#website"},"primaryImageOfPage":{"@id":"https:\/\/mwc-cmm.org\/de\/taeuferischen-weltgemeinschaftssonntag\/#primaryimage"},"image":{"@id":"https:\/\/mwc-cmm.org\/de\/taeuferischen-weltgemeinschaftssonntag\/#primaryimage"},"thumbnailUrl":"https:\/\/mwc-cmm.org\/wp-content\/uploads\/2024\/10\/AnabaptistWorldFellowshipSunday.jpg","datePublished":"2019-10-08T00:00:00+00:00","dateModified":"2026-01-03T16:48:58+00:00","breadcrumb":{"@id":"https:\/\/mwc-cmm.org\/de\/taeuferischen-weltgemeinschaftssonntag\/#breadcrumb"},"inLanguage":"de","potentialAction":[{"@type":"ReadAction","target":["https:\/\/mwc-cmm.org\/de\/taeuferischen-weltgemeinschaftssonntag\/"]}]},{"@type":"ImageObject","inLanguage":"de","@id":"https:\/\/mwc-cmm.org\/de\/taeuferischen-weltgemeinschaftssonntag\/#primaryimage","url":"https:\/\/mwc-cmm.org\/wp-content\/uploads\/2024\/10\/AnabaptistWorldFellowshipSunday.jpg","contentUrl":"https:\/\/mwc-cmm.org\/wp-content\/uploads\/2024\/10\/AnabaptistWorldFellowshipSunday.jpg"},{"@type":"BreadcrumbList","@id":"https:\/\/mwc-cmm.org\/de\/taeuferischen-weltgemeinschaftssonntag\/#breadcrumb","itemListElement":[{"@type":"ListItem","position":1,"name":"Home","item":"https:\/\/mwc-cmm.org\/de\/homepage\/"},{"@type":"ListItem","position":2,"name":"T\u00e4uferischen Weltgemeinschaftssonntag"}]},{"@type":"WebSite","@id":"https:\/\/mwc-cmm.org\/en\/#website","url":"https:\/\/mwc-cmm.org\/en\/","name":"Mennonite World Conference","description":"A communion of Anabaptist-related churches","publisher":{"@id":"https:\/\/mwc-cmm.org\/en\/#organization"},"alternateName":"MWC","potentialAction":[{"@type":"SearchAction","target":{"@type":"EntryPoint","urlTemplate":"https:\/\/mwc-cmm.org\/en\/?s={search_term_string}"},"query-input":{"@type":"PropertyValueSpecification","valueRequired":true,"valueName":"search_term_string"}}],"inLanguage":"de"},{"@type":"Organization","@id":"https:\/\/mwc-cmm.org\/en\/#organization","name":"Mennonite World Conference","alternateName":"MWC","url":"https:\/\/mwc-cmm.org\/en\/","logo":{"@type":"ImageObject","inLanguage":"de","@id":"https:\/\/mwc-cmm.org\/en\/#\/schema\/logo\/image\/","url":"https:\/\/mwc-cmm.org\/wp-content\/uploads\/2026\/01\/MWC_Sig_Blue_Horiz_webheader1-logo.svg","contentUrl":"https:\/\/mwc-cmm.org\/wp-content\/uploads\/2026\/01\/MWC_Sig_Blue_Horiz_webheader1-logo.svg","width":786,"height":82,"caption":"Mennonite World Conference"},"image":{"@id":"https:\/\/mwc-cmm.org\/en\/#\/schema\/logo\/image\/"},"sameAs":["https:\/\/www.facebook.com\/MennoniteWorldConference","https:\/\/www.linkedin.com\/company\/mennonite-world-conference-mwc\/","https:\/\/www.instagram.com\/mwcmm\/","https:\/\/www.youtube.com\/user\/mwccmm","https:\/\/bsky.app\/profile\/mwcmm.bsky.social"]}]}},"_links":{"self":[{"href":"https:\/\/mwc-cmm.org\/de\/wp-json\/wp\/v2\/pages\/98760","targetHints":{"allow":["GET"]}}],"collection":[{"href":"https:\/\/mwc-cmm.org\/de\/wp-json\/wp\/v2\/pages"}],"about":[{"href":"https:\/\/mwc-cmm.org\/de\/wp-json\/wp\/v2\/types\/page"}],"author":[{"embeddable":true,"href":"https:\/\/mwc-cmm.org\/de\/wp-json\/wp\/v2\/users\/1"}],"replies":[{"embeddable":true,"href":"https:\/\/mwc-cmm.org\/de\/wp-json\/wp\/v2\/comments?post=98760"}],"version-history":[{"count":0,"href":"https:\/\/mwc-cmm.org\/de\/wp-json\/wp\/v2\/pages\/98760\/revisions"}],"wp:attachment":[{"href":"https:\/\/mwc-cmm.org\/de\/wp-json\/wp\/v2\/media?parent=98760"}],"curies":[{"name":"wp","href":"https:\/\/api.w.org\/{rel}","templated":true}]}}