{"id":98657,"date":"2019-07-29T00:00:00","date_gmt":"2019-07-29T00:00:00","guid":{"rendered":"https:\/\/mwc-cmm.org\/shared-convictions\/"},"modified":"2026-01-07T02:22:34","modified_gmt":"2026-01-07T02:22:34","slug":"gemeinsame-uberzeugungen-tauferischer-gemeinden-weltweit","status":"publish","type":"page","link":"https:\/\/mwc-cmm.org\/de\/gemeinsame-uberzeugungen-tauferischer-gemeinden-weltweit\/","title":{"rendered":"Gemeinsame \u00dcberzeugungen t\u00e4uferischer Gemeinden weltweit"},"content":{"rendered":"\n<div class=\"wp-block-columns is-layout-flex wp-container-core-columns-is-layout-28f84493 wp-block-columns-is-layout-flex\">\n<div class=\"wp-block-column is-layout-flow wp-block-column-is-layout-flow\" style=\"flex-basis:66.66%\">\n<p>Durch die Gnade Gottes wollen wir die gute Nachricht von der Vers\u00f6hnung in Jesus Christus leben und verk\u00fcndigen. Weil wir zu allen Zeiten und an allen Orten Teil des einen Leibes Christi sind, halten wir das Folgende f\u00fcr die Mitte unseres Glaubens und unseres Lebens:&nbsp;&nbsp;<\/p>\n\n\n\n<ol class=\"wp-block-list\">\n<li>Gott teilt sich uns mit als Vater, Sohn und Heiliger Geist, als Sch\u00f6pfer, der die gefallene Menschheit wiederherstellen will, indem er ein Volk beruft, das treu sein soll in der Gemeinschaft, im Gottesdienst, in Dienst und Zeugnis.&nbsp;<\/li>\n\n\n\n<li>Jesus ist der Sohn Gottes. Er hat uns durch sein Leben und seine Lehre, seinen Tod am Kreuz und seine Auferstehung gezeigt, wie wir ihm im Glauben treu nachfolgen k\u00f6nnen. Er hat die Welt erl\u00f6st und ewiges Leben verhei\u00dfen.&nbsp;&nbsp;<\/li>\n\n\n\n<li>Als Gemeinde sind wir die Gemeinschaft derer, die Gottes Geist dazu beruft, sich von der S\u00fcnde abzuwenden, Jesus Christus als ihren Herrn anzuerkennen, die Taufe auf das Bekenntnis ihres Glaubens hin zu empfangen und Jesus Christus in ihrem Leben nachzufolgen.&nbsp;<\/li>\n\n\n\n<li>Als Gemeinschaft der Gl\u00e4ubigen erkennen wir die Bibel als Autorit\u00e4t f\u00fcr unseren Glauben und unser Leben an. Wir legen sie gemeinsam unter der Leitung des Heiligen Geistes und im Licht Jesu Christi aus, um Gottes Willen f\u00fcr ein gehorsames Leben zu erkennen.&nbsp;<\/li>\n\n\n\n<li>Der Geist Jesu gibt uns die Kraft, Gott in allen Lebensbereichen zu vertrauen. So werden wir Friedensstifter, die der Gewalt absagen, ihre Feinde lieben, nach Gerechtigkeit trachten und ihren Besitz mit Notleidenden teilen.&nbsp;&nbsp;<\/li>\n\n\n\n<li>Wir versammeln uns regelm\u00e4\u00dfig zum Gottesdienst, um das Abendmahl zu feiern und um Gottes Wort zu h\u00f6ren. Wir tun das im Bewusstsein gegenseitiger Verantwortlichkeit.&nbsp;<\/li>\n\n\n\n<li>Als weltweite Gemeinschaft von Menschen, die Glauben und Leben teilen, wollen wir jegliche Trennung durch Nationalit\u00e4t, ethnischen Hintergrund, Klasse, Geschlecht und Sprache aufheben. Wir wollen in dieser Welt leben, ohne uns von den M\u00e4chten des B\u00f6sen bestimmen zu lassen. Wir bezeugen Gottes Gnade, indem wir anderen dienen, Sorge f\u00fcr die Sch\u00f6pfung tragen und alle Menschen dazu einladen, Jesus Christus als Heiland und Herrn kennen zu lernen.&nbsp;<\/li>\n<\/ol>\n\n\n\n<p>Unsere \u00dcberzeugungen sind gepr\u00e4gt durch unsere t\u00e4uferischen Vorfahren des 16. Jahrhunderts, die uns eine radikale Nachfolge Jesu Christi beispielhaft vorlebten. In der Kraft des Heiligen Geistes wollen wir im Namen Jesu Christi unser Leben gestalten und vertrauensvoll auf die Wiederkunft Christi und die Vollendung des Reiches Gottes warten.&nbsp;<\/p>\n\n\n\n<p>Angenommen durch die Mitgliederversammlung der Mennonitischen Weltkonferenz, M\u00e4rz 2006&nbsp;<\/p>\n\n\n\n<p><a href=\"https:\/\/mwc-cmm.org\/de\/resources\/gemeinsame-ueberzeugungen-taeuferischer-gemeinden-weltweit-2022\/\">Gemeinsame \u00dcberzeugungen t\u00e4uferischer Gemeinden weltweit&nbsp;<\/a><\/p>\n<\/div>\n\n\n\n<div class=\"wp-block-column is-layout-flow wp-block-column-is-layout-flow\" style=\"flex-basis:33.33%\">\n<figure class=\"wp-block-image size-large\"><img decoding=\"async\" width=\"442\" height=\"1024\" data-src=\"https:\/\/mwc-cmm.org\/wp-content\/uploads\/2024\/12\/website_web_banner_5-442x1024.jpg\" alt=\"Shared Convictions banner\" class=\"wp-image-98669 lazyload\" data-srcset=\"https:\/\/mwc-cmm.org\/wp-content\/uploads\/2024\/12\/website_web_banner_5-442x1024.jpg 442w, https:\/\/mwc-cmm.org\/wp-content\/uploads\/2024\/12\/website_web_banner_5-129x300.jpg 129w, https:\/\/mwc-cmm.org\/wp-content\/uploads\/2024\/12\/website_web_banner_5.jpg 504w\" data-sizes=\"(max-width: 442px) 100vw, 442px\" src=\"data:image\/svg+xml;base64,PHN2ZyB3aWR0aD0iMSIgaGVpZ2h0PSIxIiB4bWxucz0iaHR0cDovL3d3dy53My5vcmcvMjAwMC9zdmciPjwvc3ZnPg==\" style=\"--smush-placeholder-width: 442px; --smush-placeholder-aspect-ratio: 442\/1024;\" \/><\/figure>\n<\/div>\n<\/div>\n\n\n\n<div class=\"wp-block-buttons is-layout-flex wp-block-buttons-is-layout-flex\">\n<div class=\"wp-block-button\"><a class=\"wp-block-button__link wp-element-button\" href=\"https:\/\/mwc-cmm.org\/de\/resources\/gemeinsame-uberzeugungen-tauferischer-gemeinden-weltweit\/\">Pr\u00e4sentation \u201eGemeinsame \u00dcberzeugungen\u201c<\/a><\/div>\n<\/div>\n\n\n\n<p><\/p>\n","protected":false},"excerpt":{"rendered":"<p>Durch die Gnade Gottes wollen wir die gute Nachricht von der Vers\u00f6hnung in Jesus Christus leben und verk\u00fcndigen. Weil wir zu allen Zeiten und an allen Orten Teil des einen Leibes Christi sind, halten wir das Folgende f\u00fcr die Mitte unseres Glaubens und unseres Lebens:&nbsp;&nbsp; Unsere \u00dcberzeugungen sind gepr\u00e4gt durch unsere t\u00e4uferischen Vorfahren des 16. [&hellip;]<\/p>\n","protected":false},"author":1,"featured_media":0,"parent":0,"menu_order":0,"comment_status":"closed","ping_status":"closed","template":"","meta":{"_acf_changed":false,"footnotes":""},"class_list":["post-98657","page","type-page","status-publish","hentry"],"acf":[],"yoast_head":"<!-- This site is optimized with the Yoast SEO plugin v27.2 - https:\/\/yoast.com\/product\/yoast-seo-wordpress\/ -->\n<title>Gemeinsame \u00dcberzeugungen t\u00e4uferischer Gemeinden weltweit - Mennonite World Conference<\/title>\n<meta name=\"robots\" content=\"index, follow, max-snippet:-1, max-image-preview:large, max-video-preview:-1\" \/>\n<link rel=\"canonical\" href=\"https:\/\/mwc-cmm.org\/de\/gemeinsame-uberzeugungen-tauferischer-gemeinden-weltweit\/\" \/>\n<meta property=\"og:locale\" content=\"de_DE\" \/>\n<meta property=\"og:type\" content=\"article\" \/>\n<meta property=\"og:title\" content=\"Gemeinsame \u00dcberzeugungen t\u00e4uferischer Gemeinden weltweit - Mennonite World Conference\" \/>\n<meta property=\"og:description\" content=\"Durch die Gnade Gottes wollen wir die gute Nachricht von der Vers\u00f6hnung in Jesus Christus leben und verk\u00fcndigen. Weil wir zu allen Zeiten und an allen Orten Teil des einen Leibes Christi sind, halten wir das Folgende f\u00fcr die Mitte unseres Glaubens und unseres Lebens:&nbsp;&nbsp; Unsere \u00dcberzeugungen sind gepr\u00e4gt durch unsere t\u00e4uferischen Vorfahren des 16. [&hellip;]\" \/>\n<meta property=\"og:url\" content=\"https:\/\/mwc-cmm.org\/de\/gemeinsame-uberzeugungen-tauferischer-gemeinden-weltweit\/\" \/>\n<meta property=\"og:site_name\" content=\"Mennonite World Conference\" \/>\n<meta property=\"article:publisher\" content=\"https:\/\/www.facebook.com\/MennoniteWorldConference\" \/>\n<meta property=\"article:modified_time\" content=\"2026-01-07T02:22:34+00:00\" \/>\n<meta property=\"og:image\" content=\"https:\/\/mwc-cmm.org\/wp-content\/uploads\/2024\/12\/website_web_banner_5.jpg\" \/>\n\t<meta property=\"og:image:width\" content=\"504\" \/>\n\t<meta property=\"og:image:height\" content=\"1168\" \/>\n\t<meta property=\"og:image:type\" content=\"image\/jpeg\" \/>\n<script type=\"application\/ld+json\" class=\"yoast-schema-graph\">{\"@context\":\"https:\/\/schema.org\",\"@graph\":[{\"@type\":\"WebPage\",\"@id\":\"https:\/\/mwc-cmm.org\/de\/gemeinsame-uberzeugungen-tauferischer-gemeinden-weltweit\/\",\"url\":\"https:\/\/mwc-cmm.org\/de\/gemeinsame-uberzeugungen-tauferischer-gemeinden-weltweit\/\",\"name\":\"Gemeinsame \u00dcberzeugungen t\u00e4uferischer Gemeinden weltweit - Mennonite World Conference\",\"isPartOf\":{\"@id\":\"https:\/\/mwc-cmm.org\/en\/#website\"},\"primaryImageOfPage\":{\"@id\":\"https:\/\/mwc-cmm.org\/de\/gemeinsame-uberzeugungen-tauferischer-gemeinden-weltweit\/#primaryimage\"},\"image\":{\"@id\":\"https:\/\/mwc-cmm.org\/de\/gemeinsame-uberzeugungen-tauferischer-gemeinden-weltweit\/#primaryimage\"},\"thumbnailUrl\":\"https:\/\/mwc-cmm.org\/wp-content\/uploads\/2024\/12\/website_web_banner_5-442x1024.jpg\",\"datePublished\":\"2019-07-29T00:00:00+00:00\",\"dateModified\":\"2026-01-07T02:22:34+00:00\",\"breadcrumb\":{\"@id\":\"https:\/\/mwc-cmm.org\/de\/gemeinsame-uberzeugungen-tauferischer-gemeinden-weltweit\/#breadcrumb\"},\"inLanguage\":\"de\",\"potentialAction\":[{\"@type\":\"ReadAction\",\"target\":[\"https:\/\/mwc-cmm.org\/de\/gemeinsame-uberzeugungen-tauferischer-gemeinden-weltweit\/\"]}]},{\"@type\":\"ImageObject\",\"inLanguage\":\"de\",\"@id\":\"https:\/\/mwc-cmm.org\/de\/gemeinsame-uberzeugungen-tauferischer-gemeinden-weltweit\/#primaryimage\",\"url\":\"https:\/\/mwc-cmm.org\/wp-content\/uploads\/2024\/12\/website_web_banner_5-442x1024.jpg\",\"contentUrl\":\"https:\/\/mwc-cmm.org\/wp-content\/uploads\/2024\/12\/website_web_banner_5-442x1024.jpg\"},{\"@type\":\"BreadcrumbList\",\"@id\":\"https:\/\/mwc-cmm.org\/de\/gemeinsame-uberzeugungen-tauferischer-gemeinden-weltweit\/#breadcrumb\",\"itemListElement\":[{\"@type\":\"ListItem\",\"position\":1,\"name\":\"Home\",\"item\":\"https:\/\/mwc-cmm.org\/de\/homepage\/\"},{\"@type\":\"ListItem\",\"position\":2,\"name\":\"Gemeinsame \u00dcberzeugungen t\u00e4uferischer Gemeinden weltweit\"}]},{\"@type\":\"WebSite\",\"@id\":\"https:\/\/mwc-cmm.org\/en\/#website\",\"url\":\"https:\/\/mwc-cmm.org\/en\/\",\"name\":\"Mennonite World Conference\",\"description\":\"A communion of Anabaptist-related churches\",\"publisher\":{\"@id\":\"https:\/\/mwc-cmm.org\/en\/#organization\"},\"alternateName\":\"MWC\",\"potentialAction\":[{\"@type\":\"SearchAction\",\"target\":{\"@type\":\"EntryPoint\",\"urlTemplate\":\"https:\/\/mwc-cmm.org\/en\/?s={search_term_string}\"},\"query-input\":{\"@type\":\"PropertyValueSpecification\",\"valueRequired\":true,\"valueName\":\"search_term_string\"}}],\"inLanguage\":\"de\"},{\"@type\":\"Organization\",\"@id\":\"https:\/\/mwc-cmm.org\/en\/#organization\",\"name\":\"Mennonite World Conference\",\"alternateName\":\"MWC\",\"url\":\"https:\/\/mwc-cmm.org\/en\/\",\"logo\":{\"@type\":\"ImageObject\",\"inLanguage\":\"de\",\"@id\":\"https:\/\/mwc-cmm.org\/en\/#\/schema\/logo\/image\/\",\"url\":\"https:\/\/mwc-cmm.org\/wp-content\/uploads\/2026\/01\/MWC_Sig_Blue_Horiz_webheader1-logo.svg\",\"contentUrl\":\"https:\/\/mwc-cmm.org\/wp-content\/uploads\/2026\/01\/MWC_Sig_Blue_Horiz_webheader1-logo.svg\",\"width\":786,\"height\":82,\"caption\":\"Mennonite World Conference\"},\"image\":{\"@id\":\"https:\/\/mwc-cmm.org\/en\/#\/schema\/logo\/image\/\"},\"sameAs\":[\"https:\/\/www.facebook.com\/MennoniteWorldConference\",\"https:\/\/www.linkedin.com\/company\/mennonite-world-conference-mwc\/\",\"https:\/\/www.instagram.com\/mwcmm\/\",\"https:\/\/www.youtube.com\/user\/mwccmm\",\"https:\/\/bsky.app\/profile\/mwcmm.bsky.social\"]}]}<\/script>\n<!-- \/ Yoast SEO plugin. -->","yoast_head_json":{"title":"Gemeinsame \u00dcberzeugungen t\u00e4uferischer Gemeinden weltweit - Mennonite World Conference","robots":{"index":"index","follow":"follow","max-snippet":"max-snippet:-1","max-image-preview":"max-image-preview:large","max-video-preview":"max-video-preview:-1"},"canonical":"https:\/\/mwc-cmm.org\/de\/gemeinsame-uberzeugungen-tauferischer-gemeinden-weltweit\/","og_locale":"de_DE","og_type":"article","og_title":"Gemeinsame \u00dcberzeugungen t\u00e4uferischer Gemeinden weltweit - Mennonite World Conference","og_description":"Durch die Gnade Gottes wollen wir die gute Nachricht von der Vers\u00f6hnung in Jesus Christus leben und verk\u00fcndigen. Weil wir zu allen Zeiten und an allen Orten Teil des einen Leibes Christi sind, halten wir das Folgende f\u00fcr die Mitte unseres Glaubens und unseres Lebens:&nbsp;&nbsp; Unsere \u00dcberzeugungen sind gepr\u00e4gt durch unsere t\u00e4uferischen Vorfahren des 16. [&hellip;]","og_url":"https:\/\/mwc-cmm.org\/de\/gemeinsame-uberzeugungen-tauferischer-gemeinden-weltweit\/","og_site_name":"Mennonite World Conference","article_publisher":"https:\/\/www.facebook.com\/MennoniteWorldConference","article_modified_time":"2026-01-07T02:22:34+00:00","og_image":[{"width":504,"height":1168,"url":"https:\/\/mwc-cmm.org\/wp-content\/uploads\/2024\/12\/website_web_banner_5.jpg","type":"image\/jpeg"}],"schema":{"@context":"https:\/\/schema.org","@graph":[{"@type":"WebPage","@id":"https:\/\/mwc-cmm.org\/de\/gemeinsame-uberzeugungen-tauferischer-gemeinden-weltweit\/","url":"https:\/\/mwc-cmm.org\/de\/gemeinsame-uberzeugungen-tauferischer-gemeinden-weltweit\/","name":"Gemeinsame \u00dcberzeugungen t\u00e4uferischer Gemeinden weltweit - Mennonite World Conference","isPartOf":{"@id":"https:\/\/mwc-cmm.org\/en\/#website"},"primaryImageOfPage":{"@id":"https:\/\/mwc-cmm.org\/de\/gemeinsame-uberzeugungen-tauferischer-gemeinden-weltweit\/#primaryimage"},"image":{"@id":"https:\/\/mwc-cmm.org\/de\/gemeinsame-uberzeugungen-tauferischer-gemeinden-weltweit\/#primaryimage"},"thumbnailUrl":"https:\/\/mwc-cmm.org\/wp-content\/uploads\/2024\/12\/website_web_banner_5-442x1024.jpg","datePublished":"2019-07-29T00:00:00+00:00","dateModified":"2026-01-07T02:22:34+00:00","breadcrumb":{"@id":"https:\/\/mwc-cmm.org\/de\/gemeinsame-uberzeugungen-tauferischer-gemeinden-weltweit\/#breadcrumb"},"inLanguage":"de","potentialAction":[{"@type":"ReadAction","target":["https:\/\/mwc-cmm.org\/de\/gemeinsame-uberzeugungen-tauferischer-gemeinden-weltweit\/"]}]},{"@type":"ImageObject","inLanguage":"de","@id":"https:\/\/mwc-cmm.org\/de\/gemeinsame-uberzeugungen-tauferischer-gemeinden-weltweit\/#primaryimage","url":"https:\/\/mwc-cmm.org\/wp-content\/uploads\/2024\/12\/website_web_banner_5-442x1024.jpg","contentUrl":"https:\/\/mwc-cmm.org\/wp-content\/uploads\/2024\/12\/website_web_banner_5-442x1024.jpg"},{"@type":"BreadcrumbList","@id":"https:\/\/mwc-cmm.org\/de\/gemeinsame-uberzeugungen-tauferischer-gemeinden-weltweit\/#breadcrumb","itemListElement":[{"@type":"ListItem","position":1,"name":"Home","item":"https:\/\/mwc-cmm.org\/de\/homepage\/"},{"@type":"ListItem","position":2,"name":"Gemeinsame \u00dcberzeugungen t\u00e4uferischer Gemeinden weltweit"}]},{"@type":"WebSite","@id":"https:\/\/mwc-cmm.org\/en\/#website","url":"https:\/\/mwc-cmm.org\/en\/","name":"Mennonite World Conference","description":"A communion of Anabaptist-related churches","publisher":{"@id":"https:\/\/mwc-cmm.org\/en\/#organization"},"alternateName":"MWC","potentialAction":[{"@type":"SearchAction","target":{"@type":"EntryPoint","urlTemplate":"https:\/\/mwc-cmm.org\/en\/?s={search_term_string}"},"query-input":{"@type":"PropertyValueSpecification","valueRequired":true,"valueName":"search_term_string"}}],"inLanguage":"de"},{"@type":"Organization","@id":"https:\/\/mwc-cmm.org\/en\/#organization","name":"Mennonite World Conference","alternateName":"MWC","url":"https:\/\/mwc-cmm.org\/en\/","logo":{"@type":"ImageObject","inLanguage":"de","@id":"https:\/\/mwc-cmm.org\/en\/#\/schema\/logo\/image\/","url":"https:\/\/mwc-cmm.org\/wp-content\/uploads\/2026\/01\/MWC_Sig_Blue_Horiz_webheader1-logo.svg","contentUrl":"https:\/\/mwc-cmm.org\/wp-content\/uploads\/2026\/01\/MWC_Sig_Blue_Horiz_webheader1-logo.svg","width":786,"height":82,"caption":"Mennonite World Conference"},"image":{"@id":"https:\/\/mwc-cmm.org\/en\/#\/schema\/logo\/image\/"},"sameAs":["https:\/\/www.facebook.com\/MennoniteWorldConference","https:\/\/www.linkedin.com\/company\/mennonite-world-conference-mwc\/","https:\/\/www.instagram.com\/mwcmm\/","https:\/\/www.youtube.com\/user\/mwccmm","https:\/\/bsky.app\/profile\/mwcmm.bsky.social"]}]}},"_links":{"self":[{"href":"https:\/\/mwc-cmm.org\/de\/wp-json\/wp\/v2\/pages\/98657","targetHints":{"allow":["GET"]}}],"collection":[{"href":"https:\/\/mwc-cmm.org\/de\/wp-json\/wp\/v2\/pages"}],"about":[{"href":"https:\/\/mwc-cmm.org\/de\/wp-json\/wp\/v2\/types\/page"}],"author":[{"embeddable":true,"href":"https:\/\/mwc-cmm.org\/de\/wp-json\/wp\/v2\/users\/1"}],"replies":[{"embeddable":true,"href":"https:\/\/mwc-cmm.org\/de\/wp-json\/wp\/v2\/comments?post=98657"}],"version-history":[{"count":0,"href":"https:\/\/mwc-cmm.org\/de\/wp-json\/wp\/v2\/pages\/98657\/revisions"}],"wp:attachment":[{"href":"https:\/\/mwc-cmm.org\/de\/wp-json\/wp\/v2\/media?parent=98657"}],"curies":[{"name":"wp","href":"https:\/\/api.w.org\/{rel}","templated":true}]}}