{"id":98640,"date":"2024-07-25T00:00:00","date_gmt":"2024-07-25T00:00:00","guid":{"rendered":"https:\/\/mwc-cmm.org\/global-youth-summit-2025\/"},"modified":"2025-02-18T12:30:48","modified_gmt":"2025-02-18T12:30:48","slug":"weltjugendgipfelt-2025","status":"publish","type":"page","link":"https:\/\/mwc-cmm.org\/de\/weltjugendgipfelt-2025\/","title":{"rendered":"Weltjugendgipfel 2025"},"content":{"rendered":"\n<div class=\"wp-block-columns is-layout-flex wp-container-core-columns-is-layout-28f84493 wp-block-columns-is-layout-flex\">\n<div class=\"wp-block-column is-layout-flow wp-block-column-is-layout-flow\" style=\"flex-basis:66.66%\">\n<p>Weltjugendgipfel (GYS): gemeinsam Gott feiern, kultur\u00fcbergreifend \u00fcber Glauben nachdenken, die lokale Kultur kennen lernen und durch Workshops und Liebe mehr Verst\u00e4ndnis bekommen.&nbsp;<strong>Vom 30 Mai bis 1 Juni 2025<\/strong>&nbsp;findet der f\u00fcnfte Weltjugendgipfel (GYS) der MWK in Deutschland statt, unter dem Thema:&nbsp;<strong>&#8222;Inspiriert durch Liebe&#8220;&nbsp;<\/strong>(1 Johannes 4,11).<\/p>\n\n\n\n<p>Eingeladen sind junge Menschen zwischen 18 und 30. Jugendgruppen mit einer erwachsenen Begleitperson k\u00f6nnen sich ebenfalls anmelden.&nbsp;<\/p>\n\n\n\n<div class=\"wp-block-buttons is-layout-flex wp-block-buttons-is-layout-flex\">\n<div class=\"wp-block-button\"><a class=\"wp-block-button__link wp-element-button\" href=\"https:\/\/mwc-cmm.org\/en\/global-youth-summit-2025-registration\/\"><strong>Hier anmelden<\/strong><\/a><\/div>\n<\/div>\n<\/div>\n\n\n\n<div class=\"wp-block-column is-layout-flow wp-block-column-is-layout-flow\" style=\"flex-basis:33.33%\">\n<figure class=\"wp-block-image size-large\"><img decoding=\"async\" width=\"724\" height=\"1024\" data-src=\"https:\/\/mwc-cmm.org\/wp-content\/uploads\/2025\/02\/GYS-Poster-GR-rev-724x1024.jpg\" alt=\"\" class=\"wp-image-109679 lazyload\" data-srcset=\"https:\/\/mwc-cmm.org\/wp-content\/uploads\/2025\/02\/GYS-Poster-GR-rev-724x1024.jpg 724w, https:\/\/mwc-cmm.org\/wp-content\/uploads\/2025\/02\/GYS-Poster-GR-rev-212x300.jpg 212w, https:\/\/mwc-cmm.org\/wp-content\/uploads\/2025\/02\/GYS-Poster-GR-rev-768x1086.jpg 768w, https:\/\/mwc-cmm.org\/wp-content\/uploads\/2025\/02\/GYS-Poster-GR-rev-1086x1536.jpg 1086w, https:\/\/mwc-cmm.org\/wp-content\/uploads\/2025\/02\/GYS-Poster-GR-rev-1448x2048.jpg 1448w, https:\/\/mwc-cmm.org\/wp-content\/uploads\/2025\/02\/GYS-Poster-GR-rev-scaled.jpg 1810w\" data-sizes=\"(max-width: 724px) 100vw, 724px\" src=\"data:image\/svg+xml;base64,PHN2ZyB3aWR0aD0iMSIgaGVpZ2h0PSIxIiB4bWxucz0iaHR0cDovL3d3dy53My5vcmcvMjAwMC9zdmciPjwvc3ZnPg==\" style=\"--smush-placeholder-width: 724px; --smush-placeholder-aspect-ratio: 724\/1024;\" \/><\/figure>\n<\/div>\n<\/div>\n\n\n\n<hr class=\"wp-block-separator has-alpha-channel-opacity\"\/>\n\n\n\n<h2 class=\"wp-block-heading\">Preise:<\/h2>\n\n\n\n<p>180 Euro Sp\u00e4tbucherpreis (ab 16 Februar 2025)<br>*<em>Leute, die sich zur Mitarbeit melden d\u00fcrfen sich auf ein besonderes Dankesch\u00f6n freuen.<\/em>\u00a0<\/p>\n\n\n\n<h2 class=\"wp-block-heading\">Zugverbindungen<\/h2>\n\n\n\n<p>= 40 Euro Hinfahrt<br>11:34 von Z\u00fcrich nach Stuttgart<br>15:43 von Stuttgart nach Schw\u00e4bisch Gm\u00fcnd<br>dann 26 zu Fu\u00df zum&nbsp;<strong>Sch\u00f6nblick<br>Christliches G\u00e4stezentrum W\u00fcrttemberg<br>Willy-Schenk-Stra\u00dfe 9 73527 Schw\u00e4bisch Gm\u00fcnd<\/strong><\/p>\n\n\n\n<p><iframe data-src=\"https:\/\/www.google.com\/maps\/embed?pb=!1m24!1m8!1m3!1d21021.831421343126!2d9.792374!3d48.806152!3m2!1i1024!2i768!4f13.1!4m13!3e0!4m5!1s0x4799080b4400e09d%3A0x41ffd3c8d096fd0!2zU2Nod8OkYmlzY2ggR23DvG5kLCBHZXJtYW55!3m2!1d48.7994019!2d9.8045704!4m5!1s0x4799a84476bb2fbb%3A0x9a505e38ac720319!2sSch%C3%B6nblick.%20Christliches%20G%C3%A4stezentrum%2C%20Willy-Schenk-Stra%C3%9Fe%209%2C%2073527%20Schw%C3%A4bisch%20Gm%C3%BCnd%2C%20Germany!3m2!1d48.8128107!2d9.781075399999999!5e0!3m2!1sen!2sid!4v1729545998107!5m2!1sen!2sid\" width=\"600\" height=\"450\" style=\"border:0;\" allowfullscreen=\"\" referrerpolicy=\"no-referrer-when-downgrade\" src=\"data:image\/svg+xml;base64,PHN2ZyB3aWR0aD0iMSIgaGVpZ2h0PSIxIiB4bWxucz0iaHR0cDovL3d3dy53My5vcmcvMjAwMC9zdmciPjwvc3ZnPg==\" class=\"lazyload\" data-load-mode=\"1\"><\/iframe><\/p>\n\n\n\n<h2 class=\"wp-block-heading\">Programmablauf GYS 2025:&nbsp;<\/h2>\n\n\n\n<figure class=\"wp-block-table\"><table class=\"has-fixed-layout\"><tbody><tr><td><strong>Freitag, 30.Mai 2025<\/strong><\/td><td><strong>Ankunft<\/strong><\/td><\/tr><tr><td>16:00<\/td><td>Anmeldung<\/td><\/tr><tr><td>18:00 \u2013 19:30<\/td><td>Abendessen<\/td><\/tr><tr><td>19:30 \u2013 21:30<\/td><td>Abendprogramm &nbsp;<\/td><\/tr><tr><td>21:30 \u2013 23:00<strong><\/strong><\/td><td>Abh\u00e4ngzeit\/ Chillen<\/td><\/tr><tr><td><strong>Samstag, 31.Mai 2025<\/strong><\/td><td>&nbsp;<\/td><\/tr><tr><td>07:30 \u2013 09:00<\/td><td>Fr\u00fchst\u00fcck<\/td><\/tr><tr><td>09:00 \u2013 09:30<\/td><td>Morgenworship<\/td><\/tr><tr><td>09:30 \u2013 10:00<\/td><td>Huddle<\/td><\/tr><tr><td>10:15&nbsp;\u2013&nbsp;11:45<\/td><td>Lernworkshops<\/td><\/tr><tr><td>12:00 \u2013 14:30<\/td><td>Mittagessen und Abh\u00e4ngzeit<\/td><\/tr><tr><td>15:00 \u2013 17:45<\/td><td>Nachmittag-Action<\/td><\/tr><tr><td>18:00 \u2013 19:30<\/td><td>Abendessen&nbsp;<\/td><\/tr><tr><td>19:00 \u2013 21:30<\/td><td>Abendprogramm<\/td><\/tr><tr><td>21:30 \u2013 24:00<\/td><td>Abh\u00e4ngzeit\/ Chillen<\/td><\/tr><tr><td><strong>Sonntag, 1.Juni 2025<\/strong><\/td><td>&nbsp;<\/td><\/tr><tr><td>07:30 \u2013 09:30<\/td><td>Fr\u00fchst\u00fcck<\/td><\/tr><tr><td>09:30 \u2013 11:45<\/td><td>Internationaler Gottesdienst<\/td><\/tr><tr><td>12:00 \u2013 13:00<\/td><td>Mittagessen<\/td><\/tr><tr><td>&nbsp;<\/td><td><strong>Abfahrt<\/strong><\/td><\/tr><\/tbody><\/table><\/figure>\n\n\n\n<p><a href=\"https:\/\/mwc-cmm.org\/en\/global-youth-summit-2025-registration\/\"><strong>Anmeldung hier<\/strong><\/a><\/p>\n\n\n\n<p><\/p>\n","protected":false},"excerpt":{"rendered":"<p>Weltjugendgipfel (GYS): gemeinsam Gott feiern, kultur\u00fcbergreifend \u00fcber Glauben nachdenken, die lokale Kultur kennen lernen und durch Workshops und Liebe mehr Verst\u00e4ndnis bekommen.&nbsp;Vom 30 Mai bis 1 Juni 2025&nbsp;findet der f\u00fcnfte Weltjugendgipfel (GYS) der MWK in Deutschland statt, unter dem Thema:&nbsp;&#8222;Inspiriert durch Liebe&#8220;&nbsp;(1 Johannes 4,11). Eingeladen sind junge Menschen zwischen 18 und 30. Jugendgruppen mit einer [&hellip;]<\/p>\n","protected":false},"author":1,"featured_media":0,"parent":0,"menu_order":0,"comment_status":"closed","ping_status":"closed","template":"","meta":{"_acf_changed":false,"footnotes":""},"class_list":["post-98640","page","type-page","status-publish","hentry"],"acf":[],"yoast_head":"<!-- This site is optimized with the Yoast SEO plugin v27.2 - https:\/\/yoast.com\/product\/yoast-seo-wordpress\/ -->\n<title>Weltjugendgipfel 2025 - Mennonite World Conference<\/title>\n<meta name=\"robots\" content=\"index, follow, max-snippet:-1, max-image-preview:large, max-video-preview:-1\" \/>\n<link rel=\"canonical\" href=\"https:\/\/mwc-cmm.org\/de\/weltjugendgipfelt-2025\/\" \/>\n<meta property=\"og:locale\" content=\"de_DE\" \/>\n<meta property=\"og:type\" content=\"article\" \/>\n<meta property=\"og:title\" content=\"Weltjugendgipfel 2025 - Mennonite World Conference\" \/>\n<meta property=\"og:description\" content=\"Weltjugendgipfel (GYS): gemeinsam Gott feiern, kultur\u00fcbergreifend \u00fcber Glauben nachdenken, die lokale Kultur kennen lernen und durch Workshops und Liebe mehr Verst\u00e4ndnis bekommen.&nbsp;Vom 30 Mai bis 1 Juni 2025&nbsp;findet der f\u00fcnfte Weltjugendgipfel (GYS) der MWK in Deutschland statt, unter dem Thema:&nbsp;&#8222;Inspiriert durch Liebe&#8220;&nbsp;(1 Johannes 4,11). Eingeladen sind junge Menschen zwischen 18 und 30. Jugendgruppen mit einer [&hellip;]\" \/>\n<meta property=\"og:url\" content=\"https:\/\/mwc-cmm.org\/de\/weltjugendgipfelt-2025\/\" \/>\n<meta property=\"og:site_name\" content=\"Mennonite World Conference\" \/>\n<meta property=\"article:publisher\" content=\"https:\/\/www.facebook.com\/MennoniteWorldConference\" \/>\n<meta property=\"article:modified_time\" content=\"2025-02-18T12:30:48+00:00\" \/>\n<meta property=\"og:image\" content=\"https:\/\/mwc-cmm.org\/wp-content\/uploads\/2025\/02\/GYS-Poster-GR-rev-scaled.jpg\" \/>\n\t<meta property=\"og:image:width\" content=\"1810\" \/>\n\t<meta property=\"og:image:height\" content=\"2560\" \/>\n\t<meta property=\"og:image:type\" content=\"image\/jpeg\" \/>\n<script type=\"application\/ld+json\" class=\"yoast-schema-graph\">{\"@context\":\"https:\/\/schema.org\",\"@graph\":[{\"@type\":\"WebPage\",\"@id\":\"https:\/\/mwc-cmm.org\/de\/weltjugendgipfelt-2025\/\",\"url\":\"https:\/\/mwc-cmm.org\/de\/weltjugendgipfelt-2025\/\",\"name\":\"Weltjugendgipfel 2025 - Mennonite World Conference\",\"isPartOf\":{\"@id\":\"https:\/\/mwc-cmm.org\/en\/#website\"},\"primaryImageOfPage\":{\"@id\":\"https:\/\/mwc-cmm.org\/de\/weltjugendgipfelt-2025\/#primaryimage\"},\"image\":{\"@id\":\"https:\/\/mwc-cmm.org\/de\/weltjugendgipfelt-2025\/#primaryimage\"},\"thumbnailUrl\":\"https:\/\/mwc-cmm.org\/wp-content\/uploads\/2025\/02\/GYS-Poster-GR-rev-724x1024.jpg\",\"datePublished\":\"2024-07-25T00:00:00+00:00\",\"dateModified\":\"2025-02-18T12:30:48+00:00\",\"breadcrumb\":{\"@id\":\"https:\/\/mwc-cmm.org\/de\/weltjugendgipfelt-2025\/#breadcrumb\"},\"inLanguage\":\"de\",\"potentialAction\":[{\"@type\":\"ReadAction\",\"target\":[\"https:\/\/mwc-cmm.org\/de\/weltjugendgipfelt-2025\/\"]}]},{\"@type\":\"ImageObject\",\"inLanguage\":\"de\",\"@id\":\"https:\/\/mwc-cmm.org\/de\/weltjugendgipfelt-2025\/#primaryimage\",\"url\":\"https:\/\/mwc-cmm.org\/wp-content\/uploads\/2025\/02\/GYS-Poster-GR-rev-724x1024.jpg\",\"contentUrl\":\"https:\/\/mwc-cmm.org\/wp-content\/uploads\/2025\/02\/GYS-Poster-GR-rev-724x1024.jpg\"},{\"@type\":\"BreadcrumbList\",\"@id\":\"https:\/\/mwc-cmm.org\/de\/weltjugendgipfelt-2025\/#breadcrumb\",\"itemListElement\":[{\"@type\":\"ListItem\",\"position\":1,\"name\":\"Home\",\"item\":\"https:\/\/mwc-cmm.org\/de\/homepage\/\"},{\"@type\":\"ListItem\",\"position\":2,\"name\":\"Weltjugendgipfel 2025\"}]},{\"@type\":\"WebSite\",\"@id\":\"https:\/\/mwc-cmm.org\/en\/#website\",\"url\":\"https:\/\/mwc-cmm.org\/en\/\",\"name\":\"Mennonite World Conference\",\"description\":\"A communion of Anabaptist-related churches\",\"publisher\":{\"@id\":\"https:\/\/mwc-cmm.org\/en\/#organization\"},\"alternateName\":\"MWC\",\"potentialAction\":[{\"@type\":\"SearchAction\",\"target\":{\"@type\":\"EntryPoint\",\"urlTemplate\":\"https:\/\/mwc-cmm.org\/en\/?s={search_term_string}\"},\"query-input\":{\"@type\":\"PropertyValueSpecification\",\"valueRequired\":true,\"valueName\":\"search_term_string\"}}],\"inLanguage\":\"de\"},{\"@type\":\"Organization\",\"@id\":\"https:\/\/mwc-cmm.org\/en\/#organization\",\"name\":\"Mennonite World Conference\",\"alternateName\":\"MWC\",\"url\":\"https:\/\/mwc-cmm.org\/en\/\",\"logo\":{\"@type\":\"ImageObject\",\"inLanguage\":\"de\",\"@id\":\"https:\/\/mwc-cmm.org\/en\/#\/schema\/logo\/image\/\",\"url\":\"https:\/\/mwc-cmm.org\/wp-content\/uploads\/2026\/01\/MWC_Sig_Blue_Horiz_webheader1-logo.svg\",\"contentUrl\":\"https:\/\/mwc-cmm.org\/wp-content\/uploads\/2026\/01\/MWC_Sig_Blue_Horiz_webheader1-logo.svg\",\"width\":786,\"height\":82,\"caption\":\"Mennonite World Conference\"},\"image\":{\"@id\":\"https:\/\/mwc-cmm.org\/en\/#\/schema\/logo\/image\/\"},\"sameAs\":[\"https:\/\/www.facebook.com\/MennoniteWorldConference\",\"https:\/\/www.linkedin.com\/company\/mennonite-world-conference-mwc\/\",\"https:\/\/www.instagram.com\/mwcmm\/\",\"https:\/\/www.youtube.com\/user\/mwccmm\",\"https:\/\/bsky.app\/profile\/mwcmm.bsky.social\"]}]}<\/script>\n<!-- \/ Yoast SEO plugin. -->","yoast_head_json":{"title":"Weltjugendgipfel 2025 - Mennonite World Conference","robots":{"index":"index","follow":"follow","max-snippet":"max-snippet:-1","max-image-preview":"max-image-preview:large","max-video-preview":"max-video-preview:-1"},"canonical":"https:\/\/mwc-cmm.org\/de\/weltjugendgipfelt-2025\/","og_locale":"de_DE","og_type":"article","og_title":"Weltjugendgipfel 2025 - Mennonite World Conference","og_description":"Weltjugendgipfel (GYS): gemeinsam Gott feiern, kultur\u00fcbergreifend \u00fcber Glauben nachdenken, die lokale Kultur kennen lernen und durch Workshops und Liebe mehr Verst\u00e4ndnis bekommen.&nbsp;Vom 30 Mai bis 1 Juni 2025&nbsp;findet der f\u00fcnfte Weltjugendgipfel (GYS) der MWK in Deutschland statt, unter dem Thema:&nbsp;&#8222;Inspiriert durch Liebe&#8220;&nbsp;(1 Johannes 4,11). Eingeladen sind junge Menschen zwischen 18 und 30. Jugendgruppen mit einer [&hellip;]","og_url":"https:\/\/mwc-cmm.org\/de\/weltjugendgipfelt-2025\/","og_site_name":"Mennonite World Conference","article_publisher":"https:\/\/www.facebook.com\/MennoniteWorldConference","article_modified_time":"2025-02-18T12:30:48+00:00","og_image":[{"width":1810,"height":2560,"url":"https:\/\/mwc-cmm.org\/wp-content\/uploads\/2025\/02\/GYS-Poster-GR-rev-scaled.jpg","type":"image\/jpeg"}],"schema":{"@context":"https:\/\/schema.org","@graph":[{"@type":"WebPage","@id":"https:\/\/mwc-cmm.org\/de\/weltjugendgipfelt-2025\/","url":"https:\/\/mwc-cmm.org\/de\/weltjugendgipfelt-2025\/","name":"Weltjugendgipfel 2025 - Mennonite World Conference","isPartOf":{"@id":"https:\/\/mwc-cmm.org\/en\/#website"},"primaryImageOfPage":{"@id":"https:\/\/mwc-cmm.org\/de\/weltjugendgipfelt-2025\/#primaryimage"},"image":{"@id":"https:\/\/mwc-cmm.org\/de\/weltjugendgipfelt-2025\/#primaryimage"},"thumbnailUrl":"https:\/\/mwc-cmm.org\/wp-content\/uploads\/2025\/02\/GYS-Poster-GR-rev-724x1024.jpg","datePublished":"2024-07-25T00:00:00+00:00","dateModified":"2025-02-18T12:30:48+00:00","breadcrumb":{"@id":"https:\/\/mwc-cmm.org\/de\/weltjugendgipfelt-2025\/#breadcrumb"},"inLanguage":"de","potentialAction":[{"@type":"ReadAction","target":["https:\/\/mwc-cmm.org\/de\/weltjugendgipfelt-2025\/"]}]},{"@type":"ImageObject","inLanguage":"de","@id":"https:\/\/mwc-cmm.org\/de\/weltjugendgipfelt-2025\/#primaryimage","url":"https:\/\/mwc-cmm.org\/wp-content\/uploads\/2025\/02\/GYS-Poster-GR-rev-724x1024.jpg","contentUrl":"https:\/\/mwc-cmm.org\/wp-content\/uploads\/2025\/02\/GYS-Poster-GR-rev-724x1024.jpg"},{"@type":"BreadcrumbList","@id":"https:\/\/mwc-cmm.org\/de\/weltjugendgipfelt-2025\/#breadcrumb","itemListElement":[{"@type":"ListItem","position":1,"name":"Home","item":"https:\/\/mwc-cmm.org\/de\/homepage\/"},{"@type":"ListItem","position":2,"name":"Weltjugendgipfel 2025"}]},{"@type":"WebSite","@id":"https:\/\/mwc-cmm.org\/en\/#website","url":"https:\/\/mwc-cmm.org\/en\/","name":"Mennonite World Conference","description":"A communion of Anabaptist-related churches","publisher":{"@id":"https:\/\/mwc-cmm.org\/en\/#organization"},"alternateName":"MWC","potentialAction":[{"@type":"SearchAction","target":{"@type":"EntryPoint","urlTemplate":"https:\/\/mwc-cmm.org\/en\/?s={search_term_string}"},"query-input":{"@type":"PropertyValueSpecification","valueRequired":true,"valueName":"search_term_string"}}],"inLanguage":"de"},{"@type":"Organization","@id":"https:\/\/mwc-cmm.org\/en\/#organization","name":"Mennonite World Conference","alternateName":"MWC","url":"https:\/\/mwc-cmm.org\/en\/","logo":{"@type":"ImageObject","inLanguage":"de","@id":"https:\/\/mwc-cmm.org\/en\/#\/schema\/logo\/image\/","url":"https:\/\/mwc-cmm.org\/wp-content\/uploads\/2026\/01\/MWC_Sig_Blue_Horiz_webheader1-logo.svg","contentUrl":"https:\/\/mwc-cmm.org\/wp-content\/uploads\/2026\/01\/MWC_Sig_Blue_Horiz_webheader1-logo.svg","width":786,"height":82,"caption":"Mennonite World Conference"},"image":{"@id":"https:\/\/mwc-cmm.org\/en\/#\/schema\/logo\/image\/"},"sameAs":["https:\/\/www.facebook.com\/MennoniteWorldConference","https:\/\/www.linkedin.com\/company\/mennonite-world-conference-mwc\/","https:\/\/www.instagram.com\/mwcmm\/","https:\/\/www.youtube.com\/user\/mwccmm","https:\/\/bsky.app\/profile\/mwcmm.bsky.social"]}]}},"_links":{"self":[{"href":"https:\/\/mwc-cmm.org\/de\/wp-json\/wp\/v2\/pages\/98640","targetHints":{"allow":["GET"]}}],"collection":[{"href":"https:\/\/mwc-cmm.org\/de\/wp-json\/wp\/v2\/pages"}],"about":[{"href":"https:\/\/mwc-cmm.org\/de\/wp-json\/wp\/v2\/types\/page"}],"author":[{"embeddable":true,"href":"https:\/\/mwc-cmm.org\/de\/wp-json\/wp\/v2\/users\/1"}],"replies":[{"embeddable":true,"href":"https:\/\/mwc-cmm.org\/de\/wp-json\/wp\/v2\/comments?post=98640"}],"version-history":[{"count":0,"href":"https:\/\/mwc-cmm.org\/de\/wp-json\/wp\/v2\/pages\/98640\/revisions"}],"wp:attachment":[{"href":"https:\/\/mwc-cmm.org\/de\/wp-json\/wp\/v2\/media?parent=98640"}],"curies":[{"name":"wp","href":"https:\/\/api.w.org\/{rel}","templated":true}]}}